{"id":160,"date":"2024-01-04T09:41:19","date_gmt":"2024-01-04T08:41:19","guid":{"rendered":"https:\/\/skiandorra.ad\/?page_id=160"},"modified":"2024-05-30T17:56:25","modified_gmt":"2024-05-30T15:56:25","slug":"historia-de-les-estacions","status":"publish","type":"page","link":"https:\/\/skiandorra.ad\/ca\/historia-de-les-estacions\/","title":{"rendered":"Hist\u00f2ria de les estacions"},"content":{"rendered":"\t\t<div data-elementor-type=\"wp-page\" data-elementor-id=\"160\" class=\"elementor elementor-160\" data-elementor-post-type=\"page\">\n\t\t\t\t<div class=\"elementor-element elementor-element-5ba8a71a e-flex e-con-boxed e-con e-parent\" data-id=\"5ba8a71a\" data-element_type=\"container\" data-settings=\"{&quot;background_background&quot;:&quot;classic&quot;}\">\n\t\t\t\t\t<div class=\"e-con-inner\">\n\t\t\t\t\t<\/div>\n\t\t\t\t<\/div>\n\t\t<div class=\"elementor-element elementor-element-676e3056 e-con-full e-flex e-con e-parent\" data-id=\"676e3056\" data-element_type=\"container\">\n\t\t\t\t<div class=\"elementor-element elementor-element-2197cc57 elementor-widget elementor-widget-heading\" data-id=\"2197cc57\" data-element_type=\"widget\" data-widget_type=\"heading.default\">\n\t\t\t\t<div class=\"elementor-widget-container\">\n\t\t\t<style>\/*! elementor - v3.21.0 - 30-04-2024 *\/\n.elementor-heading-title{padding:0;margin:0;line-height:1}.elementor-widget-heading .elementor-heading-title[class*=elementor-size-]>a{color:inherit;font-size:inherit;line-height:inherit}.elementor-widget-heading .elementor-heading-title.elementor-size-small{font-size:15px}.elementor-widget-heading .elementor-heading-title.elementor-size-medium{font-size:19px}.elementor-widget-heading .elementor-heading-title.elementor-size-large{font-size:29px}.elementor-widget-heading .elementor-heading-title.elementor-size-xl{font-size:39px}.elementor-widget-heading .elementor-heading-title.elementor-size-xxl{font-size:59px}<\/style><h2 class=\"elementor-heading-title elementor-size-default\">Hist\u00f2ria de les estacions<\/h2>\t\t<\/div>\n\t\t\t\t<\/div>\n\t\t\t\t<div class=\"elementor-element elementor-element-2bffab8a elementor-widget elementor-widget-text-editor\" data-id=\"2bffab8a\" data-element_type=\"widget\" data-widget_type=\"text-editor.default\">\n\t\t\t\t<div class=\"elementor-widget-container\">\n\t\t\t<style>\/*! elementor - v3.21.0 - 30-04-2024 *\/\n.elementor-widget-text-editor.elementor-drop-cap-view-stacked .elementor-drop-cap{background-color:#69727d;color:#fff}.elementor-widget-text-editor.elementor-drop-cap-view-framed .elementor-drop-cap{color:#69727d;border:3px solid;background-color:transparent}.elementor-widget-text-editor:not(.elementor-drop-cap-view-default) .elementor-drop-cap{margin-top:8px}.elementor-widget-text-editor:not(.elementor-drop-cap-view-default) .elementor-drop-cap-letter{width:1em;height:1em}.elementor-widget-text-editor .elementor-drop-cap{float:left;text-align:center;line-height:1;font-size:50px}.elementor-widget-text-editor .elementor-drop-cap-letter{display:inline-block}<\/style>\t\t\t\t<p><strong style=\"font-weight: 600;\">El cam\u00ed de les estacions d&#8217;esqu\u00ed d&#8217;Andorra<\/strong><\/p>\t\t\t\t\t\t<\/div>\n\t\t\t\t<\/div>\n\t\t\t\t<div class=\"elementor-element elementor-element-af6bb9b elementor-widget elementor-widget-text-editor\" data-id=\"af6bb9b\" data-element_type=\"widget\" data-widget_type=\"text-editor.default\">\n\t\t\t\t<div class=\"elementor-widget-container\">\n\t\t\t\t\t\t\t<p>L\u20191 de desembre del 1957 amb l\u2019auda\u00e7 iniciativa de Francesc Viladomat inaugurant el primer teleesqu\u00ed al cim del Coll Blanc, situat al <span style=\"color: #76aee0;\">Pas de la Casa<\/span>. El teleesqu\u00ed donava acc\u00e9s a un recorregut de 2 quil\u00f2metres i 400 metres i un desnivell de 480 m, amb una capacitat de transport de 450 esquiadors \/hora.<\/p>\t\t\t\t\t\t<\/div>\n\t\t\t\t<\/div>\n\t\t\t\t<div class=\"elementor-element elementor-element-9e1e1fc elementor-widget elementor-widget-text-editor\" data-id=\"9e1e1fc\" data-element_type=\"widget\" data-widget_type=\"text-editor.default\">\n\t\t\t\t<div class=\"elementor-widget-container\">\n\t\t\t\t\t\t\t<p>L\u2019obertura regular del port d\u2019Envalira l\u2019any 1958 va facilitar les comunicacions, i el boom comercial dels anys seixanta van afavorir l\u2019arribada dels esquiadors.<\/p>\t\t\t\t\t\t<\/div>\n\t\t\t\t<\/div>\n\t\t\t\t<div class=\"elementor-element elementor-element-d0aa732 elementor-widget elementor-widget-text-editor\" data-id=\"d0aa732\" data-element_type=\"widget\" data-widget_type=\"text-editor.default\">\n\t\t\t\t<div class=\"elementor-widget-container\">\n\t\t\t\t\t\t\t<p>Durant els anys seg\u00fcents, les instal\u00b7lacions de Pas de la Casa s\u2019amplien cap a <span style=\"color: #76aee0;\">Grau Roig<\/span>, i a finals dels anys vuitanta s\u2019amplia a la zona de Montmal\u00fas i el pic del Cubil en direcci\u00f3 el cercle de Pessons, Enradort i la zona dels Cortals d\u2019Encamp amb la instal\u00b7laci\u00f3, el gener del 1999, d\u2019un Funitel promogut pel Com\u00fa d\u2019Encamp que enlla\u00e7a el poble d\u2019Encamp amb la zona Solanelles.<\/p>\t\t\t\t\t\t<\/div>\n\t\t\t\t<\/div>\n\t\t\t\t<div class=\"elementor-element elementor-element-144f628 elementor-widget elementor-widget-text-editor\" data-id=\"144f628\" data-element_type=\"widget\" data-widget_type=\"text-editor.default\">\n\t\t\t\t<div class=\"elementor-widget-container\">\n\t\t\t\t\t\t\t<p>Arran de l\u2019\u00e8xit d\u2019aquell visionari, d\u2019altres emprenedors segueixen camins similars en altres indrets del pa\u00eds.<\/p>\t\t\t\t\t\t<\/div>\n\t\t\t\t<\/div>\n\t\t\t\t<div class=\"elementor-element elementor-element-1ff3051 elementor-widget elementor-widget-text-editor\" data-id=\"1ff3051\" data-element_type=\"widget\" data-widget_type=\"text-editor.default\">\n\t\t\t\t<div class=\"elementor-widget-container\">\n\t\t\t\t\t\t\t<p>La segona estaci\u00f3 es va posar en funcionament el febrer de 1964, amb la iniciativa d\u2019incondicionals de l\u2019esqu\u00ed (Miquel Bar\u00f3, Josep Torrellardona i Mart\u00ed Salvans) amb la inauguraci\u00f3 del primer telecadira de 2 places del pa\u00eds que es va instal\u00b7lar al peu del poble de <span style=\"color: #76aee0;\">Soldeu<\/span>.<\/p>\t\t\t\t\t\t<\/div>\n\t\t\t\t<\/div>\n\t\t\t\t<div class=\"elementor-element elementor-element-4117181 elementor-widget elementor-widget-text-editor\" data-id=\"4117181\" data-element_type=\"widget\" data-widget_type=\"text-editor.default\">\n\t\t\t\t<div class=\"elementor-widget-container\">\n\t\t\t\t\t\t\t<p>Des de llavors, l\u2019estaci\u00f3 ha expandit constantment el seu domini amb l\u2019obertura del sector d\u2019El Tarter l\u2019any 1981 amb dos telecadires, un a Riba Escorxada i un altre que connectava amb el Pla d\u2019Espiolets. Quatre anys m\u00e9s tard, es va obrir el nou sector del Forn a Canillo.<\/p>\t\t\t\t\t\t<\/div>\n\t\t\t\t<\/div>\n\t\t\t\t<div class=\"elementor-element elementor-element-ef783aa elementor-widget elementor-widget-text-editor\" data-id=\"ef783aa\" data-element_type=\"widget\" data-widget_type=\"text-editor.default\">\n\t\t\t\t<div class=\"elementor-widget-container\">\n\t\t\t\t\t\t\t<p>Un dels moments m\u00e9s importants ha estat la fusi\u00f3 comercial i de m\u00e0rqueting de les societats explotadores de Pas de la Casa Grau Roig i Soldeu El Tarter creant l\u2019empresa NEVASA (Neus del Valira SA) i aix\u00ed neix, la temporada 2003\/2004 <span style=\"color: #76aee0;\">GRANDVALIRA<\/span>, un sol domini esquiable fruit d\u2019aquest acord.<\/p>\t\t\t\t\t\t<\/div>\n\t\t\t\t<\/div>\n\t\t\t\t<\/div>\n\t\t<div class=\"elementor-element elementor-element-6fd855b7 e-con-full e-flex e-con e-parent\" data-id=\"6fd855b7\" data-element_type=\"container\">\n\t\t<div class=\"elementor-element elementor-element-727a29a0 e-con-full Cuadro-fondo-titulos elementor-hidden-mobile e-flex e-con e-child\" data-id=\"727a29a0\" data-element_type=\"container\" data-settings=\"{&quot;background_background&quot;:&quot;classic&quot;}\">\n\t\t\t\t<\/div>\n\t\t<div class=\"elementor-element elementor-element-4579b47f e-con-full Cuadro-fondo-titulos e-flex e-con e-child\" data-id=\"4579b47f\" data-element_type=\"container\" data-settings=\"{&quot;background_background&quot;:&quot;classic&quot;}\">\n\t\t\t\t<\/div>\n\t\t\t\t<\/div>\n\t\t<div class=\"elementor-element elementor-element-4a17adc e-con-full e-flex e-con e-parent\" data-id=\"4a17adc\" data-element_type=\"container\">\n\t\t\t\t<div class=\"elementor-element elementor-element-6c4fd3a elementor-widget elementor-widget-text-editor\" data-id=\"6c4fd3a\" data-element_type=\"widget\" data-widget_type=\"text-editor.default\">\n\t\t\t\t<div class=\"elementor-widget-container\">\n\t\t\t\t\t\t\t<p>Per la seva banda, l\u2019any 2024 se celebra el 50\u00e8 aniversari d\u2019<span style=\"color: #76aee0;\">Arinsal<\/span>, la tercera estaci\u00f3 d\u2019esqu\u00ed que es va posar en marxa a Andorra. Durant el Nadal de 1972, Josep Serra va impulsar la primera estaci\u00f3 de neu a les valls del nord amb un telecadira inicial.<\/p>\t\t\t\t\t\t<\/div>\n\t\t\t\t<\/div>\n\t\t\t\t<div class=\"elementor-element elementor-element-c056aca elementor-widget elementor-widget-text-editor\" data-id=\"c056aca\" data-element_type=\"widget\" data-widget_type=\"text-editor.default\">\n\t\t\t\t<div class=\"elementor-widget-container\">\n\t\t\t\t\t\t\t<p>La temporada del 1982-1983 s\u2019inaugura l\u2019estaci\u00f3 de <span style=\"color: #76aee0;\">Pal<\/span>, la quarta estaci\u00f3 del pa\u00eds i la primera de car\u00e0cter p\u00fablic.<\/p>\t\t\t\t\t\t<\/div>\n\t\t\t\t<\/div>\n\t\t\t\t<div class=\"elementor-element elementor-element-1479b21 elementor-widget elementor-widget-text-editor\" data-id=\"1479b21\" data-element_type=\"widget\" data-widget_type=\"text-editor.default\">\n\t\t\t\t<div class=\"elementor-widget-container\">\n\t\t\t\t\t\t\t<p>Un dels moments m\u00e9s rellevants va ser l\u2019any 1992, quan el Com\u00fa de la Massana es va fer c\u00e0rrec de la gesti\u00f3 d\u2019Arinsal, donant lloc a la creaci\u00f3 de l\u2019estaci\u00f3 de Pal Arinsal.<\/p>\t\t\t\t\t\t<\/div>\n\t\t\t\t<\/div>\n\t\t\t\t<div class=\"elementor-element elementor-element-cb9818e elementor-widget elementor-widget-text-editor\" data-id=\"cb9818e\" data-element_type=\"widget\" data-widget_type=\"text-editor.default\">\n\t\t\t\t<div class=\"elementor-widget-container\">\n\t\t\t\t\t\t\t<p>Aquesta integraci\u00f3 va permetre l\u2019expansi\u00f3 del domini esquiable. L\u2019any 2001 va ser un altre punt d\u2019inflexi\u00f3 important per a l\u2019estaci\u00f3, amb la instal\u00b7laci\u00f3 del telef\u00e8ric que uneix els dos sectors.<\/p>\t\t\t\t\t\t<\/div>\n\t\t\t\t<\/div>\n\t\t\t\t<div class=\"elementor-element elementor-element-8778e18 elementor-widget elementor-widget-text-editor\" data-id=\"8778e18\" data-element_type=\"widget\" data-widget_type=\"text-editor.default\">\n\t\t\t\t<div class=\"elementor-widget-container\">\n\t\t\t\t\t\t\tD\u2019altra banda, el 2024 es celebra el 40\u00e8 aniversari des que la parr\u00f2quia d\u2019Ordino pos\u00e9s en marxa <span style=\"color: #76aee0;\">Ordino-Arcal\u00eds<\/span>, la cinquena estaci\u00f3 de car\u00e0cter p\u00fablic del pa\u00eds. La seva inauguraci\u00f3 va tenir lloc la Setmana Santa del 1983, amb 3 teleesqu\u00eds i un telecadira, operant a la seva capacitat completa la temporada seg\u00fcent amb 6 pistes.\t\t\t\t\t\t<\/div>\n\t\t\t\t<\/div>\n\t\t\t\t<div class=\"elementor-element elementor-element-9116369 elementor-widget elementor-widget-text-editor\" data-id=\"9116369\" data-element_type=\"widget\" data-widget_type=\"text-editor.default\">\n\t\t\t\t<div class=\"elementor-widget-container\">\n\t\t\t\t\t\t\t<p>L\u2019any 2018, SAETDE firma un contracte amb el Com\u00fa d\u2019Ordino i esdev\u00e9 accionista majoritari per l\u2019explotaci\u00f3 de l\u2019estaci\u00f3 per 50 anys. Aquell mateix any Ordino Arcal\u00eds s\u2019integra a NEVASA, per la comercialitzaci\u00f3 i promoci\u00f3 de l\u2019estaci\u00f3.<\/p>\t\t\t\t\t\t<\/div>\n\t\t\t\t<\/div>\n\t\t\t\t<div class=\"elementor-element elementor-element-1abe2e0 elementor-widget elementor-widget-text-editor\" data-id=\"1abe2e0\" data-element_type=\"widget\" data-widget_type=\"text-editor.default\">\n\t\t\t\t<div class=\"elementor-widget-container\">\n\t\t\t\t\t\t\t<p>Tres anys m\u00e9s tard, es constitueix SETAP365, un nou h\u00f2lding empresarial que integra les societats que gestionen Pal \u2013 Arinsal i Soldeu El Tarter, amb la participaci\u00f3 dels comuns de Canillo i la Massana, juntament amb Cr\u00e8dit Andorr\u00e0, per tal de guanyar en capacitat d\u2019inversi\u00f3 i cohesi\u00f3 d\u2019un model de negoci.<\/p>\t\t\t\t\t\t<\/div>\n\t\t\t\t<\/div>\n\t\t\t\t<div class=\"elementor-element elementor-element-26cfb0d elementor-widget elementor-widget-text-editor\" data-id=\"26cfb0d\" data-element_type=\"widget\" data-widget_type=\"text-editor.default\">\n\t\t\t\t<div class=\"elementor-widget-container\">\n\t\t\t\t\t\t\tFinalment, Pal Arinsal s\u2019integra a NEVASA la temporada 2021\/2022 i des d\u2019aleshores, totes les estacions d\u2019esqu\u00ed es comercialitzen i es promocionen conjuntament sota la marca de <span style=\"color: #76aee0;\">GRANDVALIRA RESORTS<\/span> que engloba a les 3 estacions d\u2019esqu\u00ed del pa\u00eds (Grandvalira, Pal Arinsal i Ordino Arcal\u00eds).\t\t\t\t\t\t<\/div>\n\t\t\t\t<\/div>\n\t\t\t\t<\/div>\n\t\t<div class=\"elementor-element elementor-element-2da008d e-con-full e-flex e-con e-parent\" data-id=\"2da008d\" data-element_type=\"container\">\n\t\t<div class=\"elementor-element elementor-element-92842ca e-con-full Cuadro-fondo-titulos e-flex e-con e-child\" data-id=\"92842ca\" data-element_type=\"container\" data-settings=\"{&quot;background_background&quot;:&quot;classic&quot;}\">\n\t\t\t\t<\/div>\n\t\t<div class=\"elementor-element elementor-element-cf0bcb5 e-con-full Cuadro-fondo-titulos elementor-hidden-mobile e-flex e-con e-child\" data-id=\"cf0bcb5\" data-element_type=\"container\" data-settings=\"{&quot;background_background&quot;:&quot;classic&quot;}\">\n\t\t\t\t<\/div>\n\t\t\t\t<\/div>\n\t\t<div class=\"elementor-element elementor-element-1107cc6e e-con-full e-flex e-con e-parent\" data-id=\"1107cc6e\" data-element_type=\"container\">\n\t\t\t\t<div class=\"elementor-element elementor-element-48f06762 elementor-widget elementor-widget-text-editor\" data-id=\"48f06762\" data-element_type=\"widget\" data-widget_type=\"text-editor.default\">\n\t\t\t\t<div class=\"elementor-widget-container\">\n\t\t\t\t\t\t\t<p>Amb esfor\u00e7, treball i il\u00b7lusi\u00f3, Andorra s\u2019ha convertit en un dest\u00ed predilecte per als amants de l\u2019esqu\u00ed i els esports d\u2019hivern. Les seves estacions d\u2019esqu\u00ed ofereixen una \u00e0mplia varietat de pistes i serveis per a tots els nivells i gustos.<\/p>\t\t\t\t\t\t<\/div>\n\t\t\t\t<\/div>\n\t\t\t\t<div class=\"elementor-element elementor-element-4d8bfb9 elementor-widget elementor-widget-text-editor\" data-id=\"4d8bfb9\" data-element_type=\"widget\" data-widget_type=\"text-editor.default\">\n\t\t\t\t<div class=\"elementor-widget-container\">\n\t\t\t\t\t\t\tL\u2019evoluci\u00f3 ha estat exemplar, ja que Andorra ofereix 3 estacions d\u2019esqu\u00ed amb 308 km esquiables, 217 pistes per a tots els nivells i 123 remuntadors en un \u00fanic forfet.\t\t\t\t\t\t<\/div>\n\t\t\t\t<\/div>\n\t\t\t\t<div class=\"elementor-element elementor-element-e503496 elementor-widget elementor-widget-text-editor\" data-id=\"e503496\" data-element_type=\"widget\" data-widget_type=\"text-editor.default\">\n\t\t\t\t<div class=\"elementor-widget-container\">\n\t\t\t\t\t\t\tD\u2019aquesta manera, Andorra ha aconseguit consolidar-se com una destinaci\u00f3 l\u00edder en l\u2019\u00e0mbit del turisme hivernal. El seu llegat perdura fins avui i continua atraient visitants de tot el m\u00f3n, que busquen gaudir de les impressionants muntanyes nevades i dels seus paisatges privilegiats.\t\t\t\t\t\t<\/div>\n\t\t\t\t<\/div>\n\t\t\t\t<\/div>\n\t\t\t\t<\/div>\n\t\t","protected":false},"excerpt":{"rendered":"<p>Hist\u00f2ria de les estacions El cam\u00ed de les estacions d&#8217;esqu\u00ed d&#8217;Andorra L\u20191 de desembre del 1957 amb l\u2019auda\u00e7 iniciativa de Francesc Viladomat inaugurant el primer teleesqu\u00ed al cim del Coll Blanc, situat al Pas de la Casa. El teleesqu\u00ed donava acc\u00e9s a un recorregut de 2 quil\u00f2metres i 400 metres i un desnivell de 480 [&hellip;]<\/p>\n","protected":false},"author":1,"featured_media":0,"parent":0,"menu_order":0,"comment_status":"closed","ping_status":"closed","template":"","meta":{"inline_featured_image":false,"footnotes":""},"class_list":["post-160","page","type-page","status-publish","hentry"],"_links":{"self":[{"href":"https:\/\/skiandorra.ad\/ca\/wp-json\/wp\/v2\/pages\/160","targetHints":{"allow":["GET"]}}],"collection":[{"href":"https:\/\/skiandorra.ad\/ca\/wp-json\/wp\/v2\/pages"}],"about":[{"href":"https:\/\/skiandorra.ad\/ca\/wp-json\/wp\/v2\/types\/page"}],"author":[{"embeddable":true,"href":"https:\/\/skiandorra.ad\/ca\/wp-json\/wp\/v2\/users\/1"}],"replies":[{"embeddable":true,"href":"https:\/\/skiandorra.ad\/ca\/wp-json\/wp\/v2\/comments?post=160"}],"version-history":[{"count":80,"href":"https:\/\/skiandorra.ad\/ca\/wp-json\/wp\/v2\/pages\/160\/revisions"}],"predecessor-version":[{"id":4897,"href":"https:\/\/skiandorra.ad\/ca\/wp-json\/wp\/v2\/pages\/160\/revisions\/4897"}],"wp:attachment":[{"href":"https:\/\/skiandorra.ad\/ca\/wp-json\/wp\/v2\/media?parent=160"}],"curies":[{"name":"wp","href":"https:\/\/api.w.org\/{rel}","templated":true}]}}