{"id":175,"date":"2024-01-04T10:10:38","date_gmt":"2024-01-04T09:10:38","guid":{"rendered":"https:\/\/skiandorra.ad\/?page_id=175"},"modified":"2024-06-17T14:51:30","modified_gmt":"2024-06-17T12:51:30","slug":"andorra","status":"publish","type":"page","link":"https:\/\/skiandorra.ad\/ca\/andorra\/","title":{"rendered":"Andorra"},"content":{"rendered":"\t\t<div data-elementor-type=\"wp-page\" data-elementor-id=\"175\" class=\"elementor elementor-175\" data-elementor-post-type=\"page\">\n\t\t\t\t<div class=\"elementor-element elementor-element-38a2a7ab e-flex e-con-boxed e-con e-parent\" data-id=\"38a2a7ab\" data-element_type=\"container\" data-settings=\"{&quot;background_background&quot;:&quot;classic&quot;}\">\n\t\t\t\t\t<div class=\"e-con-inner\">\n\t\t\t\t\t<\/div>\n\t\t\t\t<\/div>\n\t\t<div class=\"elementor-element elementor-element-133684da e-con-full e-flex e-con e-parent\" data-id=\"133684da\" data-element_type=\"container\">\n\t\t\t\t<div class=\"elementor-element elementor-element-6f100fce elementor-widget elementor-widget-heading\" data-id=\"6f100fce\" data-element_type=\"widget\" data-widget_type=\"heading.default\">\n\t\t\t\t<div class=\"elementor-widget-container\">\n\t\t\t<style>\/*! elementor - v3.21.0 - 30-04-2024 *\/\n.elementor-heading-title{padding:0;margin:0;line-height:1}.elementor-widget-heading .elementor-heading-title[class*=elementor-size-]>a{color:inherit;font-size:inherit;line-height:inherit}.elementor-widget-heading .elementor-heading-title.elementor-size-small{font-size:15px}.elementor-widget-heading .elementor-heading-title.elementor-size-medium{font-size:19px}.elementor-widget-heading .elementor-heading-title.elementor-size-large{font-size:29px}.elementor-widget-heading .elementor-heading-title.elementor-size-xl{font-size:39px}.elementor-widget-heading .elementor-heading-title.elementor-size-xxl{font-size:59px}<\/style><h2 class=\"elementor-heading-title elementor-size-default\">Andorra<\/h2>\t\t<\/div>\n\t\t\t\t<\/div>\n\t\t\t\t<div class=\"elementor-element elementor-element-715b95a elementor-widget elementor-widget-text-editor\" data-id=\"715b95a\" data-element_type=\"widget\" data-widget_type=\"text-editor.default\">\n\t\t\t\t<div class=\"elementor-widget-container\">\n\t\t\t<style>\/*! elementor - v3.21.0 - 30-04-2024 *\/\n.elementor-widget-text-editor.elementor-drop-cap-view-stacked .elementor-drop-cap{background-color:#69727d;color:#fff}.elementor-widget-text-editor.elementor-drop-cap-view-framed .elementor-drop-cap{color:#69727d;border:3px solid;background-color:transparent}.elementor-widget-text-editor:not(.elementor-drop-cap-view-default) .elementor-drop-cap{margin-top:8px}.elementor-widget-text-editor:not(.elementor-drop-cap-view-default) .elementor-drop-cap-letter{width:1em;height:1em}.elementor-widget-text-editor .elementor-drop-cap{float:left;text-align:center;line-height:1;font-size:50px}.elementor-widget-text-editor .elementor-drop-cap-letter{display:inline-block}<\/style>\t\t\t\t<p><strong style=\"font-weight: 600;\">Andorra, el dest\u00ed perfecte per als amants e l&#8217;esqu\u00ed.<\/strong><\/p><p>Situat als Pirineus, aquest petit pa\u00eds ofereix un entorn natural impressionant, amb muntanyes majestuoses i neu de qualitat. Les estacions d&#8217;esqu\u00ed d&#8217;Andorra s\u00f3n conegudes per oferir una gran varietat de pistes adaptades a diferents nivells d&#8217;experi\u00e8ncia: tant si ets un principiant que vol aprendre a esquiar, com si ets un esquiador experimentat a la recerca de desafiaments, hi trobar\u00e0s el teu lloc!<\/p>\t\t\t\t\t\t<\/div>\n\t\t\t\t<\/div>\n\t\t\t\t<div class=\"elementor-element elementor-element-aa7d4d8 elementor-widget elementor-widget-text-editor\" data-id=\"aa7d4d8\" data-element_type=\"widget\" data-widget_type=\"text-editor.default\">\n\t\t\t\t<div class=\"elementor-widget-container\">\n\t\t\t\t\t\t\t<p>Andorra tamb\u00e9 ofereix diverses atraccions i serveis de qualitat per poder complementar la teva experi\u00e8ncia. Podr\u00e0s experimentar l&#8217;apr\u00e8s-ski a peu de pista, aix\u00ed com gaudir d&#8217;una gran oferta d&#8217;activitats, com ara atraccions tur\u00edstiques i culturals, comer\u00e7 i una gastronomia d&#8217;alt nivell. Tamb\u00e9 tens l&#8217;opci\u00f3 de relaxar-te despr\u00e9s d&#8217;un dia intens d&#8217;esqu\u00ed. Un altre gran avantatge d&#8217;esquiar a Andorra \u00e9s la seva ubicaci\u00f3 central a Europa, ja que \u00e9s accessible des de diverses ciutats importants i aeroports, facilitant el teu viatge.<\/p>\t\t\t\t\t\t<\/div>\n\t\t\t\t<\/div>\n\t\t\t\t<div class=\"elementor-element elementor-element-dcf3247 elementor-widget elementor-widget-text-editor\" data-id=\"dcf3247\" data-element_type=\"widget\" data-widget_type=\"text-editor.default\">\n\t\t\t\t<div class=\"elementor-widget-container\">\n\t\t\t\t\t\t\t<p>Per a m\u00e9s informaci\u00f3: <a style=\"color: #76aee1;\" href=\"https:\/\/visitandorra.com\/ca\/\" target=\"\u201d_blank\u201d\">www.visitandorra.com<\/a><\/p>\t\t\t\t\t\t<\/div>\n\t\t\t\t<\/div>\n\t\t\t\t<\/div>\n\t\t<div class=\"elementor-element elementor-element-4659f1da e-con-full e-flex e-con e-parent\" data-id=\"4659f1da\" data-element_type=\"container\">\n\t\t<div class=\"elementor-element elementor-element-6b994da2 e-con-full Cuadro-fondo-titulos elementor-hidden-mobile e-flex e-con e-child\" data-id=\"6b994da2\" data-element_type=\"container\" data-settings=\"{&quot;background_background&quot;:&quot;classic&quot;}\">\n\t\t\t\t<\/div>\n\t\t<div class=\"elementor-element elementor-element-7dddd2df e-con-full Cuadro-fondo-titulos e-flex e-con e-child\" data-id=\"7dddd2df\" data-element_type=\"container\" data-settings=\"{&quot;background_background&quot;:&quot;classic&quot;}\">\n\t\t\t\t<\/div>\n\t\t\t\t<\/div>\n\t\t<div class=\"elementor-element elementor-element-33d747a e-flex e-con-boxed e-con e-parent\" data-id=\"33d747a\" data-element_type=\"container\">\n\t\t\t\t\t<div class=\"e-con-inner\">\n\t\t\t\t<div class=\"elementor-element elementor-element-4e34de6 elementor-widget elementor-widget-spacer\" data-id=\"4e34de6\" data-element_type=\"widget\" data-widget_type=\"spacer.default\">\n\t\t\t\t<div class=\"elementor-widget-container\">\n\t\t\t<style>\/*! elementor - v3.21.0 - 30-04-2024 *\/\n.elementor-column .elementor-spacer-inner{height:var(--spacer-size)}.e-con{--container-widget-width:100%}.e-con-inner>.elementor-widget-spacer,.e-con>.elementor-widget-spacer{width:var(--container-widget-width,var(--spacer-size));--align-self:var(--container-widget-align-self,initial);--flex-shrink:0}.e-con-inner>.elementor-widget-spacer>.elementor-widget-container,.e-con>.elementor-widget-spacer>.elementor-widget-container{height:100%;width:100%}.e-con-inner>.elementor-widget-spacer>.elementor-widget-container>.elementor-spacer,.e-con>.elementor-widget-spacer>.elementor-widget-container>.elementor-spacer{height:100%}.e-con-inner>.elementor-widget-spacer>.elementor-widget-container>.elementor-spacer>.elementor-spacer-inner,.e-con>.elementor-widget-spacer>.elementor-widget-container>.elementor-spacer>.elementor-spacer-inner{height:var(--container-widget-height,var(--spacer-size))}.e-con-inner>.elementor-widget-spacer.elementor-widget-empty,.e-con>.elementor-widget-spacer.elementor-widget-empty{position:relative;min-height:22px;min-width:22px}.e-con-inner>.elementor-widget-spacer.elementor-widget-empty .elementor-widget-empty-icon,.e-con>.elementor-widget-spacer.elementor-widget-empty .elementor-widget-empty-icon{position:absolute;top:0;bottom:0;left:0;right:0;margin:auto;padding:0;width:22px;height:22px}<\/style>\t\t<div class=\"elementor-spacer\">\n\t\t\t<div class=\"elementor-spacer-inner\"><\/div>\n\t\t<\/div>\n\t\t\t\t<\/div>\n\t\t\t\t<\/div>\n\t\t\t\t\t<\/div>\n\t\t\t\t<\/div>\n\t\t\t\t<\/div>\n\t\t","protected":false},"excerpt":{"rendered":"<p>Andorra Andorra, el dest\u00ed perfecte per als amants e l&#8217;esqu\u00ed. Situat als Pirineus, aquest petit pa\u00eds ofereix un entorn natural impressionant, amb muntanyes majestuoses i neu de qualitat. Les estacions d&#8217;esqu\u00ed d&#8217;Andorra s\u00f3n conegudes per oferir una gran varietat de pistes adaptades a diferents nivells d&#8217;experi\u00e8ncia: tant si ets un principiant que vol aprendre a [&hellip;]<\/p>\n","protected":false},"author":1,"featured_media":0,"parent":0,"menu_order":0,"comment_status":"closed","ping_status":"closed","template":"","meta":{"inline_featured_image":false,"footnotes":""},"class_list":["post-175","page","type-page","status-publish","hentry"],"_links":{"self":[{"href":"https:\/\/skiandorra.ad\/ca\/wp-json\/wp\/v2\/pages\/175","targetHints":{"allow":["GET"]}}],"collection":[{"href":"https:\/\/skiandorra.ad\/ca\/wp-json\/wp\/v2\/pages"}],"about":[{"href":"https:\/\/skiandorra.ad\/ca\/wp-json\/wp\/v2\/types\/page"}],"author":[{"embeddable":true,"href":"https:\/\/skiandorra.ad\/ca\/wp-json\/wp\/v2\/users\/1"}],"replies":[{"embeddable":true,"href":"https:\/\/skiandorra.ad\/ca\/wp-json\/wp\/v2\/comments?post=175"}],"version-history":[{"count":47,"href":"https:\/\/skiandorra.ad\/ca\/wp-json\/wp\/v2\/pages\/175\/revisions"}],"predecessor-version":[{"id":4160,"href":"https:\/\/skiandorra.ad\/ca\/wp-json\/wp\/v2\/pages\/175\/revisions\/4160"}],"wp:attachment":[{"href":"https:\/\/skiandorra.ad\/ca\/wp-json\/wp\/v2\/media?parent=175"}],"curies":[{"name":"wp","href":"https:\/\/api.w.org\/{rel}","templated":true}]}}