{"id":251,"date":"2024-01-04T12:47:46","date_gmt":"2024-01-04T11:47:46","guid":{"rendered":"https:\/\/skiandorra.ad\/?page_id=251"},"modified":"2026-01-16T09:27:39","modified_gmt":"2026-01-16T08:27:39","slug":"pal-arinsal","status":"publish","type":"page","link":"https:\/\/skiandorra.ad\/ca\/pal-arinsal\/","title":{"rendered":"Pal Arinsal"},"content":{"rendered":"\t\t<div data-elementor-type=\"wp-page\" data-elementor-id=\"251\" class=\"elementor elementor-251\" data-elementor-post-type=\"page\">\n\t\t\t\t<div class=\"elementor-element elementor-element-31cb9b6 e-con-full e-flex e-con e-parent\" data-id=\"31cb9b6\" data-element_type=\"container\" data-settings=\"{&quot;background_background&quot;:&quot;classic&quot;}\">\n\t\t\t\t<div class=\"elementor-element elementor-element-f0d2fc6 elementor-skin-carousel elementor-arrows-yes elementor-widget elementor-widget-media-carousel\" data-id=\"f0d2fc6\" data-element_type=\"widget\" data-settings=\"{&quot;slides_per_view&quot;:&quot;1&quot;,&quot;skin&quot;:&quot;carousel&quot;,&quot;effect&quot;:&quot;slide&quot;,&quot;show_arrows&quot;:&quot;yes&quot;,&quot;speed&quot;:500,&quot;autoplay&quot;:&quot;yes&quot;,&quot;autoplay_speed&quot;:5000,&quot;loop&quot;:&quot;yes&quot;,&quot;space_between&quot;:{&quot;unit&quot;:&quot;px&quot;,&quot;size&quot;:10,&quot;sizes&quot;:[]},&quot;space_between_tablet&quot;:{&quot;unit&quot;:&quot;px&quot;,&quot;size&quot;:10,&quot;sizes&quot;:[]},&quot;space_between_mobile&quot;:{&quot;unit&quot;:&quot;px&quot;,&quot;size&quot;:10,&quot;sizes&quot;:[]}}\" data-widget_type=\"media-carousel.default\">\n\t\t\t\t<div class=\"elementor-widget-container\">\n\t\t\t<link rel=\"stylesheet\" href=\"https:\/\/skiandorra.ad\/wp-content\/plugins\/elementor-pro\/assets\/css\/widget-carousel.min.css\">\t\t<div class=\"elementor-swiper\">\n\t\t\t<div class=\"elementor-main-swiper swiper\">\n\t\t\t\t<div class=\"swiper-wrapper\">\n\t\t\t\t\t\t\t\t\t\t\t<div class=\"swiper-slide\">\n\t\t\t\t\t\t\t\t\t<div class=\"elementor-carousel-image\" role=\"img\" aria-label=\"PAL ARINSAL 2\" style=\"background-image: url(&#039;https:\/\/skiandorra.ad\/wp-content\/uploads\/2024\/04\/PAL-ARINSAL-2.jpg&#039;)\">\n\n\t\t\t\n\t\t\t\t\t<\/div>\n\t\t\t\t\t\t\t\t<\/div>\n\t\t\t\t\t\t\t\t\t\t\t<div class=\"swiper-slide\">\n\t\t\t\t\t\t\t\t\t<div class=\"elementor-carousel-image\" role=\"img\" aria-label=\"default\" style=\"background-image: url(&#039;https:\/\/skiandorra.ad\/wp-content\/uploads\/2026\/01\/2a-foto-de-portada--scaled.jpg&#039;)\">\n\n\t\t\t\n\t\t\t\t\t<\/div>\n\t\t\t\t\t\t\t\t<\/div>\n\t\t\t\t\t\t\t\t\t<\/div>\n\t\t\t\t\t\t\t\t\t\t\t\t\t\t\t\t\t\t\t\t<div class=\"elementor-swiper-button elementor-swiper-button-prev\" role=\"button\" tabindex=\"0\">\n\t\t\t\t\t\t\t<i aria-hidden=\"true\" class=\"eicon-chevron-left\"><\/i>\t\t\t\t\t\t\t<span class=\"elementor-screen-only\">Previous<\/span>\n\t\t\t\t\t\t<\/div>\n\t\t\t\t\t\t<div class=\"elementor-swiper-button elementor-swiper-button-next\" role=\"button\" tabindex=\"0\">\n\t\t\t\t\t\t\t<i aria-hidden=\"true\" class=\"eicon-chevron-right\"><\/i>\t\t\t\t\t\t\t<span class=\"elementor-screen-only\">Next<\/span>\n\t\t\t\t\t\t<\/div>\n\t\t\t\t\t\t\t\t\t\t\t\t<\/div>\n\t\t<\/div>\n\t\t\t\t<\/div>\n\t\t\t\t<\/div>\n\t\t\t\t<\/div>\n\t\t<div class=\"elementor-element elementor-element-1fc481af e-con-full e-flex e-con e-parent\" data-id=\"1fc481af\" data-element_type=\"container\">\n\t\t\t\t<div class=\"elementor-element elementor-element-31d4c9d7 elementor-widget elementor-widget-image\" data-id=\"31d4c9d7\" data-element_type=\"widget\" data-widget_type=\"image.default\">\n\t\t\t\t<div class=\"elementor-widget-container\">\n\t\t\t<style>\/*! elementor - v3.21.0 - 30-04-2024 *\/\n.elementor-widget-image{text-align:center}.elementor-widget-image a{display:inline-block}.elementor-widget-image a img[src$=\".svg\"]{width:48px}.elementor-widget-image img{vertical-align:middle;display:inline-block}<\/style>\t\t\t\t\t\t\t\t\t\t\t<a href=\"https:\/\/palarinsal.com\/ca\" target=\"_blank\">\n\t\t\t\t\t\t\t<img fetchpriority=\"high\" decoding=\"async\" width=\"8001\" height=\"4501\" src=\"https:\/\/skiandorra.ad\/wp-content\/uploads\/2024\/01\/LOGO-PAL-ARINSAL-HORITZONTAL.png\" class=\"attachment-full size-full wp-image-119\" alt=\"\" srcset=\"https:\/\/skiandorra.ad\/wp-content\/uploads\/2024\/01\/LOGO-PAL-ARINSAL-HORITZONTAL.png 8001w, https:\/\/skiandorra.ad\/wp-content\/uploads\/2024\/01\/LOGO-PAL-ARINSAL-HORITZONTAL-300x169.png 300w, https:\/\/skiandorra.ad\/wp-content\/uploads\/2024\/01\/LOGO-PAL-ARINSAL-HORITZONTAL-1024x576.png 1024w, https:\/\/skiandorra.ad\/wp-content\/uploads\/2024\/01\/LOGO-PAL-ARINSAL-HORITZONTAL-768x432.png 768w, https:\/\/skiandorra.ad\/wp-content\/uploads\/2024\/01\/LOGO-PAL-ARINSAL-HORITZONTAL-1536x864.png 1536w, https:\/\/skiandorra.ad\/wp-content\/uploads\/2024\/01\/LOGO-PAL-ARINSAL-HORITZONTAL-2048x1152.png 2048w\" sizes=\"(max-width: 8001px) 100vw, 8001px\" \/>\t\t\t\t\t\t\t\t<\/a>\n\t\t\t\t\t\t\t\t\t\t\t\t\t<\/div>\n\t\t\t\t<\/div>\n\t\t\t\t<div class=\"elementor-element elementor-element-a418452 elementor-widget elementor-widget-heading\" data-id=\"a418452\" data-element_type=\"widget\" data-widget_type=\"heading.default\">\n\t\t\t\t<div class=\"elementor-widget-container\">\n\t\t\t<style>\/*! elementor - v3.21.0 - 30-04-2024 *\/\n.elementor-heading-title{padding:0;margin:0;line-height:1}.elementor-widget-heading .elementor-heading-title[class*=elementor-size-]>a{color:inherit;font-size:inherit;line-height:inherit}.elementor-widget-heading .elementor-heading-title.elementor-size-small{font-size:15px}.elementor-widget-heading .elementor-heading-title.elementor-size-medium{font-size:19px}.elementor-widget-heading .elementor-heading-title.elementor-size-large{font-size:29px}.elementor-widget-heading .elementor-heading-title.elementor-size-xl{font-size:39px}.elementor-widget-heading .elementor-heading-title.elementor-size-xxl{font-size:59px}<\/style><h2 class=\"elementor-heading-title elementor-size-default\">A L'HIVERN:<\/h2>\t\t<\/div>\n\t\t\t\t<\/div>\n\t\t\t\t<div class=\"elementor-element elementor-element-7b02f0a9 elementor-widget elementor-widget-text-editor\" data-id=\"7b02f0a9\" data-element_type=\"widget\" data-widget_type=\"text-editor.default\">\n\t\t\t\t<div class=\"elementor-widget-container\">\n\t\t\t<style>\/*! elementor - v3.21.0 - 30-04-2024 *\/\n.elementor-widget-text-editor.elementor-drop-cap-view-stacked .elementor-drop-cap{background-color:#69727d;color:#fff}.elementor-widget-text-editor.elementor-drop-cap-view-framed .elementor-drop-cap{color:#69727d;border:3px solid;background-color:transparent}.elementor-widget-text-editor:not(.elementor-drop-cap-view-default) .elementor-drop-cap{margin-top:8px}.elementor-widget-text-editor:not(.elementor-drop-cap-view-default) .elementor-drop-cap-letter{width:1em;height:1em}.elementor-widget-text-editor .elementor-drop-cap{float:left;text-align:center;line-height:1;font-size:50px}.elementor-widget-text-editor .elementor-drop-cap-letter{display:inline-block}<\/style>\t\t\t\t<p>Pal Arinsal \u00e9s una estaci\u00f3 d\u2019esqu\u00ed i muntanya situada a la Massana, oberta 10 mesos l\u2019any. L\u2019estaci\u00f3 est\u00e0 formada per dos sectors: Pal i Arinsal. Es troba a tan sols 6 km del centre del pa\u00eds i t\u00e9 un acc\u00e9s molt f\u00e0cil, des del centre del poble de la Massana, amb un telecabina fins al sector de Pal.<\/p><p>A l\u2019hivern, m\u00e9s de 63 km de pistes donen acc\u00e9s a 48 pistes trepitjades entre les cotes 1.550 m i els 2.560 m per a tots els nivells. L\u2019estaci\u00f3 compta amb 26 remuntadors entre els dos sectors.<\/p><p>L\u2019estaci\u00f3 destaca tamb\u00e9 pel seu comprom\u00eds amb la sostenibilitat gr\u00e0cies al Parc Solar del Planell de la Tosa, amb 22.000 m\u00b2 de plaques solars actives des del 2021.<\/p><p>Del 24 al 26 de gener, el sector d\u2019Arinsal organitzar\u00e0 un any m\u00e9s la <strong>Copa del M\u00f3n d\u2019esqu\u00ed de muntanya ISMF Comapedrosa<\/strong>. L\u2019esdeveniment recuperar\u00e0 la ic\u00f2nica Vertical Race i incorporar\u00e0 la cursa Sprint, una nova modalitat ol\u00edmpica.<\/p><p>Pal Arinsal es consolida com l\u2019estaci\u00f3 de refer\u00e8ncia de l\u2019Ski&amp;Bike al Pirineu gr\u00e0cies al seu Bike Park, que permet combinar esqu\u00ed i bicicleta a l\u2019hivern si les condicions ho permeten.<\/p><p>Aquesta aposta es refor\u00e7a amb la campanya <em>Som muntanya, Som Ski&amp;Bike<\/em>, que posa en valor els principis de la muntanya i posiciona l\u2019estaci\u00f3 com un domini de refer\u00e8ncia per a tots els p\u00fablics durant tot l\u2019any.<\/p><p>\u00a0<\/p>\t\t\t\t\t\t<\/div>\n\t\t\t\t<\/div>\n\t\t\t\t<\/div>\n\t\t<div class=\"elementor-element elementor-element-83b801a e-flex e-con-boxed e-con e-parent\" data-id=\"83b801a\" data-element_type=\"container\">\n\t\t\t\t\t<div class=\"e-con-inner\">\n\t\t<div class=\"elementor-element elementor-element-0531d4b e-con-full e-flex e-con e-child\" data-id=\"0531d4b\" data-element_type=\"container\">\n\t\t<div class=\"elementor-element elementor-element-b5c342d e-con-full e-flex e-con e-child\" data-id=\"b5c342d\" data-element_type=\"container\">\n\t\t\t\t<div class=\"elementor-element elementor-element-927e0be elementor-widget elementor-widget-image\" data-id=\"927e0be\" data-element_type=\"widget\" data-widget_type=\"image.default\">\n\t\t\t\t<div class=\"elementor-widget-container\">\n\t\t\t\t\t\t\t\t\t\t\t\t\t<img decoding=\"async\" width=\"644\" height=\"270\" src=\"https:\/\/skiandorra.ad\/wp-content\/uploads\/2024\/01\/emoticono-41.svg\" class=\"attachment-large size-large wp-image-623\" alt=\"\" \/>\t\t\t\t\t\t\t\t\t\t\t\t\t<\/div>\n\t\t\t\t<\/div>\n\t\t\t\t<\/div>\n\t\t<div class=\"elementor-element elementor-element-0fb6c6d e-con-full e-flex e-con e-child\" data-id=\"0fb6c6d\" data-element_type=\"container\">\n\t\t\t\t<div class=\"elementor-element elementor-element-cfd7d2e elementor-widget elementor-widget-image\" data-id=\"cfd7d2e\" data-element_type=\"widget\" data-widget_type=\"image.default\">\n\t\t\t\t<div class=\"elementor-widget-container\">\n\t\t\t\t\t\t\t\t\t\t\t\t\t<img decoding=\"async\" width=\"295\" height=\"104\" src=\"https:\/\/skiandorra.ad\/wp-content\/uploads\/2024\/12\/31_cat.svg\" class=\"attachment-full size-full wp-image-5332\" alt=\"\" \/>\t\t\t\t\t\t\t\t\t\t\t\t\t<\/div>\n\t\t\t\t<\/div>\n\t\t\t\t<\/div>\n\t\t<div class=\"elementor-element elementor-element-f64b589 e-con-full e-flex e-con e-child\" data-id=\"f64b589\" data-element_type=\"container\">\n\t\t\t\t<div class=\"elementor-element elementor-element-a94209b elementor-widget elementor-widget-image\" data-id=\"a94209b\" data-element_type=\"widget\" data-widget_type=\"image.default\">\n\t\t\t\t<div class=\"elementor-widget-container\">\n\t\t\t\t\t\t\t\t\t\t\t\t\t<img loading=\"lazy\" decoding=\"async\" width=\"648\" height=\"228\" src=\"https:\/\/skiandorra.ad\/wp-content\/uploads\/2024\/02\/Presentacion-isotipoandorra_ski_pal-arinsal_.svg\" class=\"attachment-large size-large wp-image-1433\" alt=\"\" \/>\t\t\t\t\t\t\t\t\t\t\t\t\t<\/div>\n\t\t\t\t<\/div>\n\t\t\t\t<\/div>\n\t\t\t\t<\/div>\n\t\t\t\t\t<\/div>\n\t\t\t\t<\/div>\n\t\t<div class=\"elementor-element elementor-element-6c5ffacc e-flex e-con-boxed e-con e-parent\" data-id=\"6c5ffacc\" data-element_type=\"container\">\n\t\t\t\t\t<div class=\"e-con-inner\">\n\t\t\t\t<div class=\"elementor-element elementor-element-18fa5f40 Boton-estaciones1 elementor-widget elementor-widget-button\" data-id=\"18fa5f40\" data-element_type=\"widget\" data-widget_type=\"button.default\">\n\t\t\t\t<div class=\"elementor-widget-container\">\n\t\t\t\t\t<div class=\"elementor-button-wrapper\">\n\t\t\t<a class=\"elementor-button elementor-button-link elementor-size-sm\" href=\"https:\/\/skiandorra.ad\/wp-content\/uploads\/2025\/12\/PA_HI-25-26_MAPA_PLANIGRAFIA_AMB-LLEGENDA.pdf\" target=\"_blank\">\n\t\t\t\t\t\t<span class=\"elementor-button-content-wrapper\">\n\t\t\t\t\t\t\t\t\t<span class=\"elementor-button-text\">Mapa de pistes<\/span>\n\t\t\t\t\t<\/span>\n\t\t\t\t\t<\/a>\n\t\t<\/div>\n\t\t\t\t<\/div>\n\t\t\t\t<\/div>\n\t\t\t\t<div class=\"elementor-element elementor-element-280eed69 Boton-estaciones elementor-widget elementor-widget-button\" data-id=\"280eed69\" data-element_type=\"widget\" data-widget_type=\"button.default\">\n\t\t\t\t<div class=\"elementor-widget-container\">\n\t\t\t\t\t<div class=\"elementor-button-wrapper\">\n\t\t\t<a class=\"elementor-button elementor-button-link elementor-size-sm\" href=\"https:\/\/skiandorra.ad\/wp-content\/uploads\/2025\/12\/PAL-FICHA-TECNICA-2025-26-A4_CAT.pdf\" target=\"_blank\">\n\t\t\t\t\t\t<span class=\"elementor-button-content-wrapper\">\n\t\t\t\t\t\t\t\t\t<span class=\"elementor-button-text\">Fitxa t\u00e8cnica<\/span>\n\t\t\t\t\t<\/span>\n\t\t\t\t\t<\/a>\n\t\t<\/div>\n\t\t\t\t<\/div>\n\t\t\t\t<\/div>\n\t\t\t\t<div class=\"elementor-element elementor-element-7499e214 Boton-estaciones3 elementor-widget elementor-widget-button\" data-id=\"7499e214\" data-element_type=\"widget\" data-widget_type=\"button.default\">\n\t\t\t\t<div class=\"elementor-widget-container\">\n\t\t\t\t\t<div class=\"elementor-button-wrapper\">\n\t\t\t<a class=\"elementor-button elementor-button-link elementor-size-sm\" href=\"https:\/\/skiandorra.ad\/wp-content\/uploads\/2025\/12\/Reglament-Intern-Pal-Arinsal-25_26-.pdf\" target=\"_blank\">\n\t\t\t\t\t\t<span class=\"elementor-button-content-wrapper\">\n\t\t\t\t\t\t\t\t\t<span class=\"elementor-button-text\">Reglament intern<\/span>\n\t\t\t\t\t<\/span>\n\t\t\t\t\t<\/a>\n\t\t<\/div>\n\t\t\t\t<\/div>\n\t\t\t\t<\/div>\n\t\t\t\t\t<\/div>\n\t\t\t\t<\/div>\n\t\t<div class=\"elementor-element elementor-element-6f5d2f7 e-con-full elementor-hidden-mobile e-flex e-con e-parent\" data-id=\"6f5d2f7\" data-element_type=\"container\">\n\t\t<div class=\"elementor-element elementor-element-0533a09 e-con-full Cuadro-fondo-titulos e-flex e-con e-child\" data-id=\"0533a09\" data-element_type=\"container\" data-settings=\"{&quot;background_background&quot;:&quot;video&quot;,&quot;background_play_on_mobile&quot;:&quot;yes&quot;}\">\n\t\t\t\t<div class=\"elementor-element elementor-element-4524550 elementor-widget elementor-widget-video\" data-id=\"4524550\" data-element_type=\"widget\" data-settings=\"{&quot;video_type&quot;:&quot;hosted&quot;,&quot;controls&quot;:&quot;yes&quot;}\" data-widget_type=\"video.default\">\n\t\t\t\t<div class=\"elementor-widget-container\">\n\t\t\t<style>\/*! elementor - v3.21.0 - 30-04-2024 *\/\n.elementor-widget-video .elementor-widget-container{overflow:hidden;transform:translateZ(0)}.elementor-widget-video .elementor-wrapper{aspect-ratio:var(--video-aspect-ratio)}.elementor-widget-video .elementor-wrapper iframe,.elementor-widget-video .elementor-wrapper video{height:100%;width:100%;display:flex;border:none;background-color:#000}@supports not (aspect-ratio:1\/1){.elementor-widget-video .elementor-wrapper{position:relative;overflow:hidden;height:0;padding-bottom:calc(100% \/ var(--video-aspect-ratio))}.elementor-widget-video .elementor-wrapper iframe,.elementor-widget-video .elementor-wrapper video{position:absolute;top:0;right:0;bottom:0;left:0}}.elementor-widget-video .elementor-open-inline .elementor-custom-embed-image-overlay{position:absolute;top:0;right:0;bottom:0;left:0;background-size:cover;background-position:50%}.elementor-widget-video .elementor-custom-embed-image-overlay{cursor:pointer;text-align:center}.elementor-widget-video .elementor-custom-embed-image-overlay:hover .elementor-custom-embed-play i{opacity:1}.elementor-widget-video .elementor-custom-embed-image-overlay img{display:block;width:100%;aspect-ratio:var(--video-aspect-ratio);-o-object-fit:cover;object-fit:cover;-o-object-position:center center;object-position:center center}@supports not (aspect-ratio:1\/1){.elementor-widget-video .elementor-custom-embed-image-overlay{position:relative;overflow:hidden;height:0;padding-bottom:calc(100% \/ var(--video-aspect-ratio))}.elementor-widget-video .elementor-custom-embed-image-overlay img{position:absolute;top:0;right:0;bottom:0;left:0}}.elementor-widget-video .e-hosted-video .elementor-video{-o-object-fit:cover;object-fit:cover}.e-con-inner>.elementor-widget-video,.e-con>.elementor-widget-video{width:var(--container-widget-width);--flex-grow:var(--container-widget-flex-grow)}<\/style>\t\t<div class=\"e-hosted-video elementor-wrapper elementor-open-inline\">\n\t\t\t\t\t<video class=\"elementor-video\" src=\"https:\/\/skiandorra.ad\/wp-content\/uploads\/2026\/01\/Pal-Arinsal_Som-Muntanya_Som-SkiBike.mp4\" controls=\"\" preload=\"metadata\" controlsList=\"nodownload\"><\/video>\n\t\t\t\t<\/div>\n\t\t\t\t<\/div>\n\t\t\t\t<\/div>\n\t\t\t\t<\/div>\n\t\t<div class=\"elementor-element elementor-element-7d97d42 e-con-full Cuadro-fondo-titulos e-flex e-con e-child\" data-id=\"7d97d42\" data-element_type=\"container\" data-settings=\"{&quot;background_background&quot;:&quot;classic&quot;}\">\n\t\t\t\t<\/div>\n\t\t<div class=\"elementor-element elementor-element-7c26460 e-con-full Cuadro-fondo-titulos e-flex e-con e-child\" data-id=\"7c26460\" data-element_type=\"container\" data-settings=\"{&quot;background_background&quot;:&quot;classic&quot;}\">\n\t\t\t\t<\/div>\n\t\t\t\t<\/div>\n\t\t<div class=\"elementor-element elementor-element-ede0022 e-con-full elementor-hidden-desktop elementor-hidden-tablet e-flex e-con e-parent\" data-id=\"ede0022\" data-element_type=\"container\">\n\t\t<div class=\"elementor-element elementor-element-aea529d e-con-full Cuadro-fondo-titulos e-flex e-con e-child\" data-id=\"aea529d\" data-element_type=\"container\" data-settings=\"{&quot;background_background&quot;:&quot;video&quot;,&quot;background_video_link&quot;:&quot;https:\\\/\\\/skiandorra.ad\\\/wp-content\\\/uploads\\\/2026\\\/01\\\/Pal-Arinsal_Som-Muntanya_Som-SkiBike.mp4&quot;,&quot;background_play_on_mobile&quot;:&quot;yes&quot;}\">\n\t\t<div class=\"elementor-background-video-container\">\n\t\t\t\t\t\t\t<video class=\"elementor-background-video-hosted elementor-html5-video\" autoplay muted playsinline loop><\/video>\n\t\t\t\t\t<\/div>\t\t<div class=\"elementor-element elementor-element-a845f3d elementor-widget elementor-widget-video\" data-id=\"a845f3d\" data-element_type=\"widget\" data-settings=\"{&quot;video_type&quot;:&quot;hosted&quot;,&quot;controls&quot;:&quot;yes&quot;}\" data-widget_type=\"video.default\">\n\t\t\t\t<div class=\"elementor-widget-container\">\n\t\t\t\t\t<div class=\"e-hosted-video elementor-wrapper elementor-open-inline\">\n\t\t\t\t\t<video class=\"elementor-video\" src=\"https:\/\/skiandorra.ad\/wp-content\/uploads\/2026\/01\/Pal-Arinsal_Som-Muntanya_Som-SkiBike.mp4\" controls=\"\" preload=\"metadata\" controlsList=\"nodownload\"><\/video>\n\t\t\t\t<\/div>\n\t\t\t\t<\/div>\n\t\t\t\t<\/div>\n\t\t\t\t<\/div>\n\t\t<div class=\"elementor-element elementor-element-e66781c e-con-full Cuadro-fondo-titulos e-flex e-con e-child\" data-id=\"e66781c\" data-element_type=\"container\" data-settings=\"{&quot;background_background&quot;:&quot;classic&quot;}\">\n\t\t\t\t<\/div>\n\t\t<div class=\"elementor-element elementor-element-a7b4cbd e-con-full Cuadro-fondo-titulos e-flex e-con e-child\" data-id=\"a7b4cbd\" data-element_type=\"container\" data-settings=\"{&quot;background_background&quot;:&quot;classic&quot;}\">\n\t\t\t\t<\/div>\n\t\t\t\t<\/div>\n\t\t<div class=\"elementor-element elementor-element-1f4ccf7 e-con-full e-flex e-con e-parent\" data-id=\"1f4ccf7\" data-element_type=\"container\">\n\t\t\t\t<div class=\"elementor-element elementor-element-00f357b elementor-widget elementor-widget-heading\" data-id=\"00f357b\" data-element_type=\"widget\" data-widget_type=\"heading.default\">\n\t\t\t\t<div class=\"elementor-widget-container\">\n\t\t\t<h2 class=\"elementor-heading-title elementor-size-default\">A L'ESTIU:<\/h2>\t\t<\/div>\n\t\t\t\t<\/div>\n\t\t\t\t<div class=\"elementor-element elementor-element-b02567e elementor-widget elementor-widget-text-editor\" data-id=\"b02567e\" data-element_type=\"widget\" data-widget_type=\"text-editor.default\">\n\t\t\t\t<div class=\"elementor-widget-container\">\n\t\t\t\t\t\t\t<p>Pal Arinsal \u00e9s la capital del ciclisme a l\u2019estiu, amb el <b>Bike park<\/b> de m\u00e9s de 60 km de circuits de BTT per a tots els nivells.\u00a0<\/p><p>Pels qui vulguin iniciar-se i progressar en el m\u00f3n de la BTT, l&#8217;estaci\u00f3 propoa el Bike World, una \u00e0rea tem\u00e0tica pensada per a totes les edats.<\/p><p>A l&#8217;estiu, Pal Arinsal es reafirma com a escenari d&#8217;esdeveniments esportius internacionals.<\/p><p>Del 8 al 12 de juliol 2026, Pal Arinsal es convertir\u00e0 en l&#8217;epicentre mundial del BTT en acollir, per onzena vegada, una nova cita de les UCI MTB World Series.<\/p>\t\t\t\t\t\t<\/div>\n\t\t\t\t<\/div>\n\t\t\t\t<div class=\"elementor-element elementor-element-8a9b182 Boton-estaciones1 elementor-align-center elementor-widget elementor-widget-button\" data-id=\"8a9b182\" data-element_type=\"widget\" data-widget_type=\"button.default\">\n\t\t\t\t<div class=\"elementor-widget-container\">\n\t\t\t\t\t<div class=\"elementor-button-wrapper\">\n\t\t\t<a class=\"elementor-button elementor-button-link elementor-size-sm\" href=\"https:\/\/skiandorra.ad\/wp-content\/uploads\/2025\/06\/PA_MAPA-25_BIKEWOLRD_CAT-ANG_PDF.pdf\" target=\"_blank\">\n\t\t\t\t\t\t<span class=\"elementor-button-content-wrapper\">\n\t\t\t\t\t\t\t\t\t<span class=\"elementor-button-text\">Mapa de l\u2019estaci\u00f3<\/span>\n\t\t\t\t\t<\/span>\n\t\t\t\t\t<\/a>\n\t\t<\/div>\n\t\t\t\t<\/div>\n\t\t\t\t<\/div>\n\t\t\t\t<\/div>\n\t\t\t\t<\/div>\n\t\t","protected":false},"excerpt":{"rendered":"<p>Anterior Siguiente A L&#8217;HIVERN: Pal Arinsal \u00e9s una estaci\u00f3 d\u2019esqu\u00ed i muntanya situada a la Massana, oberta 10 mesos l\u2019any. L\u2019estaci\u00f3 est\u00e0 formada per dos sectors: Pal i Arinsal. Es troba a tan sols 6 km del centre del pa\u00eds i t\u00e9 un acc\u00e9s molt f\u00e0cil, des del centre del poble de la Massana, amb [&hellip;]<\/p>\n","protected":false},"author":1,"featured_media":0,"parent":0,"menu_order":0,"comment_status":"closed","ping_status":"closed","template":"","meta":{"inline_featured_image":false,"footnotes":""},"class_list":["post-251","page","type-page","status-publish","hentry"],"_links":{"self":[{"href":"https:\/\/skiandorra.ad\/ca\/wp-json\/wp\/v2\/pages\/251","targetHints":{"allow":["GET"]}}],"collection":[{"href":"https:\/\/skiandorra.ad\/ca\/wp-json\/wp\/v2\/pages"}],"about":[{"href":"https:\/\/skiandorra.ad\/ca\/wp-json\/wp\/v2\/types\/page"}],"author":[{"embeddable":true,"href":"https:\/\/skiandorra.ad\/ca\/wp-json\/wp\/v2\/users\/1"}],"replies":[{"embeddable":true,"href":"https:\/\/skiandorra.ad\/ca\/wp-json\/wp\/v2\/comments?post=251"}],"version-history":[{"count":235,"href":"https:\/\/skiandorra.ad\/ca\/wp-json\/wp\/v2\/pages\/251\/revisions"}],"predecessor-version":[{"id":6559,"href":"https:\/\/skiandorra.ad\/ca\/wp-json\/wp\/v2\/pages\/251\/revisions\/6559"}],"wp:attachment":[{"href":"https:\/\/skiandorra.ad\/ca\/wp-json\/wp\/v2\/media?parent=251"}],"curies":[{"name":"wp","href":"https:\/\/api.w.org\/{rel}","templated":true}]}}