{"id":273,"date":"2024-01-04T13:28:34","date_gmt":"2024-01-04T12:28:34","guid":{"rendered":"https:\/\/skiandorra.ad\/?page_id=273"},"modified":"2026-01-16T09:26:47","modified_gmt":"2026-01-16T08:26:47","slug":"ordino-arcalis","status":"publish","type":"page","link":"https:\/\/skiandorra.ad\/ca\/ordino-arcalis\/","title":{"rendered":"Ordino Arcal\u00eds"},"content":{"rendered":"\t\t<div data-elementor-type=\"wp-page\" data-elementor-id=\"273\" class=\"elementor elementor-273\" data-elementor-post-type=\"page\">\n\t\t\t\t<div class=\"elementor-element elementor-element-648cd13 e-con-full e-flex e-con e-parent\" data-id=\"648cd13\" data-element_type=\"container\" data-settings=\"{&quot;background_background&quot;:&quot;classic&quot;}\">\n\t\t\t\t<div class=\"elementor-element elementor-element-32cc372 elementor-skin-carousel elementor-arrows-yes elementor-widget elementor-widget-media-carousel\" data-id=\"32cc372\" data-element_type=\"widget\" data-settings=\"{&quot;slides_per_view&quot;:&quot;1&quot;,&quot;skin&quot;:&quot;carousel&quot;,&quot;effect&quot;:&quot;slide&quot;,&quot;show_arrows&quot;:&quot;yes&quot;,&quot;speed&quot;:500,&quot;autoplay&quot;:&quot;yes&quot;,&quot;autoplay_speed&quot;:5000,&quot;loop&quot;:&quot;yes&quot;,&quot;space_between&quot;:{&quot;unit&quot;:&quot;px&quot;,&quot;size&quot;:10,&quot;sizes&quot;:[]},&quot;space_between_tablet&quot;:{&quot;unit&quot;:&quot;px&quot;,&quot;size&quot;:10,&quot;sizes&quot;:[]},&quot;space_between_mobile&quot;:{&quot;unit&quot;:&quot;px&quot;,&quot;size&quot;:10,&quot;sizes&quot;:[]}}\" data-widget_type=\"media-carousel.default\">\n\t\t\t\t<div class=\"elementor-widget-container\">\n\t\t\t<link rel=\"stylesheet\" href=\"https:\/\/skiandorra.ad\/wp-content\/plugins\/elementor-pro\/assets\/css\/widget-carousel.min.css\">\t\t<div class=\"elementor-swiper\">\n\t\t\t<div class=\"elementor-main-swiper swiper\">\n\t\t\t\t<div class=\"swiper-wrapper\">\n\t\t\t\t\t\t\t\t\t\t\t<div class=\"swiper-slide\">\n\t\t\t\t\t\t\t\t\t<div class=\"elementor-carousel-image\" role=\"img\" aria-label=\"Ordino Arcali\u0301s Freeride 2(1)\" style=\"background-image: url(&#039;https:\/\/skiandorra.ad\/wp-content\/uploads\/2024\/02\/Ordino-Arcalis-Freeride-21-scaled.jpg&#039;)\">\n\n\t\t\t\n\t\t\t\t\t<\/div>\n\t\t\t\t\t\t\t\t<\/div>\n\t\t\t\t\t\t\t\t\t\t\t<div class=\"swiper-slide\">\n\t\t\t\t\t\t\t\t\t<div class=\"elementor-carousel-image\" role=\"img\" aria-label=\"Ordino Arcali\u0301s (9)(1)(1)\" style=\"background-image: url(&#039;https:\/\/skiandorra.ad\/wp-content\/uploads\/2024\/04\/Ordino-Arcalis-911.jpg&#039;)\">\n\n\t\t\t\n\t\t\t\t\t<\/div>\n\t\t\t\t\t\t\t\t<\/div>\n\t\t\t\t\t\t\t\t\t<\/div>\n\t\t\t\t\t\t\t\t\t\t\t\t\t\t\t\t\t\t\t\t<div class=\"elementor-swiper-button elementor-swiper-button-prev\" role=\"button\" tabindex=\"0\">\n\t\t\t\t\t\t\t<i aria-hidden=\"true\" class=\"eicon-chevron-left\"><\/i>\t\t\t\t\t\t\t<span class=\"elementor-screen-only\">Previous<\/span>\n\t\t\t\t\t\t<\/div>\n\t\t\t\t\t\t<div class=\"elementor-swiper-button elementor-swiper-button-next\" role=\"button\" tabindex=\"0\">\n\t\t\t\t\t\t\t<i aria-hidden=\"true\" class=\"eicon-chevron-right\"><\/i>\t\t\t\t\t\t\t<span class=\"elementor-screen-only\">Next<\/span>\n\t\t\t\t\t\t<\/div>\n\t\t\t\t\t\t\t\t\t\t\t\t<\/div>\n\t\t<\/div>\n\t\t\t\t<\/div>\n\t\t\t\t<\/div>\n\t\t\t\t<\/div>\n\t\t<div class=\"elementor-element elementor-element-7ecfd6f e-con-full e-flex e-con e-parent\" data-id=\"7ecfd6f\" data-element_type=\"container\">\n\t\t\t\t<div class=\"elementor-element elementor-element-3d5061bb elementor-widget elementor-widget-image\" data-id=\"3d5061bb\" data-element_type=\"widget\" data-widget_type=\"image.default\">\n\t\t\t\t<div class=\"elementor-widget-container\">\n\t\t\t<style>\/*! elementor - v3.21.0 - 30-04-2024 *\/\n.elementor-widget-image{text-align:center}.elementor-widget-image a{display:inline-block}.elementor-widget-image a img[src$=\".svg\"]{width:48px}.elementor-widget-image img{vertical-align:middle;display:inline-block}<\/style>\t\t\t\t\t\t\t\t\t\t\t<a href=\"https:\/\/ww1.ordinoarcalis.com\/ca\/\" target=\"_blank\">\n\t\t\t\t\t\t\t<img fetchpriority=\"high\" decoding=\"async\" width=\"8000\" height=\"4501\" src=\"https:\/\/skiandorra.ad\/wp-content\/uploads\/2024\/01\/LOGO-ORDINO-ARCALI\u2560uS-HORITZONTAL.png\" class=\"attachment-full size-full wp-image-120\" alt=\"\" srcset=\"https:\/\/skiandorra.ad\/wp-content\/uploads\/2024\/01\/LOGO-ORDINO-ARCALI\u2560uS-HORITZONTAL.png 8000w, https:\/\/skiandorra.ad\/wp-content\/uploads\/2024\/01\/LOGO-ORDINO-ARCALI\u2560uS-HORITZONTAL-300x169.png 300w, https:\/\/skiandorra.ad\/wp-content\/uploads\/2024\/01\/LOGO-ORDINO-ARCALI\u2560uS-HORITZONTAL-1024x576.png 1024w, https:\/\/skiandorra.ad\/wp-content\/uploads\/2024\/01\/LOGO-ORDINO-ARCALI\u2560uS-HORITZONTAL-768x432.png 768w, https:\/\/skiandorra.ad\/wp-content\/uploads\/2024\/01\/LOGO-ORDINO-ARCALI\u2560uS-HORITZONTAL-1536x864.png 1536w, https:\/\/skiandorra.ad\/wp-content\/uploads\/2024\/01\/LOGO-ORDINO-ARCALI\u2560uS-HORITZONTAL-2048x1152.png 2048w\" sizes=\"(max-width: 8000px) 100vw, 8000px\" \/>\t\t\t\t\t\t\t\t<\/a>\n\t\t\t\t\t\t\t\t\t\t\t\t\t<\/div>\n\t\t\t\t<\/div>\n\t\t\t\t<div class=\"elementor-element elementor-element-2c70db2 elementor-widget elementor-widget-heading\" data-id=\"2c70db2\" data-element_type=\"widget\" data-widget_type=\"heading.default\">\n\t\t\t\t<div class=\"elementor-widget-container\">\n\t\t\t<style>\/*! elementor - v3.21.0 - 30-04-2024 *\/\n.elementor-heading-title{padding:0;margin:0;line-height:1}.elementor-widget-heading .elementor-heading-title[class*=elementor-size-]>a{color:inherit;font-size:inherit;line-height:inherit}.elementor-widget-heading .elementor-heading-title.elementor-size-small{font-size:15px}.elementor-widget-heading .elementor-heading-title.elementor-size-medium{font-size:19px}.elementor-widget-heading .elementor-heading-title.elementor-size-large{font-size:29px}.elementor-widget-heading .elementor-heading-title.elementor-size-xl{font-size:39px}.elementor-widget-heading .elementor-heading-title.elementor-size-xxl{font-size:59px}<\/style><h2 class=\"elementor-heading-title elementor-size-default\">A L'HIVERN:<\/h2>\t\t<\/div>\n\t\t\t\t<\/div>\n\t\t\t\t<div class=\"elementor-element elementor-element-2f218ef elementor-widget elementor-widget-text-editor\" data-id=\"2f218ef\" data-element_type=\"widget\" data-widget_type=\"text-editor.default\">\n\t\t\t\t<div class=\"elementor-widget-container\">\n\t\t\t<style>\/*! elementor - v3.21.0 - 30-04-2024 *\/\n.elementor-widget-text-editor.elementor-drop-cap-view-stacked .elementor-drop-cap{background-color:#69727d;color:#fff}.elementor-widget-text-editor.elementor-drop-cap-view-framed .elementor-drop-cap{color:#69727d;border:3px solid;background-color:transparent}.elementor-widget-text-editor:not(.elementor-drop-cap-view-default) .elementor-drop-cap{margin-top:8px}.elementor-widget-text-editor:not(.elementor-drop-cap-view-default) .elementor-drop-cap-letter{width:1em;height:1em}.elementor-widget-text-editor .elementor-drop-cap{float:left;text-align:center;line-height:1;font-size:50px}.elementor-widget-text-editor .elementor-drop-cap-letter{display:inline-block}<\/style>\t\t\t\t<p>Ordino Arcal\u00eds t\u00e9 unes excepcionals condicions per a la pr\u00e0ctica d\u2019esports de muntanya. Enclavada a la cap\u00e7alera de la Vall d\u2019Ordino, orientada al nord, exhibeix unes inigualables condicions de neu cada hivern. L\u2019estaci\u00f3 ofereix 442 hect\u00e0rees de domini esquiable, 30 km de pistes, 16 remuntadors, amb un desnivell que va des dels 1.940 m als 2.625 m.<\/p><p>A m\u00e9s, s\u2019ha convertit en un domini clau en l\u2019\u00e0mbit mundial del freeride gr\u00e0cies a les seves muntanyes extraordin\u00e0ries.\u00a0<\/p><p>Per aquest motiu, i amb una gran traject\u00f2ria en l\u2019organitzaci\u00f3 de competicions de l\u2019esqui fora pista, ha estat l\u2019estaci\u00f3 escollida per organitzar els primers <strong>Campionats del M\u00f3n de Freeride de la FIS<\/strong> entre l\u20191 i el 6 de febrer del 2026. Un esdeveniment que marcar\u00e0 un moment hist\u00f2ric per aquest esport, ja que ser\u00e0 la primera vegada que el Freeride celebrar\u00e0 uns Mundials sota el paraigua de la Federaci\u00f3 Internacional d\u2019Esqu\u00ed (FIS).<\/p>\t\t\t\t\t\t<\/div>\n\t\t\t\t<\/div>\n\t\t\t\t<\/div>\n\t\t<div class=\"elementor-element elementor-element-d847fb0 e-flex e-con-boxed e-con e-parent\" data-id=\"d847fb0\" data-element_type=\"container\">\n\t\t\t\t\t<div class=\"e-con-inner\">\n\t\t<div class=\"elementor-element elementor-element-4c5e038 e-con-full e-flex e-con e-child\" data-id=\"4c5e038\" data-element_type=\"container\">\n\t\t<div class=\"elementor-element elementor-element-0c01983 e-con-full e-flex e-con e-child\" data-id=\"0c01983\" data-element_type=\"container\">\n\t\t\t\t<div class=\"elementor-element elementor-element-e1a4599 elementor-widget elementor-widget-image\" data-id=\"e1a4599\" data-element_type=\"widget\" data-widget_type=\"image.default\">\n\t\t\t\t<div class=\"elementor-widget-container\">\n\t\t\t\t\t\t\t\t\t\t\t\t\t<img decoding=\"async\" width=\"662\" height=\"286\" src=\"https:\/\/skiandorra.ad\/wp-content\/uploads\/2024\/02\/Presentacion-isotipoandorra_ski_ordino-arcalis_km.svg\" class=\"attachment-large size-large wp-image-1437\" alt=\"\" \/>\t\t\t\t\t\t\t\t\t\t\t\t\t<\/div>\n\t\t\t\t<\/div>\n\t\t\t\t<\/div>\n\t\t<div class=\"elementor-element elementor-element-f651404 e-con-full e-flex e-con e-child\" data-id=\"f651404\" data-element_type=\"container\">\n\t\t\t\t<div class=\"elementor-element elementor-element-48baf33 elementor-widget elementor-widget-image\" data-id=\"48baf33\" data-element_type=\"widget\" data-widget_type=\"image.default\">\n\t\t\t\t<div class=\"elementor-widget-container\">\n\t\t\t\t\t\t\t\t\t\t\t\t\t<img decoding=\"async\" width=\"800\" height=\"282\" src=\"https:\/\/skiandorra.ad\/wp-content\/uploads\/2024\/12\/15_cat.svg\" class=\"attachment-large size-large wp-image-5329\" alt=\"\" \/>\t\t\t\t\t\t\t\t\t\t\t\t\t<\/div>\n\t\t\t\t<\/div>\n\t\t\t\t<\/div>\n\t\t<div class=\"elementor-element elementor-element-7809c26 e-con-full e-flex e-con e-child\" data-id=\"7809c26\" data-element_type=\"container\">\n\t\t\t\t<div class=\"elementor-element elementor-element-92c512d elementor-widget elementor-widget-image\" data-id=\"92c512d\" data-element_type=\"widget\" data-widget_type=\"image.default\">\n\t\t\t\t<div class=\"elementor-widget-container\">\n\t\t\t\t\t\t\t\t\t\t\t\t\t<img loading=\"lazy\" decoding=\"async\" width=\"648\" height=\"228\" src=\"https:\/\/skiandorra.ad\/wp-content\/uploads\/2024\/02\/Presentacion-isotipoandorra_ski_ordino-arcalis_.svg\" class=\"attachment-large size-large wp-image-1439\" alt=\"\" \/>\t\t\t\t\t\t\t\t\t\t\t\t\t<\/div>\n\t\t\t\t<\/div>\n\t\t\t\t<\/div>\n\t\t\t\t<\/div>\n\t\t\t\t\t<\/div>\n\t\t\t\t<\/div>\n\t\t<div class=\"elementor-element elementor-element-a7202ab e-flex e-con-boxed e-con e-parent\" data-id=\"a7202ab\" data-element_type=\"container\">\n\t\t\t\t\t<div class=\"e-con-inner\">\n\t\t\t\t<div class=\"elementor-element elementor-element-435d72c Boton-estaciones1 elementor-widget elementor-widget-button\" data-id=\"435d72c\" data-element_type=\"widget\" data-widget_type=\"button.default\">\n\t\t\t\t<div class=\"elementor-widget-container\">\n\t\t\t\t\t<div class=\"elementor-button-wrapper\">\n\t\t\t<a class=\"elementor-button elementor-button-link elementor-size-sm\" href=\"https:\/\/skiandorra.ad\/wp-content\/uploads\/2025\/12\/OA_HI-25-26_MAPA_CAT-CAST_PDF_AMB-LLEGENDA.pdf\" target=\"_blank\">\n\t\t\t\t\t\t<span class=\"elementor-button-content-wrapper\">\n\t\t\t\t\t\t\t\t\t<span class=\"elementor-button-text\">Mapa de pistes<\/span>\n\t\t\t\t\t<\/span>\n\t\t\t\t\t<\/a>\n\t\t<\/div>\n\t\t\t\t<\/div>\n\t\t\t\t<\/div>\n\t\t\t\t<div class=\"elementor-element elementor-element-40e891a Boton-estaciones elementor-widget elementor-widget-button\" data-id=\"40e891a\" data-element_type=\"widget\" data-widget_type=\"button.default\">\n\t\t\t\t<div class=\"elementor-widget-container\">\n\t\t\t\t\t<div class=\"elementor-button-wrapper\">\n\t\t\t<a class=\"elementor-button elementor-button-link elementor-size-sm\" href=\"https:\/\/skiandorra.ad\/wp-content\/uploads\/2025\/12\/OA-FICHA-TECNICA-2025-26-A4_CAT.pdf\" target=\"_blank\">\n\t\t\t\t\t\t<span class=\"elementor-button-content-wrapper\">\n\t\t\t\t\t\t\t\t\t<span class=\"elementor-button-text\">Fitxa t\u00e8cnica<\/span>\n\t\t\t\t\t<\/span>\n\t\t\t\t\t<\/a>\n\t\t<\/div>\n\t\t\t\t<\/div>\n\t\t\t\t<\/div>\n\t\t\t\t<div class=\"elementor-element elementor-element-9efcaa9 Boton-estaciones3 elementor-widget elementor-widget-button\" data-id=\"9efcaa9\" data-element_type=\"widget\" data-widget_type=\"button.default\">\n\t\t\t\t<div class=\"elementor-widget-container\">\n\t\t\t\t\t<div class=\"elementor-button-wrapper\">\n\t\t\t<a class=\"elementor-button elementor-button-link elementor-size-sm\" href=\"https:\/\/skiandorra.ad\/wp-content\/uploads\/2025\/12\/GVS.R-Intern.606.04-SECNOA.pdf\" target=\"_blank\">\n\t\t\t\t\t\t<span class=\"elementor-button-content-wrapper\">\n\t\t\t\t\t\t\t\t\t<span class=\"elementor-button-text\">Reglament intern<\/span>\n\t\t\t\t\t<\/span>\n\t\t\t\t\t<\/a>\n\t\t<\/div>\n\t\t\t\t<\/div>\n\t\t\t\t<\/div>\n\t\t\t\t\t<\/div>\n\t\t\t\t<\/div>\n\t\t<div class=\"elementor-element elementor-element-e348042 e-con-full elementor-hidden-mobile e-flex e-con e-parent\" data-id=\"e348042\" data-element_type=\"container\">\n\t\t<div class=\"elementor-element elementor-element-8b04927 e-con-full Cuadro-fondo-titulos e-flex e-con e-child\" data-id=\"8b04927\" data-element_type=\"container\" data-settings=\"{&quot;background_background&quot;:&quot;video&quot;,&quot;background_play_on_mobile&quot;:&quot;yes&quot;}\">\n\t\t\t\t<div class=\"elementor-element elementor-element-af2a398 elementor-widget elementor-widget-video\" data-id=\"af2a398\" data-element_type=\"widget\" data-settings=\"{&quot;video_type&quot;:&quot;hosted&quot;,&quot;controls&quot;:&quot;yes&quot;}\" data-widget_type=\"video.default\">\n\t\t\t\t<div class=\"elementor-widget-container\">\n\t\t\t<style>\/*! elementor - v3.21.0 - 30-04-2024 *\/\n.elementor-widget-video .elementor-widget-container{overflow:hidden;transform:translateZ(0)}.elementor-widget-video .elementor-wrapper{aspect-ratio:var(--video-aspect-ratio)}.elementor-widget-video .elementor-wrapper iframe,.elementor-widget-video .elementor-wrapper video{height:100%;width:100%;display:flex;border:none;background-color:#000}@supports not (aspect-ratio:1\/1){.elementor-widget-video .elementor-wrapper{position:relative;overflow:hidden;height:0;padding-bottom:calc(100% \/ var(--video-aspect-ratio))}.elementor-widget-video .elementor-wrapper iframe,.elementor-widget-video .elementor-wrapper video{position:absolute;top:0;right:0;bottom:0;left:0}}.elementor-widget-video .elementor-open-inline .elementor-custom-embed-image-overlay{position:absolute;top:0;right:0;bottom:0;left:0;background-size:cover;background-position:50%}.elementor-widget-video .elementor-custom-embed-image-overlay{cursor:pointer;text-align:center}.elementor-widget-video .elementor-custom-embed-image-overlay:hover .elementor-custom-embed-play i{opacity:1}.elementor-widget-video .elementor-custom-embed-image-overlay img{display:block;width:100%;aspect-ratio:var(--video-aspect-ratio);-o-object-fit:cover;object-fit:cover;-o-object-position:center center;object-position:center center}@supports not (aspect-ratio:1\/1){.elementor-widget-video .elementor-custom-embed-image-overlay{position:relative;overflow:hidden;height:0;padding-bottom:calc(100% \/ var(--video-aspect-ratio))}.elementor-widget-video .elementor-custom-embed-image-overlay img{position:absolute;top:0;right:0;bottom:0;left:0}}.elementor-widget-video .e-hosted-video .elementor-video{-o-object-fit:cover;object-fit:cover}.e-con-inner>.elementor-widget-video,.e-con>.elementor-widget-video{width:var(--container-widget-width);--flex-grow:var(--container-widget-flex-grow)}<\/style>\t\t<div class=\"e-hosted-video elementor-wrapper elementor-open-inline\">\n\t\t\t\t\t<video class=\"elementor-video\" src=\"https:\/\/skiandorra.ad\/wp-content\/uploads\/2026\/01\/OA_MASTER_CAT-H.mp4\" controls=\"\" preload=\"metadata\" controlsList=\"nodownload\"><\/video>\n\t\t\t\t<\/div>\n\t\t\t\t<\/div>\n\t\t\t\t<\/div>\n\t\t\t\t<\/div>\n\t\t<div class=\"elementor-element elementor-element-2162240 e-con-full Cuadro-fondo-titulos e-flex e-con e-child\" data-id=\"2162240\" data-element_type=\"container\" data-settings=\"{&quot;background_background&quot;:&quot;classic&quot;}\">\n\t\t\t\t<\/div>\n\t\t<div class=\"elementor-element elementor-element-92ddf23 e-con-full Cuadro-fondo-titulos e-flex e-con e-child\" data-id=\"92ddf23\" data-element_type=\"container\" data-settings=\"{&quot;background_background&quot;:&quot;classic&quot;}\">\n\t\t\t\t<\/div>\n\t\t\t\t<\/div>\n\t\t<div class=\"elementor-element elementor-element-0847506 e-con-full elementor-hidden-desktop elementor-hidden-tablet e-flex e-con e-parent\" data-id=\"0847506\" data-element_type=\"container\">\n\t\t<div class=\"elementor-element elementor-element-7447f4d e-con-full Cuadro-fondo-titulos e-flex e-con e-child\" data-id=\"7447f4d\" data-element_type=\"container\" data-settings=\"{&quot;background_background&quot;:&quot;video&quot;,&quot;background_video_link&quot;:&quot;https:\\\/\\\/skiandorra.ad\\\/wp-content\\\/uploads\\\/2026\\\/01\\\/Pal-Arinsal_Som-Muntanya_Som-SkiBike.mp4&quot;,&quot;background_play_on_mobile&quot;:&quot;yes&quot;}\">\n\t\t<div class=\"elementor-background-video-container\">\n\t\t\t\t\t\t\t<video class=\"elementor-background-video-hosted elementor-html5-video\" autoplay muted playsinline loop><\/video>\n\t\t\t\t\t<\/div>\t\t<div class=\"elementor-element elementor-element-396c588 elementor-widget elementor-widget-video\" data-id=\"396c588\" data-element_type=\"widget\" data-settings=\"{&quot;video_type&quot;:&quot;hosted&quot;,&quot;controls&quot;:&quot;yes&quot;}\" data-widget_type=\"video.default\">\n\t\t\t\t<div class=\"elementor-widget-container\">\n\t\t\t\t\t<div class=\"e-hosted-video elementor-wrapper elementor-open-inline\">\n\t\t\t\t\t<video class=\"elementor-video\" src=\"https:\/\/skiandorra.ad\/wp-content\/uploads\/2026\/01\/OA_MASTER_CAT-H.mp4\" controls=\"\" preload=\"metadata\" controlsList=\"nodownload\"><\/video>\n\t\t\t\t<\/div>\n\t\t\t\t<\/div>\n\t\t\t\t<\/div>\n\t\t\t\t<\/div>\n\t\t<div class=\"elementor-element elementor-element-1f7abca e-con-full Cuadro-fondo-titulos e-flex e-con e-child\" data-id=\"1f7abca\" data-element_type=\"container\" data-settings=\"{&quot;background_background&quot;:&quot;classic&quot;}\">\n\t\t\t\t<\/div>\n\t\t<div class=\"elementor-element elementor-element-01855c4 e-con-full Cuadro-fondo-titulos e-flex e-con e-child\" data-id=\"01855c4\" data-element_type=\"container\" data-settings=\"{&quot;background_background&quot;:&quot;classic&quot;}\">\n\t\t\t\t<\/div>\n\t\t\t\t<\/div>\n\t\t<div class=\"elementor-element elementor-element-b1ef1bf e-con-full e-flex e-con e-parent\" data-id=\"b1ef1bf\" data-element_type=\"container\">\n\t\t\t\t<div class=\"elementor-element elementor-element-42380a7 elementor-widget elementor-widget-heading\" data-id=\"42380a7\" data-element_type=\"widget\" data-widget_type=\"heading.default\">\n\t\t\t\t<div class=\"elementor-widget-container\">\n\t\t\t<h2 class=\"elementor-heading-title elementor-size-default\">A L'ESTIU:<\/h2>\t\t<\/div>\n\t\t\t\t<\/div>\n\t\t\t\t<div class=\"elementor-element elementor-element-3d9f0c4 Boton-estaciones1 elementor-align-center elementor-widget elementor-widget-button\" data-id=\"3d9f0c4\" data-element_type=\"widget\" data-widget_type=\"button.default\">\n\t\t\t\t<div class=\"elementor-widget-container\">\n\t\t\t\t\t<div class=\"elementor-button-wrapper\">\n\t\t\t<a class=\"elementor-button elementor-button-link elementor-size-sm\" href=\"https:\/\/skiandorra.ad\/wp-content\/uploads\/2025\/06\/OA-Mapa-Estiu25_A3_web.pdf\">\n\t\t\t\t\t\t<span class=\"elementor-button-content-wrapper\">\n\t\t\t\t\t\t\t\t\t<span class=\"elementor-button-text\">Mapa de l\u2019estaci\u00f3<\/span>\n\t\t\t\t\t<\/span>\n\t\t\t\t\t<\/a>\n\t\t<\/div>\n\t\t\t\t<\/div>\n\t\t\t\t<\/div>\n\t\t\t\t<div class=\"elementor-element elementor-element-45e3424 elementor-widget elementor-widget-text-editor\" data-id=\"45e3424\" data-element_type=\"widget\" data-widget_type=\"text-editor.default\">\n\t\t\t\t<div class=\"elementor-widget-container\">\n\t\t\t\t\t\t\t<p>Ordino Arcal\u00eds \u00e9s natura en estat pur. A l\u2019estiu es converteix en un entorn \u00fanic per gaudir de l\u2019alta muntanya. Una de les experi\u00e8ncies m\u00e9s destacades \u00e9s la visita al <b>Mirador Solar de Tristaina<\/b>, un espectacular punt panor\u00e0mic f\u00e0cilment accessible mitjan\u00e7ant el telecabina<b> <\/b>de Tristaina i el telecadira de Creussans.<span class=\"Apple-converted-space\">&nbsp;<\/span><\/p>\n<p>Des del sector de la Coma tamb\u00e9 s\u2019accedeix al circ glacial de Tristaina, una meravella natural formada per tres llacs, amb una ruta de senderisme apta per a tots els nivells.<\/p>\n<p><br><\/p>\t\t\t\t\t\t<\/div>\n\t\t\t\t<\/div>\n\t\t\t\t<\/div>\n\t\t\t\t<\/div>\n\t\t","protected":false},"excerpt":{"rendered":"<p>Anterior Siguiente A L&#8217;HIVERN: Ordino Arcal\u00eds t\u00e9 unes excepcionals condicions per a la pr\u00e0ctica d\u2019esports de muntanya. Enclavada a la cap\u00e7alera de la Vall d\u2019Ordino, orientada al nord, exhibeix unes inigualables condicions de neu cada hivern. L\u2019estaci\u00f3 ofereix 442 hect\u00e0rees de domini esquiable, 30 km de pistes, 16 remuntadors, amb un desnivell que va des [&hellip;]<\/p>\n","protected":false},"author":1,"featured_media":0,"parent":0,"menu_order":0,"comment_status":"closed","ping_status":"closed","template":"","meta":{"inline_featured_image":false,"footnotes":""},"class_list":["post-273","page","type-page","status-publish","hentry"],"_links":{"self":[{"href":"https:\/\/skiandorra.ad\/ca\/wp-json\/wp\/v2\/pages\/273","targetHints":{"allow":["GET"]}}],"collection":[{"href":"https:\/\/skiandorra.ad\/ca\/wp-json\/wp\/v2\/pages"}],"about":[{"href":"https:\/\/skiandorra.ad\/ca\/wp-json\/wp\/v2\/types\/page"}],"author":[{"embeddable":true,"href":"https:\/\/skiandorra.ad\/ca\/wp-json\/wp\/v2\/users\/1"}],"replies":[{"embeddable":true,"href":"https:\/\/skiandorra.ad\/ca\/wp-json\/wp\/v2\/comments?post=273"}],"version-history":[{"count":229,"href":"https:\/\/skiandorra.ad\/ca\/wp-json\/wp\/v2\/pages\/273\/revisions"}],"predecessor-version":[{"id":6556,"href":"https:\/\/skiandorra.ad\/ca\/wp-json\/wp\/v2\/pages\/273\/revisions\/6556"}],"wp:attachment":[{"href":"https:\/\/skiandorra.ad\/ca\/wp-json\/wp\/v2\/media?parent=273"}],"curies":[{"name":"wp","href":"https:\/\/api.w.org\/{rel}","templated":true}]}}