{"id":312,"date":"2024-01-04T17:51:41","date_gmt":"2024-01-04T16:51:41","guid":{"rendered":"https:\/\/skiandorra.ad\/?page_id=312"},"modified":"2025-01-29T17:12:33","modified_gmt":"2025-01-29T16:12:33","slug":"examens-agent-de-remuntadors-mecanics-i-dominis-esquiables","status":"publish","type":"page","link":"https:\/\/skiandorra.ad\/ca\/examens-agent-de-remuntadors-mecanics-i-dominis-esquiables\/","title":{"rendered":"Ex\u00e0mens &#8211; Agent de remuntadors mec\u00e0nics i dominis esquiables"},"content":{"rendered":"\t\t<div data-elementor-type=\"wp-page\" data-elementor-id=\"312\" class=\"elementor elementor-312\" data-elementor-post-type=\"page\">\n\t\t\t\t<div class=\"elementor-element elementor-element-54900bb8 e-flex e-con-boxed e-con e-parent\" data-id=\"54900bb8\" data-element_type=\"container\" data-settings=\"{&quot;background_background&quot;:&quot;classic&quot;}\">\n\t\t\t\t\t<div class=\"e-con-inner\">\n\t\t\t\t\t<\/div>\n\t\t\t\t<\/div>\n\t\t<div class=\"elementor-element elementor-element-50b346 e-con-full elementor-hidden-desktop elementor-hidden-tablet elementor-hidden-mobile e-flex e-con e-parent\" data-id=\"50b346\" data-element_type=\"container\">\n\t\t\t\t<div class=\"elementor-element elementor-element-3ebadc10 elementor-widget elementor-widget-heading\" data-id=\"3ebadc10\" data-element_type=\"widget\" data-widget_type=\"heading.default\">\n\t\t\t\t<div class=\"elementor-widget-container\">\n\t\t\t<style>\/*! elementor - v3.21.0 - 30-04-2024 *\/\n.elementor-heading-title{padding:0;margin:0;line-height:1}.elementor-widget-heading .elementor-heading-title[class*=elementor-size-]>a{color:inherit;font-size:inherit;line-height:inherit}.elementor-widget-heading .elementor-heading-title.elementor-size-small{font-size:15px}.elementor-widget-heading .elementor-heading-title.elementor-size-medium{font-size:19px}.elementor-widget-heading .elementor-heading-title.elementor-size-large{font-size:29px}.elementor-widget-heading .elementor-heading-title.elementor-size-xl{font-size:39px}.elementor-widget-heading .elementor-heading-title.elementor-size-xxl{font-size:59px}<\/style><h2 class=\"elementor-heading-title elementor-size-default\">Ex\u00e0mens d'explotaci\u00f3<\/h2>\t\t<\/div>\n\t\t\t\t<\/div>\n\t\t\t\t<div class=\"elementor-element elementor-element-79192e6c elementor-widget elementor-widget-text-editor\" data-id=\"79192e6c\" data-element_type=\"widget\" data-widget_type=\"text-editor.default\">\n\t\t\t\t<div class=\"elementor-widget-container\">\n\t\t\t<style>\/*! elementor - v3.21.0 - 30-04-2024 *\/\n.elementor-widget-text-editor.elementor-drop-cap-view-stacked .elementor-drop-cap{background-color:#69727d;color:#fff}.elementor-widget-text-editor.elementor-drop-cap-view-framed .elementor-drop-cap{color:#69727d;border:3px solid;background-color:transparent}.elementor-widget-text-editor:not(.elementor-drop-cap-view-default) .elementor-drop-cap{margin-top:8px}.elementor-widget-text-editor:not(.elementor-drop-cap-view-default) .elementor-drop-cap-letter{width:1em;height:1em}.elementor-widget-text-editor .elementor-drop-cap{float:left;text-align:center;line-height:1;font-size:50px}.elementor-widget-text-editor .elementor-drop-cap-letter{display:inline-block}<\/style>\t\t\t\t<p>Els ex\u00e0mens d\u2019explotaci\u00f3 reconeixen l\u2019assimilaci\u00f3 dels continguts i capaciten els empleats. Aquestes certificacions professionals s\u00f3n lliurades pel DSF i pel Ministeri d\u2019Economia, Competitivitat i Innovaci\u00f3 del Govern d\u2019Andorra.<\/p><p>Per tal de poder presentar-se als ex\u00e0mens, cal formar part de la plantilla de l\u2019estaci\u00f3, que decidir\u00e0 qui s\u2019hi inscriu, segons els requisits i l\u2019experi\u00e8ncia que exigeix cada tipus de formaci\u00f3<\/p>\t\t\t\t\t\t<\/div>\n\t\t\t\t<\/div>\n\t\t\t\t<\/div>\n\t\t<div class=\"elementor-element elementor-element-165293c e-con-full e-flex e-con e-child\" data-id=\"165293c\" data-element_type=\"container\">\n\t\t<div class=\"elementor-element elementor-element-c51bd77 e-con-full e-flex e-con e-child\" data-id=\"c51bd77\" data-element_type=\"container\">\n\t\t\t\t<div class=\"elementor-element elementor-element-2f2f47c elementor-widget elementor-widget-heading\" data-id=\"2f2f47c\" data-element_type=\"widget\" data-widget_type=\"heading.default\">\n\t\t\t\t<div class=\"elementor-widget-container\">\n\t\t\t<h2 class=\"elementor-heading-title elementor-size-default\">Ex\u00e0mens d'explotaci\u00f3<\/h2>\t\t<\/div>\n\t\t\t\t<\/div>\n\t\t\t\t<div class=\"elementor-element elementor-element-c6eba25 elementor-widget elementor-widget-text-editor\" data-id=\"c6eba25\" data-element_type=\"widget\" data-widget_type=\"text-editor.default\">\n\t\t\t\t<div class=\"elementor-widget-container\">\n\t\t\t\t\t\t\t<p>Els ex\u00e0mens d\u2019explotaci\u00f3 reconeixen l\u2019assimilaci\u00f3 dels continguts i capaciten els empleats. Aquestes certificacions professionals s\u00f3n lliurades pel Domaines Skiables de France (DSF) i pel Ministeri d\u2019Economia del Govern d\u2019Andorra.<\/p><p>Per tal de poder presentar-se als ex\u00e0mens, cal formar part de la plantilla de l\u2019estaci\u00f3, que decidir\u00e0 qui s\u2019hi inscriu, segons els requisits i l\u2019experi\u00e8ncia que exigeix cada tipus de formaci\u00f3.<\/p>\t\t\t\t\t\t<\/div>\n\t\t\t\t<\/div>\n\t\t\t\t<\/div>\n\t\t\t\t<\/div>\n\t\t<div class=\"elementor-element elementor-element-6f59673 e-con-full e-flex e-con e-parent\" data-id=\"6f59673\" data-element_type=\"container\">\n\t\t\t\t<div class=\"elementor-element elementor-element-4fc36c9 elementor-widget elementor-widget-heading\" data-id=\"4fc36c9\" data-element_type=\"widget\" data-widget_type=\"heading.default\">\n\t\t\t\t<div class=\"elementor-widget-container\">\n\t\t\t<h1 class=\"elementor-heading-title elementor-size-default\">Agent de remuntadors mec\u00e0nics i dominis esquiables<\/h1>\t\t<\/div>\n\t\t\t\t<\/div>\n\t\t<div class=\"elementor-element elementor-element-65c35fc e-con-full e-flex e-con e-child\" data-id=\"65c35fc\" data-element_type=\"container\">\n\t\t<div class=\"elementor-element elementor-element-f4abfbb e-con-full e-flex e-con e-child\" data-id=\"f4abfbb\" data-element_type=\"container\">\n\t\t\t\t<div class=\"elementor-element elementor-element-4475e0f elementor-widget elementor-widget-text-editor\" data-id=\"4475e0f\" data-element_type=\"widget\" data-widget_type=\"text-editor.default\">\n\t\t\t\t<div class=\"elementor-widget-container\">\n\t\t\t\t\t\t\t<span style=\"font-weight: 100;\">La formaci\u00f3 d\u2019agent de remuntadors mec\u00e0nics i dominis esquiables \u00e9s el certificat de base per poder accedir a la resta de formacions. Aquesta formaci\u00f3 certifica els coneixements b\u00e0sics de l\u2019empresa, del seu entorn i de la resta d\u2019associats professionals.<\/span>\t\t\t\t\t\t<\/div>\n\t\t\t\t<\/div>\n\t\t\t\t<div class=\"elementor-element elementor-element-cefdf66 elementor-widget elementor-widget-text-editor\" data-id=\"cefdf66\" data-element_type=\"widget\" data-widget_type=\"text-editor.default\">\n\t\t\t\t<div class=\"elementor-widget-container\">\n\t\t\t\t\t\t\t<strong style=\"font-weight: 600;\">Requisits per a presentar-se a l\u2019examen per a l\u2019obtenci\u00f3 del certificat de qualificaci\u00f3 profesional (CQP) d\u2019agent de remuntadors mec\u00e0nics i dominis esquiables:<\/strong>\t\t\t\t\t\t<\/div>\n\t\t\t\t<\/div>\n\t\t\t\t<div class=\"elementor-element elementor-element-29a4132 elementor-widget elementor-widget-text-editor\" data-id=\"29a4132\" data-element_type=\"widget\" data-widget_type=\"text-editor.default\">\n\t\t\t\t<div class=\"elementor-widget-container\">\n\t\t\t\t\t\t\t<span style=\"font-weight: 100;\">Es pot presentar a l\u2019examen tota persona empleada a l\u2019estaci\u00f3 d\u2019esqu\u00ed per tal d\u2019adquirir unes nocions generals i d\u2019explotaci\u00f3 en particular.<\/span>\t\t\t\t\t\t<\/div>\n\t\t\t\t<\/div>\n\t\t\t\t<div class=\"elementor-element elementor-element-7f80e1c elementor-widget elementor-widget-text-editor\" data-id=\"7f80e1c\" data-element_type=\"widget\" data-widget_type=\"text-editor.default\">\n\t\t\t\t<div class=\"elementor-widget-container\">\n\t\t\t\t\t\t\t<p><strong style=\"font-weight: 600;\">Tipus d&#8217;examen:<br \/><\/strong><\/p>\t\t\t\t\t\t<\/div>\n\t\t\t\t<\/div>\n\t\t\t\t<div class=\"elementor-element elementor-element-7a14253 elementor-align-left elementor-icon-list--layout-traditional elementor-list-item-link-full_width elementor-widget elementor-widget-icon-list\" data-id=\"7a14253\" data-element_type=\"widget\" data-widget_type=\"icon-list.default\">\n\t\t\t\t<div class=\"elementor-widget-container\">\n\t\t\t<link rel=\"stylesheet\" href=\"https:\/\/skiandorra.ad\/wp-content\/plugins\/elementor\/assets\/css\/widget-icon-list.min.css\">\t\t<ul class=\"elementor-icon-list-items\">\n\t\t\t\t\t\t\t<li class=\"elementor-icon-list-item\">\n\t\t\t\t\t\t\t\t\t\t\t<span class=\"elementor-icon-list-icon\">\n\t\t\t\t\t\t\t<i aria-hidden=\"true\" class=\"fas fa-circle\"><\/i>\t\t\t\t\t\t<\/span>\n\t\t\t\t\t\t\t\t\t\t<span class=\"elementor-icon-list-text\">Prova te\u00f2rica de 45 minuts de durada, amb 100 preguntes de respostes m\u00faltiples.<\/span>\n\t\t\t\t\t\t\t\t\t<\/li>\n\t\t\t\t\t\t<\/ul>\n\t\t\t\t<\/div>\n\t\t\t\t<\/div>\n\t\t\t\t<div class=\"elementor-element elementor-element-162c330 elementor-widget elementor-widget-text-editor\" data-id=\"162c330\" data-element_type=\"widget\" data-widget_type=\"text-editor.default\">\n\t\t\t\t<div class=\"elementor-widget-container\">\n\t\t\t\t\t\t\t<strong style=\"font-weight: 600;\">Test de pr\u00e0ctica en l\u00ednia:<\/strong>\t\t\t\t\t\t<\/div>\n\t\t\t\t<\/div>\n\t\t\t\t<div class=\"elementor-element elementor-element-05d414f elementor-widget elementor-widget-text-editor\" data-id=\"05d414f\" data-element_type=\"widget\" data-widget_type=\"text-editor.default\">\n\t\t\t\t<div class=\"elementor-widget-container\">\n\t\t\t\t\t\t\t<span style=\"font-weight: 100;\">Aqu\u00ed podeu fer una pr\u00e0ctica en l\u00ednia d\u2019aquest examen, amb 50 preguntes que cal respondre en 25 minuts. \u00c9s important haver adquirit els coneixements abans de la fer la prova, ja que l\u2019objectiu \u00e9s avaluar el vostre nivell d\u2019assimilaci\u00f3 dels continguts.<\/span>\t\t\t\t\t\t<\/div>\n\t\t\t\t<\/div>\n\t\t\t\t<div class=\"elementor-element elementor-element-a55213d elementor-mobile-align-center elementor-tablet-align-center elementor-widget elementor-widget-button\" data-id=\"a55213d\" data-element_type=\"widget\" data-widget_type=\"button.default\">\n\t\t\t\t<div class=\"elementor-widget-container\">\n\t\t\t\t\t<div class=\"elementor-button-wrapper\">\n\t\t\t<a class=\"elementor-button elementor-button-link elementor-size-sm\" href=\"http:\/\/www.domaines-skiables.fr\/test-de-prova\/comencament-prova\/\" target=\"_blank\">\n\t\t\t\t\t\t<span class=\"elementor-button-content-wrapper\">\n\t\t\t\t\t\t\t\t\t<span class=\"elementor-button-text\">Practicar el test<\/span>\n\t\t\t\t\t<\/span>\n\t\t\t\t\t<\/a>\n\t\t<\/div>\n\t\t\t\t<\/div>\n\t\t\t\t<\/div>\n\t\t\t\t<\/div>\n\t\t<div class=\"elementor-element elementor-element-01f1c80 e-con-full e-flex e-con e-child\" data-id=\"01f1c80\" data-element_type=\"container\" data-settings=\"{&quot;background_background&quot;:&quot;classic&quot;}\">\n\t\t\t\t<\/div>\n\t\t\t\t<\/div>\n\t\t\t\t<\/div>\n\t\t<div class=\"elementor-element elementor-element-24f1d3a e-flex e-con-boxed e-con e-parent\" data-id=\"24f1d3a\" data-element_type=\"container\">\n\t\t\t\t\t<div class=\"e-con-inner\">\n\t\t<div class=\"elementor-element elementor-element-0ab1af1 e-con-full e-flex e-con e-child\" data-id=\"0ab1af1\" data-element_type=\"container\">\n\t\t\t\t<div class=\"elementor-element elementor-element-1b6e118 flechas-formacions elementor-widget elementor-widget-heading\" data-id=\"1b6e118\" data-element_type=\"widget\" data-widget_type=\"heading.default\">\n\t\t\t\t<div class=\"elementor-widget-container\">\n\t\t\t<h2 class=\"elementor-heading-title elementor-size-default\"><a href=\"https:\/\/skiandorra.ad\/ca\/examens-conductor-de-teleesqui\/\"><span class=\"hover-item\" style=\"font-family:'Futura Bk BT'; font-size:20px!important;font-weight:100; position:relative;top:-10px!important\">Conductor de teleesqui<\/span> <<\/a><\/h2>\t\t<\/div>\n\t\t\t\t<\/div>\n\t\t\t\t<\/div>\n\t\t<div class=\"elementor-element elementor-element-5fa218d e-con-full e-flex e-con e-child\" data-id=\"5fa218d\" data-element_type=\"container\">\n\t\t\t\t<div class=\"elementor-element elementor-element-8514586 flechas-formacions elementor-widget elementor-widget-heading\" data-id=\"8514586\" data-element_type=\"widget\" data-widget_type=\"heading.default\">\n\t\t\t\t<div class=\"elementor-widget-container\">\n\t\t\t<h2 class=\"elementor-heading-title elementor-size-default\"><a href=\"\/examens-conductor-de-telecadira\/\">> <span class=\"hover-item\" style=\"font-family:'Futura Bk BT'; font-size:20px!important;font-weight:100; position:relative;top:-10px!important\">Conductor de telecadira<\/span><\/a><\/h2>\t\t<\/div>\n\t\t\t\t<\/div>\n\t\t\t\t<\/div>\n\t\t\t\t\t<\/div>\n\t\t\t\t<\/div>\n\t\t\t\t<\/div>\n\t\t","protected":false},"excerpt":{"rendered":"<p>Ex\u00e0mens d&#8217;explotaci\u00f3 Els ex\u00e0mens d\u2019explotaci\u00f3 reconeixen l\u2019assimilaci\u00f3 dels continguts i capaciten els empleats. Aquestes certificacions professionals s\u00f3n lliurades pel DSF i pel Ministeri d\u2019Economia, Competitivitat i Innovaci\u00f3 del Govern d\u2019Andorra. Per tal de poder presentar-se als ex\u00e0mens, cal formar part de la plantilla de l\u2019estaci\u00f3, que decidir\u00e0 qui s\u2019hi inscriu, segons els requisits i l\u2019experi\u00e8ncia [&hellip;]<\/p>\n","protected":false},"author":1,"featured_media":0,"parent":0,"menu_order":0,"comment_status":"closed","ping_status":"closed","template":"","meta":{"inline_featured_image":false,"footnotes":""},"class_list":["post-312","page","type-page","status-publish","hentry"],"_links":{"self":[{"href":"https:\/\/skiandorra.ad\/ca\/wp-json\/wp\/v2\/pages\/312","targetHints":{"allow":["GET"]}}],"collection":[{"href":"https:\/\/skiandorra.ad\/ca\/wp-json\/wp\/v2\/pages"}],"about":[{"href":"https:\/\/skiandorra.ad\/ca\/wp-json\/wp\/v2\/types\/page"}],"author":[{"embeddable":true,"href":"https:\/\/skiandorra.ad\/ca\/wp-json\/wp\/v2\/users\/1"}],"replies":[{"embeddable":true,"href":"https:\/\/skiandorra.ad\/ca\/wp-json\/wp\/v2\/comments?post=312"}],"version-history":[{"count":154,"href":"https:\/\/skiandorra.ad\/ca\/wp-json\/wp\/v2\/pages\/312\/revisions"}],"predecessor-version":[{"id":5476,"href":"https:\/\/skiandorra.ad\/ca\/wp-json\/wp\/v2\/pages\/312\/revisions\/5476"}],"wp:attachment":[{"href":"https:\/\/skiandorra.ad\/ca\/wp-json\/wp\/v2\/media?parent=312"}],"curies":[{"name":"wp","href":"https:\/\/api.w.org\/{rel}","templated":true}]}}