{"id":338,"date":"2024-01-05T09:00:26","date_gmt":"2024-01-05T08:00:26","guid":{"rendered":"https:\/\/skiandorra.ad\/?page_id=338"},"modified":"2024-07-19T09:36:06","modified_gmt":"2024-07-19T07:36:06","slug":"examens-conductor-de-teleesqui","status":"publish","type":"page","link":"https:\/\/skiandorra.ad\/ca\/examens-conductor-de-teleesqui\/","title":{"rendered":"Ex\u00e0mens &#8211; Conductor de teleesqu\u00ed"},"content":{"rendered":"\t\t<div data-elementor-type=\"wp-page\" data-elementor-id=\"338\" class=\"elementor elementor-338\" data-elementor-post-type=\"page\">\n\t\t\t\t<div class=\"elementor-element elementor-element-196342f8 e-flex e-con-boxed e-con e-parent\" data-id=\"196342f8\" data-element_type=\"container\" data-settings=\"{&quot;background_background&quot;:&quot;classic&quot;}\">\n\t\t\t\t\t<div class=\"e-con-inner\">\n\t\t\t\t\t<\/div>\n\t\t\t\t<\/div>\n\t\t<div class=\"elementor-element elementor-element-2dfdd9d9 e-con-full e-flex e-con e-parent\" data-id=\"2dfdd9d9\" data-element_type=\"container\">\n\t\t\t\t<div class=\"elementor-element elementor-element-51b722e6 elementor-widget elementor-widget-heading\" data-id=\"51b722e6\" data-element_type=\"widget\" data-widget_type=\"heading.default\">\n\t\t\t\t<div class=\"elementor-widget-container\">\n\t\t\t<style>\/*! elementor - v3.21.0 - 30-04-2024 *\/\n.elementor-heading-title{padding:0;margin:0;line-height:1}.elementor-widget-heading .elementor-heading-title[class*=elementor-size-]>a{color:inherit;font-size:inherit;line-height:inherit}.elementor-widget-heading .elementor-heading-title.elementor-size-small{font-size:15px}.elementor-widget-heading .elementor-heading-title.elementor-size-medium{font-size:19px}.elementor-widget-heading .elementor-heading-title.elementor-size-large{font-size:29px}.elementor-widget-heading .elementor-heading-title.elementor-size-xl{font-size:39px}.elementor-widget-heading .elementor-heading-title.elementor-size-xxl{font-size:59px}<\/style><h2 class=\"elementor-heading-title elementor-size-default\">Ex\u00e0mens d'explotaci\u00f3<\/h2>\t\t<\/div>\n\t\t\t\t<\/div>\n\t\t\t\t<div class=\"elementor-element elementor-element-37123c17 elementor-widget elementor-widget-text-editor\" data-id=\"37123c17\" data-element_type=\"widget\" data-widget_type=\"text-editor.default\">\n\t\t\t\t<div class=\"elementor-widget-container\">\n\t\t\t<style>\/*! elementor - v3.21.0 - 30-04-2024 *\/\n.elementor-widget-text-editor.elementor-drop-cap-view-stacked .elementor-drop-cap{background-color:#69727d;color:#fff}.elementor-widget-text-editor.elementor-drop-cap-view-framed .elementor-drop-cap{color:#69727d;border:3px solid;background-color:transparent}.elementor-widget-text-editor:not(.elementor-drop-cap-view-default) .elementor-drop-cap{margin-top:8px}.elementor-widget-text-editor:not(.elementor-drop-cap-view-default) .elementor-drop-cap-letter{width:1em;height:1em}.elementor-widget-text-editor .elementor-drop-cap{float:left;text-align:center;line-height:1;font-size:50px}.elementor-widget-text-editor .elementor-drop-cap-letter{display:inline-block}<\/style>\t\t\t\t<p>Els ex\u00e0mens d\u2019explotaci\u00f3 reconeixen l\u2019assimilaci\u00f3 dels continguts i capaciten els empleats. Aquestes certificacions professionals s\u00f3n lliurades pel Domaines Skiables de France (DSF) i pel Ministeri d\u2019Economia, Competitivitat i Innovaci\u00f3 del Govern d\u2019Andorra.<\/p><p>Per tal de poder presentar-se als ex\u00e0mens, cal formar part de la plantilla de l\u2019estaci\u00f3, que decidir\u00e0 qui s\u2019hi inscriu, segons els requisits i l\u2019experi\u00e8ncia que exigeix cada tipus de formaci\u00f3.<\/p>\t\t\t\t\t\t<\/div>\n\t\t\t\t<\/div>\n\t\t\t\t<\/div>\n\t\t<div class=\"elementor-element elementor-element-314f483 e-con-full e-flex e-con e-parent\" data-id=\"314f483\" data-element_type=\"container\">\n\t\t\t\t<div class=\"elementor-element elementor-element-464adb8f elementor-widget elementor-widget-heading\" data-id=\"464adb8f\" data-element_type=\"widget\" data-widget_type=\"heading.default\">\n\t\t\t\t<div class=\"elementor-widget-container\">\n\t\t\t<h1 class=\"elementor-heading-title elementor-size-default\">Conductor de teleesqu\u00ed<\/h1>\t\t<\/div>\n\t\t\t\t<\/div>\n\t\t<div class=\"elementor-element elementor-element-eb28675 e-con-full e-flex e-con e-child\" data-id=\"eb28675\" data-element_type=\"container\">\n\t\t<div class=\"elementor-element elementor-element-d5db36d e-con-full e-flex e-con e-child\" data-id=\"d5db36d\" data-element_type=\"container\">\n\t\t\t\t<div class=\"elementor-element elementor-element-5333f6f elementor-widget elementor-widget-text-editor\" data-id=\"5333f6f\" data-element_type=\"widget\" data-widget_type=\"text-editor.default\">\n\t\t\t\t<div class=\"elementor-widget-container\">\n\t\t\t\t\t\t\tEl teleesqu\u00ed \u00e9s un sistema mec\u00e0nic per transportar esquiadors per un pendent normalment poc pronunciat. \u00c9s important con\u00e8ixer el funcionament d\u2019aquests aparells, ja que solen trobar-se a les zones d\u2019aprenentatge i \u00e9s el primer tipus d\u2019aparell amb el qual es familiaritzen els infants i els esquiadors novells.<br>Durant el curs s\u2019apr\u00e8n el funcionament mec\u00e0nic d\u2019aquest giny i les seves caracter\u00edstiques.\t\t\t\t\t\t<\/div>\n\t\t\t\t<\/div>\n\t\t\t\t<div class=\"elementor-element elementor-element-3c5c088 elementor-widget elementor-widget-text-editor\" data-id=\"3c5c088\" data-element_type=\"widget\" data-widget_type=\"text-editor.default\">\n\t\t\t\t<div class=\"elementor-widget-container\">\n\t\t\t\t\t\t\t<strong style=\"font-weight: 600;\">Requisits per presentar-se a l\u2019examen per a l\u2019obtenci\u00f3 del certificat de qualificaci\u00f3 professional (CQP) per a conductor de teleesqu\u00ed:<\/strong>\t\t\t\t\t\t<\/div>\n\t\t\t\t<\/div>\n\t\t\t\t<div class=\"elementor-element elementor-element-561cd67 elementor-align-left elementor-icon-list--layout-traditional elementor-list-item-link-full_width elementor-widget elementor-widget-icon-list\" data-id=\"561cd67\" data-element_type=\"widget\" data-widget_type=\"icon-list.default\">\n\t\t\t\t<div class=\"elementor-widget-container\">\n\t\t\t<link rel=\"stylesheet\" href=\"https:\/\/skiandorra.ad\/wp-content\/plugins\/elementor\/assets\/css\/widget-icon-list.min.css\">\t\t<ul class=\"elementor-icon-list-items\">\n\t\t\t\t\t\t\t<li class=\"elementor-icon-list-item\">\n\t\t\t\t\t\t\t\t\t\t\t<span class=\"elementor-icon-list-icon\">\n\t\t\t\t\t\t\t<i aria-hidden=\"true\" class=\"fas fa-circle\"><\/i>\t\t\t\t\t\t<\/span>\n\t\t\t\t\t\t\t\t\t\t<span class=\"elementor-icon-list-text\">Disposar del t\u00edtol AE (d\u2019agent d\u2019explotaci\u00f3). <\/span>\n\t\t\t\t\t\t\t\t\t<\/li>\n\t\t\t\t\t\t\t\t<li class=\"elementor-icon-list-item\">\n\t\t\t\t\t\t\t\t\t\t\t<span class=\"elementor-icon-list-icon\">\n\t\t\t\t\t\t\t<i aria-hidden=\"true\" class=\"fas fa-circle\"><\/i>\t\t\t\t\t\t<\/span>\n\t\t\t\t\t\t\t\t\t\t<span class=\"elementor-icon-list-text\">Tenir una experi\u00e8ncia m\u00ednima d\u2019una temporada treballant amb l\u2019aparell.<\/span>\n\t\t\t\t\t\t\t\t\t<\/li>\n\t\t\t\t\t\t\t\t<li class=\"elementor-icon-list-item\">\n\t\t\t\t\t\t\t\t\t\t\t<span class=\"elementor-icon-list-icon\">\n\t\t\t\t\t\t\t<i aria-hidden=\"true\" class=\"fas fa-circle\"><\/i>\t\t\t\t\t\t<\/span>\n\t\t\t\t\t\t\t\t\t\t<span class=\"elementor-icon-list-text\">Cal ser presentat per l\u2019estaci\u00f3.<\/span>\n\t\t\t\t\t\t\t\t\t<\/li>\n\t\t\t\t\t\t\t\t<li class=\"elementor-icon-list-item\">\n\t\t\t\t\t\t\t\t\t\t\t<span class=\"elementor-icon-list-icon\">\n\t\t\t\t\t\t\t<i aria-hidden=\"true\" class=\"fas fa-circle\"><\/i>\t\t\t\t\t\t<\/span>\n\t\t\t\t\t\t\t\t\t\t<span class=\"elementor-icon-list-text\">Per poder fer la prova pr\u00e0ctica, el candidat ha d\u2019estar certificat per l\u2019estaci\u00f3 de la seva aptitud en treballs d\u2019al\u00e7ada, i \u00e9s obligatori tenir un nivell m\u00ednim d\u2019esqu\u00ed personal.<\/span>\n\t\t\t\t\t\t\t\t\t<\/li>\n\t\t\t\t\t\t<\/ul>\n\t\t\t\t<\/div>\n\t\t\t\t<\/div>\n\t\t\t\t<div class=\"elementor-element elementor-element-815354e elementor-widget elementor-widget-text-editor\" data-id=\"815354e\" data-element_type=\"widget\" data-widget_type=\"text-editor.default\">\n\t\t\t\t<div class=\"elementor-widget-container\">\n\t\t\t\t\t\t\t<strong style=\"font-weight: 600;\">Tipus d\u2019examen:<\/strong>\t\t\t\t\t\t<\/div>\n\t\t\t\t<\/div>\n\t\t\t\t<div class=\"elementor-element elementor-element-aed66e4 elementor-align-left elementor-icon-list--layout-traditional elementor-list-item-link-full_width elementor-widget elementor-widget-icon-list\" data-id=\"aed66e4\" data-element_type=\"widget\" data-widget_type=\"icon-list.default\">\n\t\t\t\t<div class=\"elementor-widget-container\">\n\t\t\t\t\t<ul class=\"elementor-icon-list-items\">\n\t\t\t\t\t\t\t<li class=\"elementor-icon-list-item\">\n\t\t\t\t\t\t\t\t\t\t\t<span class=\"elementor-icon-list-icon\">\n\t\t\t\t\t\t\t<i aria-hidden=\"true\" class=\"fas fa-circle\"><\/i>\t\t\t\t\t\t<\/span>\n\t\t\t\t\t\t\t\t\t\t<span class=\"elementor-icon-list-text\">Prova te\u00f2rica: 100 preguntes de respostes m\u00faltiples. (45 minuts d\u2019examen)<\/span>\n\t\t\t\t\t\t\t\t\t<\/li>\n\t\t\t\t\t\t<\/ul>\n\t\t\t\t<\/div>\n\t\t\t\t<\/div>\n\t\t\t\t<div class=\"elementor-element elementor-element-870c07d elementor-widget elementor-widget-text-editor\" data-id=\"870c07d\" data-element_type=\"widget\" data-widget_type=\"text-editor.default\">\n\t\t\t\t<div class=\"elementor-widget-container\">\n\t\t\t\t\t\t\t<strong style=\"font-weight: 600;\">Prova pr\u00e0ctica:<\/strong>\t\t\t\t\t\t<\/div>\n\t\t\t\t<\/div>\n\t\t\t\t<div class=\"elementor-element elementor-element-beb02b7 elementor-align-left elementor-icon-list--layout-traditional elementor-list-item-link-full_width elementor-widget elementor-widget-icon-list\" data-id=\"beb02b7\" data-element_type=\"widget\" data-widget_type=\"icon-list.default\">\n\t\t\t\t<div class=\"elementor-widget-container\">\n\t\t\t\t\t<ul class=\"elementor-icon-list-items\">\n\t\t\t\t\t\t\t<li class=\"elementor-icon-list-item\">\n\t\t\t\t\t\t\t\t\t\t\t<span class=\"elementor-icon-list-icon\">\n\t\t\t\t\t\t\t<i aria-hidden=\"true\" class=\"fas fa-circle\"><\/i>\t\t\t\t\t\t<\/span>\n\t\t\t\t\t\t\t\t\t\t<span class=\"elementor-icon-list-text\">Es fa a la instal\u00b7laci\u00f3 on el candidat treballa habitualment, responent a preguntes sobre aspectes espec\u00edfics i tecnol\u00f2gics de l\u2019aparell aix\u00ed com a situacions pr\u00e0ctiques sobre el terreny (prova aprox. d\u2019una hora).<\/span>\n\t\t\t\t\t\t\t\t\t<\/li>\n\t\t\t\t\t\t<\/ul>\n\t\t\t\t<\/div>\n\t\t\t\t<\/div>\n\t\t\t\t<\/div>\n\t\t<div class=\"elementor-element elementor-element-afac243 e-con-full e-flex e-con e-child\" data-id=\"afac243\" data-element_type=\"container\" data-settings=\"{&quot;background_background&quot;:&quot;classic&quot;}\">\n\t\t\t\t<\/div>\n\t\t\t\t<\/div>\n\t\t\t\t<\/div>\n\t\t<div class=\"elementor-element elementor-element-883e085 e-flex e-con-boxed e-con e-parent\" data-id=\"883e085\" data-element_type=\"container\">\n\t\t\t\t\t<div class=\"e-con-inner\">\n\t\t<div class=\"elementor-element elementor-element-98ef4f0 e-con-full e-flex e-con e-child\" data-id=\"98ef4f0\" data-element_type=\"container\">\n\t\t\t\t<div class=\"elementor-element elementor-element-1fbe0f6 flechas-formacions elementor-widget elementor-widget-heading\" data-id=\"1fbe0f6\" data-element_type=\"widget\" data-widget_type=\"heading.default\">\n\t\t\t\t<div class=\"elementor-widget-container\">\n\t\t\t<h2 class=\"elementor-heading-title elementor-size-default\"><a href=\"\/examens-conductor-de-maquina-trepitjaneu\/\"><span style=\"font-family:'Futura Bk BT'; font-size:20px!important;font-weight:100; position:relative;top:-10px!important\">Conductor de m\u00e0quina trepitjaneu<\/span> <<\/a><\/h2>\t\t<\/div>\n\t\t\t\t<\/div>\n\t\t\t\t<\/div>\n\t\t<div class=\"elementor-element elementor-element-04545d6 e-con-full e-flex e-con e-child\" data-id=\"04545d6\" data-element_type=\"container\">\n\t\t\t\t<div class=\"elementor-element elementor-element-22c4dc8 flechas-formacions elementor-widget elementor-widget-heading\" data-id=\"22c4dc8\" data-element_type=\"widget\" data-widget_type=\"heading.default\">\n\t\t\t\t<div class=\"elementor-widget-container\">\n\t\t\t<h2 class=\"elementor-heading-title elementor-size-default\"><a href=\"https:\/\/skiandorra.ad\/ca\/examens-agent-de-remuntadors-mecanics-i-dominis-esquiables\/\">> <span style=\"font-family:'Futura Bk BT'; font-size:20px!important;font-weight:100; position:relative;top:-10px!important\">Agent de remuntadors<\/span><\/a><\/h2>\t\t<\/div>\n\t\t\t\t<\/div>\n\t\t\t\t<\/div>\n\t\t\t\t\t<\/div>\n\t\t\t\t<\/div>\n\t\t\t\t<\/div>\n\t\t","protected":false},"excerpt":{"rendered":"<p>Ex\u00e0mens d&#8217;explotaci\u00f3 Els ex\u00e0mens d\u2019explotaci\u00f3 reconeixen l\u2019assimilaci\u00f3 dels continguts i capaciten els empleats. Aquestes certificacions professionals s\u00f3n lliurades pel Domaines Skiables de France (DSF) i pel Ministeri d\u2019Economia, Competitivitat i Innovaci\u00f3 del Govern d\u2019Andorra. Per tal de poder presentar-se als ex\u00e0mens, cal formar part de la plantilla de l\u2019estaci\u00f3, que decidir\u00e0 qui s\u2019hi inscriu, segons [&hellip;]<\/p>\n","protected":false},"author":1,"featured_media":0,"parent":0,"menu_order":0,"comment_status":"closed","ping_status":"closed","template":"","meta":{"inline_featured_image":false,"footnotes":""},"class_list":["post-338","page","type-page","status-publish","hentry"],"_links":{"self":[{"href":"https:\/\/skiandorra.ad\/ca\/wp-json\/wp\/v2\/pages\/338","targetHints":{"allow":["GET"]}}],"collection":[{"href":"https:\/\/skiandorra.ad\/ca\/wp-json\/wp\/v2\/pages"}],"about":[{"href":"https:\/\/skiandorra.ad\/ca\/wp-json\/wp\/v2\/types\/page"}],"author":[{"embeddable":true,"href":"https:\/\/skiandorra.ad\/ca\/wp-json\/wp\/v2\/users\/1"}],"replies":[{"embeddable":true,"href":"https:\/\/skiandorra.ad\/ca\/wp-json\/wp\/v2\/comments?post=338"}],"version-history":[{"count":82,"href":"https:\/\/skiandorra.ad\/ca\/wp-json\/wp\/v2\/pages\/338\/revisions"}],"predecessor-version":[{"id":5019,"href":"https:\/\/skiandorra.ad\/ca\/wp-json\/wp\/v2\/pages\/338\/revisions\/5019"}],"wp:attachment":[{"href":"https:\/\/skiandorra.ad\/ca\/wp-json\/wp\/v2\/media?parent=338"}],"curies":[{"name":"wp","href":"https:\/\/api.w.org\/{rel}","templated":true}]}}