{"id":358,"date":"2024-01-05T11:45:57","date_gmt":"2024-01-05T10:45:57","guid":{"rendered":"https:\/\/skiandorra.ad\/?page_id=358"},"modified":"2024-07-19T09:18:10","modified_gmt":"2024-07-19T07:18:10","slug":"altres-formacions","status":"publish","type":"page","link":"https:\/\/skiandorra.ad\/ca\/altres-formacions\/","title":{"rendered":"Altres formacions"},"content":{"rendered":"\t\t<div data-elementor-type=\"wp-page\" data-elementor-id=\"358\" class=\"elementor elementor-358\" data-elementor-post-type=\"page\">\n\t\t\t\t<div class=\"elementor-element elementor-element-619ae2b6 e-flex e-con-boxed e-con e-parent\" data-id=\"619ae2b6\" data-element_type=\"container\" data-settings=\"{&quot;background_background&quot;:&quot;classic&quot;}\">\n\t\t\t\t\t<div class=\"e-con-inner\">\n\t\t\t\t\t<\/div>\n\t\t\t\t<\/div>\n\t\t<div class=\"elementor-element elementor-element-376eb2ac e-con-full e-flex e-con e-parent\" data-id=\"376eb2ac\" data-element_type=\"container\">\n\t\t\t\t<div class=\"elementor-element elementor-element-38e3cad7 elementor-widget elementor-widget-heading\" data-id=\"38e3cad7\" data-element_type=\"widget\" data-widget_type=\"heading.default\">\n\t\t\t\t<div class=\"elementor-widget-container\">\n\t\t\t<style>\/*! elementor - v3.21.0 - 30-04-2024 *\/\n.elementor-heading-title{padding:0;margin:0;line-height:1}.elementor-widget-heading .elementor-heading-title[class*=elementor-size-]>a{color:inherit;font-size:inherit;line-height:inherit}.elementor-widget-heading .elementor-heading-title.elementor-size-small{font-size:15px}.elementor-widget-heading .elementor-heading-title.elementor-size-medium{font-size:19px}.elementor-widget-heading .elementor-heading-title.elementor-size-large{font-size:29px}.elementor-widget-heading .elementor-heading-title.elementor-size-xl{font-size:39px}.elementor-widget-heading .elementor-heading-title.elementor-size-xxl{font-size:59px}<\/style><h2 class=\"elementor-heading-title elementor-size-default\">Altres Formacions<\/h2>\t\t<\/div>\n\t\t\t\t<\/div>\n\t\t\t\t<div class=\"elementor-element elementor-element-35d91534 elementor-widget elementor-widget-text-editor\" data-id=\"35d91534\" data-element_type=\"widget\" data-widget_type=\"text-editor.default\">\n\t\t\t\t<div class=\"elementor-widget-container\">\n\t\t\t<style>\/*! elementor - v3.21.0 - 30-04-2024 *\/\n.elementor-widget-text-editor.elementor-drop-cap-view-stacked .elementor-drop-cap{background-color:#69727d;color:#fff}.elementor-widget-text-editor.elementor-drop-cap-view-framed .elementor-drop-cap{color:#69727d;border:3px solid;background-color:transparent}.elementor-widget-text-editor:not(.elementor-drop-cap-view-default) .elementor-drop-cap{margin-top:8px}.elementor-widget-text-editor:not(.elementor-drop-cap-view-default) .elementor-drop-cap-letter{width:1em;height:1em}.elementor-widget-text-editor .elementor-drop-cap{float:left;text-align:center;line-height:1;font-size:50px}.elementor-widget-text-editor .elementor-drop-cap-letter{display:inline-block}<\/style>\t\t\t\tSkiAndorra coordina tamb\u00e9 altres formacions totes relacionades amb els diferents oficis i tasques que es duen a terme en una estaci\u00f3 d\u2019esqu\u00ed\t\t\t\t\t\t<\/div>\n\t\t\t\t<\/div>\n\t\t\t\t<\/div>\n\t\t<div class=\"elementor-element elementor-element-359e01a9 e-con-full e-flex e-con e-parent\" data-id=\"359e01a9\" data-element_type=\"container\">\n\t\t\t\t<div class=\"elementor-element elementor-element-1243d701 elementor-widget elementor-widget-heading\" data-id=\"1243d701\" data-element_type=\"widget\" data-widget_type=\"heading.default\">\n\t\t\t\t<div class=\"elementor-widget-container\">\n\t\t\t<h2 class=\"elementor-heading-title elementor-size-default\">Formaci\u00f3 de t\u00e8cnic d'esqu\u00ed alp\u00ed en el jard\u00ed de neu<\/h2>\t\t<\/div>\n\t\t\t\t<\/div>\n\t\t<div class=\"elementor-element elementor-element-1d27f9eb e-con-full e-flex e-con e-child\" data-id=\"1d27f9eb\" data-element_type=\"container\">\n\t\t<div class=\"elementor-element elementor-element-68a6106f e-con-full e-flex e-con e-child\" data-id=\"68a6106f\" data-element_type=\"container\">\n\t\t\t\t<div class=\"elementor-element elementor-element-4cc29975 elementor-widget elementor-widget-text-editor\" data-id=\"4cc29975\" data-element_type=\"widget\" data-widget_type=\"text-editor.default\">\n\t\t\t\t<div class=\"elementor-widget-container\">\n\t\t\t\t\t\t\t<p>L\u2019objectiu \u00e9s formar professionals que s\u2019encarregaran d\u2019introduir els infants en el m\u00f3n de la neu. En molts casos, el primer contacte d\u2019un infant amb la neu i amb l\u2019esqu\u00ed \u00e9s a trav\u00e9s dels jardins de neu, per aix\u00f2 \u00e9s important que aquests candidats estiguin formats.<\/p><p>\u00c9s una formaci\u00f3 que organitza l\u2019Escola de Formaci\u00f3 de Professions Esportives i de Muntanya (EFPEM) i que coordina Ski Andorra.<\/p>\t\t\t\t\t\t<\/div>\n\t\t\t\t<\/div>\n\t\t\t\t<div class=\"elementor-element elementor-element-3574d37 elementor-widget elementor-widget-text-editor\" data-id=\"3574d37\" data-element_type=\"widget\" data-widget_type=\"text-editor.default\">\n\t\t\t\t<div class=\"elementor-widget-container\">\n\t\t\t\t\t\t\tRequisits per presentar-s\u2019hi:\t\t\t\t\t\t<\/div>\n\t\t\t\t<\/div>\n\t\t\t\t<div class=\"elementor-element elementor-element-c62edda elementor-widget elementor-widget-text-editor\" data-id=\"c62edda\" data-element_type=\"widget\" data-widget_type=\"text-editor.default\">\n\t\t\t\t<div class=\"elementor-widget-container\">\n\t\t\t\t\t\t\t<ul><li>\u00c9s indispensable poder demostrar un nivell d\u2019esqu\u00ed m\u00ednim de viratge elemental.<\/li><\/ul>\t\t\t\t\t\t<\/div>\n\t\t\t\t<\/div>\n\t\t\t\t<div class=\"elementor-element elementor-element-60d3f28 elementor-widget elementor-widget-text-editor\" data-id=\"60d3f28\" data-element_type=\"widget\" data-widget_type=\"text-editor.default\">\n\t\t\t\t<div class=\"elementor-widget-container\">\n\t\t\t\t\t\t\t<ul><li>Disposar del curs de primers socors c\u00edvics (PSC).<\/li><\/ul>\t\t\t\t\t\t<\/div>\n\t\t\t\t<\/div>\n\t\t\t\t<div class=\"elementor-element elementor-element-fb2bdff elementor-widget elementor-widget-text-editor\" data-id=\"fb2bdff\" data-element_type=\"widget\" data-widget_type=\"text-editor.default\">\n\t\t\t\t<div class=\"elementor-widget-container\">\n\t\t\t\t\t\t\t<ul>\n \t<li>Cal ser presentat per l\u2019estaci\u00f3.<\/li>\n<\/ul>\t\t\t\t\t\t<\/div>\n\t\t\t\t<\/div>\n\t\t\t\t<div class=\"elementor-element elementor-element-c431df8 elementor-widget elementor-widget-text-editor\" data-id=\"c431df8\" data-element_type=\"widget\" data-widget_type=\"text-editor.default\">\n\t\t\t\t<div class=\"elementor-widget-container\">\n\t\t\t\t\t\t\tSki Andorra coordina un curs de PSC per als candidats que no tinguin la titulaci\u00f3.\t\t\t\t\t\t<\/div>\n\t\t\t\t<\/div>\n\t\t\t\t<div class=\"elementor-element elementor-element-32c54be elementor-widget elementor-widget-text-editor\" data-id=\"32c54be\" data-element_type=\"widget\" data-widget_type=\"text-editor.default\">\n\t\t\t\t<div class=\"elementor-widget-container\">\n\t\t\t\t\t\t\tPROGRAMA DE LA FORMACI\u00d3\t\t\t\t\t\t<\/div>\n\t\t\t\t<\/div>\n\t\t\t\t<\/div>\n\t\t<div class=\"elementor-element elementor-element-b1eefa8 e-con-full e-flex e-con e-child\" data-id=\"b1eefa8\" data-element_type=\"container\" data-settings=\"{&quot;background_background&quot;:&quot;classic&quot;}\">\n\t\t\t\t<div class=\"elementor-element elementor-element-f0e2bef elementor-widget elementor-widget-spacer\" data-id=\"f0e2bef\" data-element_type=\"widget\" data-widget_type=\"spacer.default\">\n\t\t\t\t<div class=\"elementor-widget-container\">\n\t\t\t<style>\/*! elementor - v3.21.0 - 30-04-2024 *\/\n.elementor-column .elementor-spacer-inner{height:var(--spacer-size)}.e-con{--container-widget-width:100%}.e-con-inner>.elementor-widget-spacer,.e-con>.elementor-widget-spacer{width:var(--container-widget-width,var(--spacer-size));--align-self:var(--container-widget-align-self,initial);--flex-shrink:0}.e-con-inner>.elementor-widget-spacer>.elementor-widget-container,.e-con>.elementor-widget-spacer>.elementor-widget-container{height:100%;width:100%}.e-con-inner>.elementor-widget-spacer>.elementor-widget-container>.elementor-spacer,.e-con>.elementor-widget-spacer>.elementor-widget-container>.elementor-spacer{height:100%}.e-con-inner>.elementor-widget-spacer>.elementor-widget-container>.elementor-spacer>.elementor-spacer-inner,.e-con>.elementor-widget-spacer>.elementor-widget-container>.elementor-spacer>.elementor-spacer-inner{height:var(--container-widget-height,var(--spacer-size))}.e-con-inner>.elementor-widget-spacer.elementor-widget-empty,.e-con>.elementor-widget-spacer.elementor-widget-empty{position:relative;min-height:22px;min-width:22px}.e-con-inner>.elementor-widget-spacer.elementor-widget-empty .elementor-widget-empty-icon,.e-con>.elementor-widget-spacer.elementor-widget-empty .elementor-widget-empty-icon{position:absolute;top:0;bottom:0;left:0;right:0;margin:auto;padding:0;width:22px;height:22px}<\/style>\t\t<div class=\"elementor-spacer\">\n\t\t\t<div class=\"elementor-spacer-inner\"><\/div>\n\t\t<\/div>\n\t\t\t\t<\/div>\n\t\t\t\t<\/div>\n\t\t\t\t<\/div>\n\t\t\t\t<\/div>\n\t\t\t\t<\/div>\n\t\t<div class=\"elementor-element elementor-element-7a9bfd3 e-con-full e-flex e-con e-parent\" data-id=\"7a9bfd3\" data-element_type=\"container\">\n\t\t\t\t<div class=\"elementor-element elementor-element-6aede29 elementor-widget elementor-widget-text-editor\" data-id=\"6aede29\" data-element_type=\"widget\" data-widget_type=\"text-editor.default\">\n\t\t\t\t<div class=\"elementor-widget-container\">\n\t\t\t\t\t\t\t<p><strong style=\"font-weight: 600;\">Formaci\u00f3 pr\u00e0ctica:<\/strong> 3 dies en el terreny.<br \/><strong style=\"font-weight: 600;\">Formaci\u00f3 te\u00f2rica:<\/strong> 7 hores de psicopedagogia.<\/p>\t\t\t\t\t\t<\/div>\n\t\t\t\t<\/div>\n\t\t\t\t<\/div>\n\t\t\t\t<\/div>\n\t\t","protected":false},"excerpt":{"rendered":"<p>Altres Formacions SkiAndorra coordina tamb\u00e9 altres formacions totes relacionades amb els diferents oficis i tasques que es duen a terme en una estaci\u00f3 d\u2019esqu\u00ed Formaci\u00f3 de t\u00e8cnic d&#8217;esqu\u00ed alp\u00ed en el jard\u00ed de neu L\u2019objectiu \u00e9s formar professionals que s\u2019encarregaran d\u2019introduir els infants en el m\u00f3n de la neu. En molts casos, el primer contacte [&hellip;]<\/p>\n","protected":false},"author":1,"featured_media":0,"parent":0,"menu_order":0,"comment_status":"closed","ping_status":"closed","template":"","meta":{"inline_featured_image":false,"footnotes":""},"class_list":["post-358","page","type-page","status-publish","hentry"],"_links":{"self":[{"href":"https:\/\/skiandorra.ad\/ca\/wp-json\/wp\/v2\/pages\/358","targetHints":{"allow":["GET"]}}],"collection":[{"href":"https:\/\/skiandorra.ad\/ca\/wp-json\/wp\/v2\/pages"}],"about":[{"href":"https:\/\/skiandorra.ad\/ca\/wp-json\/wp\/v2\/types\/page"}],"author":[{"embeddable":true,"href":"https:\/\/skiandorra.ad\/ca\/wp-json\/wp\/v2\/users\/1"}],"replies":[{"embeddable":true,"href":"https:\/\/skiandorra.ad\/ca\/wp-json\/wp\/v2\/comments?post=358"}],"version-history":[{"count":40,"href":"https:\/\/skiandorra.ad\/ca\/wp-json\/wp\/v2\/pages\/358\/revisions"}],"predecessor-version":[{"id":4991,"href":"https:\/\/skiandorra.ad\/ca\/wp-json\/wp\/v2\/pages\/358\/revisions\/4991"}],"wp:attachment":[{"href":"https:\/\/skiandorra.ad\/ca\/wp-json\/wp\/v2\/media?parent=358"}],"curies":[{"name":"wp","href":"https:\/\/api.w.org\/{rel}","templated":true}]}}