{"id":323,"date":"2024-01-04T18:24:34","date_gmt":"2024-01-04T17:24:34","guid":{"rendered":"https:\/\/skiandorra.ad\/?page_id=323"},"modified":"2024-07-19T09:31:34","modified_gmt":"2024-07-19T07:31:34","slug":"examens-conductor-de-telecadira","status":"publish","type":"page","link":"https:\/\/skiandorra.ad\/en\/examens-conductor-de-telecadira\/","title":{"rendered":"Ex\u00e0mens &#8211; Conductor de telecadira"},"content":{"rendered":"<div data-elementor-type=\"wp-page\" data-elementor-id=\"323\" class=\"elementor elementor-323\" data-elementor-post-type=\"page\">\n\t\t\t\t<div class=\"elementor-element elementor-element-56fd1765 e-flex e-con-boxed e-con e-parent\" data-id=\"56fd1765\" data-element_type=\"container\" data-settings=\"{&quot;background_background&quot;:&quot;classic&quot;}\">\n\t\t\t\t\t<div class=\"e-con-inner\">\n\t\t\t\t\t<\/div>\n\t\t\t\t<\/div>\n\t\t<div class=\"elementor-element elementor-element-170e1dbc e-con-full e-flex e-con e-parent\" data-id=\"170e1dbc\" data-element_type=\"container\">\n\t\t\t\t<div class=\"elementor-element elementor-element-3797551e elementor-widget elementor-widget-heading\" data-id=\"3797551e\" data-element_type=\"widget\" data-widget_type=\"heading.default\">\n\t\t\t\t<div class=\"elementor-widget-container\">\n\t\t\t<style>\/*! elementor - v3.21.0 - 30-04-2024 *\/\n.elementor-heading-title{padding:0;margin:0;line-height:1}.elementor-widget-heading .elementor-heading-title[class*=elementor-size-]>a{color:inherit;font-size:inherit;line-height:inherit}.elementor-widget-heading .elementor-heading-title.elementor-size-small{font-size:15px}.elementor-widget-heading .elementor-heading-title.elementor-size-medium{font-size:19px}.elementor-widget-heading .elementor-heading-title.elementor-size-large{font-size:29px}.elementor-widget-heading .elementor-heading-title.elementor-size-xl{font-size:39px}.elementor-widget-heading .elementor-heading-title.elementor-size-xxl{font-size:59px}<\/style><h2 class=\"elementor-heading-title elementor-size-default\">CERTIFICATION EXAMS<\/h2>\t\t<\/div>\n\t\t\t\t<\/div>\n\t\t\t\t<div class=\"elementor-element elementor-element-3ee88b90 elementor-widget elementor-widget-text-editor\" data-id=\"3ee88b90\" data-element_type=\"widget\" data-widget_type=\"text-editor.default\">\n\t\t\t\t<div class=\"elementor-widget-container\">\n\t\t\t<style>\/*! elementor - v3.21.0 - 30-04-2024 *\/\n.elementor-widget-text-editor.elementor-drop-cap-view-stacked .elementor-drop-cap{background-color:#69727d;color:#fff}.elementor-widget-text-editor.elementor-drop-cap-view-framed .elementor-drop-cap{color:#69727d;border:3px solid;background-color:transparent}.elementor-widget-text-editor:not(.elementor-drop-cap-view-default) .elementor-drop-cap{margin-top:8px}.elementor-widget-text-editor:not(.elementor-drop-cap-view-default) .elementor-drop-cap-letter{width:1em;height:1em}.elementor-widget-text-editor .elementor-drop-cap{float:left;text-align:center;line-height:1;font-size:50px}.elementor-widget-text-editor .elementor-drop-cap-letter{display:inline-block}<\/style>\t\t\t\t<p>Certification exams recognize the assimilation of content and training for the employees. These professional certifications are administered by Domaines Skiables de France (DSF) and the Ministry of Economy of the Government of Andorra.<\/p><p>In order to take the exams, it is necessary to be employed by the ski resort\u2019s administration, which will decide who enrolls according to the qualifications and experience required by each type of training.<\/p>\t\t\t\t\t\t<\/div>\n\t\t\t\t<\/div>\n\t\t\t\t<div class=\"elementor-element elementor-element-32c324d elementor-widget elementor-widget-heading\" data-id=\"32c324d\" data-element_type=\"widget\" data-widget_type=\"heading.default\">\n\t\t\t\t<div class=\"elementor-widget-container\">\n\t\t\t<h2 class=\"elementor-heading-title elementor-size-default\">CHAIRLIFT OPERATOR<\/h2>\t\t<\/div>\n\t\t\t\t<\/div>\n\t\t\t\t<div class=\"elementor-element elementor-element-6bd7a0f elementor-widget elementor-widget-text-editor\" data-id=\"6bd7a0f\" data-element_type=\"widget\" data-widget_type=\"text-editor.default\">\n\t\t\t\t<div class=\"elementor-widget-container\">\n\t\t\t\t\t\t\tThere are two types of training for chairlift drivers.\t\t\t\t\t\t<\/div>\n\t\t\t\t<\/div>\n\t\t\t\t<\/div>\n\t\t<div class=\"elementor-element elementor-element-9d5957f e-con-full elementor-hidden-desktop elementor-hidden-tablet elementor-hidden-mobile e-flex e-con e-parent\" data-id=\"9d5957f\" data-element_type=\"container\">\n\t\t\t\t<div class=\"elementor-element elementor-element-23938df0 elementor-widget elementor-widget-heading\" data-id=\"23938df0\" data-element_type=\"widget\" data-widget_type=\"heading.default\">\n\t\t\t\t<div class=\"elementor-widget-container\">\n\t\t\t<h2 class=\"elementor-heading-title elementor-size-default\">Fixed-grip chairlift operator<\/h2>\t\t<\/div>\n\t\t\t\t<\/div>\n\t\t<div class=\"elementor-element elementor-element-79e0c6b0 e-con-full e-flex e-con e-child\" data-id=\"79e0c6b0\" data-element_type=\"container\">\n\t\t<div class=\"elementor-element elementor-element-1b558ef5 e-con-full e-flex e-con e-child\" data-id=\"1b558ef5\" data-element_type=\"container\">\n\t\t\t\t<div class=\"elementor-element elementor-element-2b56163b elementor-widget elementor-widget-text-editor\" data-id=\"2b56163b\" data-element_type=\"widget\" data-widget_type=\"text-editor.default\">\n\t\t\t\t<div class=\"elementor-widget-container\">\n\t\t\t\t\t\t\t<p>L\u2019objectiu \u00e9s que els alumnes adquireixin els coneixements suficients per conduir telecadires de pin\u00e7a fixa i puguin solucionar petites avaries i fer reparacions senzilles. Durant el curs s\u2019apr\u00e8n el funcionament mec\u00e0nic d\u2019aquest giny i les seves caracter\u00edstiques.<\/p><p><strong style=\"font-weight: 600;\">Requisits per presentar-se al certificat de qualificaci\u00f3 professional (CQP) per a conductor de telecadires de pin\u00e7a fixa:<\/strong><br \/>\u2022 Have the certificate CQP of Ski Lift and Ski Area Agent<br \/>\u2022 Minimum experience of one season on the device.<br \/>\u2022 The candidature must be presented by the ski station.<\/p><p><strong style=\"font-weight: 600;\">Type of exam:<\/strong><br \/>\u2022 45-minute theory test with 100 multiple choice questions.<br \/>\u2022 Practical test: it is carried out in the installation that the candidate\nusually operates, answering questions about specific and\ntechnological aspects of the device as well as practical situations\non the ground (approximately one hour).<\/p>\t\t\t\t\t\t<\/div>\n\t\t\t\t<\/div>\n\t\t\t\t<\/div>\n\t\t<div class=\"elementor-element elementor-element-4ebd4222 e-con-full e-flex e-con e-child\" data-id=\"4ebd4222\" data-element_type=\"container\" data-settings=\"{&quot;background_background&quot;:&quot;classic&quot;}\">\n\t\t\t\t<\/div>\n\t\t\t\t<\/div>\n\t\t\t\t<\/div>\n\t\t<div class=\"elementor-element elementor-element-c79a2b3 e-con-full e-flex e-con e-parent\" data-id=\"c79a2b3\" data-element_type=\"container\">\n\t\t\t\t<div class=\"elementor-element elementor-element-e6af4c9 elementor-widget elementor-widget-heading\" data-id=\"e6af4c9\" data-element_type=\"widget\" data-widget_type=\"heading.default\">\n\t\t\t\t<div class=\"elementor-widget-container\">\n\t\t\t<h2 class=\"elementor-heading-title elementor-size-default\">Fixed-grip chairlift operator<\/h2>\t\t<\/div>\n\t\t\t\t<\/div>\n\t\t<div class=\"elementor-element elementor-element-8060773 e-con-full e-flex e-con e-child\" data-id=\"8060773\" data-element_type=\"container\">\n\t\t<div class=\"elementor-element elementor-element-4f874a1 e-con-full e-flex e-con e-child\" data-id=\"4f874a1\" data-element_type=\"container\">\n\t\t\t\t<div class=\"elementor-element elementor-element-1855819 elementor-widget elementor-widget-text-editor\" data-id=\"1855819\" data-element_type=\"widget\" data-widget_type=\"text-editor.default\">\n\t\t\t\t<div class=\"elementor-widget-container\">\n\t\t\t\t\t\t\t<p>The aim is for students to acquire the knowledge to operate fixedgrip\nchairlifts and be able to fix small breakdowns, as well as carry\nout repairs, for example. During the course you will learn the\nmechanical operations of this lift and its characteristics.<\/p><p><strong style=\"font-weight: 600;\">Requirements to present candidatura in the profesional qualification certif\u00edcate (CQP) for Fixed-grip Chairlift Operator:<\/strong><br \/>\u2022 Have the certificate CQP of Ski Lift and Ski Area Agent<br \/>\u2022 Minimum experience of one season on the device.<br \/>\u2022 The candidature must be presented by the ski station.<\/p><p><strong style=\"font-weight: 600;\">Type of exam:<\/strong><br \/>\u2022 45-minute theory test with 100 multiple choice questions.<br \/>\u2022 Practical test: it is carried out in the installation that the candidate\nusually operates, answering questions about specific and\ntechnological aspects of the device as well as practical situations\non the ground (approximately one hour).<\/p>\t\t\t\t\t\t<\/div>\n\t\t\t\t<\/div>\n\t\t\t\t<\/div>\n\t\t<div class=\"elementor-element elementor-element-fcc932b e-con-full e-flex e-con e-child\" data-id=\"fcc932b\" data-element_type=\"container\" data-settings=\"{&quot;background_background&quot;:&quot;classic&quot;}\">\n\t\t\t\t<\/div>\n\t\t\t\t<\/div>\n\t\t\t\t<\/div>\n\t\t<div class=\"elementor-element elementor-element-ccb19f0 e-con-full e-flex e-con e-parent\" data-id=\"ccb19f0\" data-element_type=\"container\">\n\t\t\t\t<div class=\"elementor-element elementor-element-9262167 elementor-widget elementor-widget-heading\" data-id=\"9262167\" data-element_type=\"widget\" data-widget_type=\"heading.default\">\n\t\t\t\t<div class=\"elementor-widget-container\">\n\t\t\t<h2 class=\"elementor-heading-title elementor-size-default\">Detachable-grip chairlift operator<\/h2>\t\t<\/div>\n\t\t\t\t<\/div>\n\t\t<div class=\"elementor-element elementor-element-8abdcfd e-con-full e-flex e-con e-child\" data-id=\"8abdcfd\" data-element_type=\"container\">\n\t\t<div class=\"elementor-element elementor-element-0e27bb1 e-con-full e-flex e-con e-child\" data-id=\"0e27bb1\" data-element_type=\"container\">\n\t\t\t\t<div class=\"elementor-element elementor-element-71c884c elementor-widget elementor-widget-text-editor\" data-id=\"71c884c\" data-element_type=\"widget\" data-widget_type=\"text-editor.default\">\n\t\t\t\t<div class=\"elementor-widget-container\">\n\t\t\t\t\t\t\t<p>The aim is for students to acquire the knowledge to operate\ndetachable-grip chairlifts and be able to solve small breakdowns\nand carry out repairs, for example. During the course you will learn\nthe mechanical operation of this lift and its characteristics.<\/p><p><strong style=\"font-weight: 600;\">Requirements to present candidature for the Professional\nQualification Certificate (CQP) for Detachable-grip Chairlift\nOperator:<\/strong><\/p><p>\u2022 Have the certificate CQP of Ski Lift and Ski Area Agent<br \/>\u2022 Minimum experience of one season on the device.<br \/>\u2022 The candidature must be presented by the ski station.<\/p><p>\u00a0<\/p><p><strong style=\"font-weight: 600;\">Type of exam:<\/strong><br \/>\u2022 45-minute theory test with 100 multiple choice questions.<br \/>\u2022 Practical test: it is carried out in the installation that the candidate\nusually operates, answering questions about specific and\ntechnological aspects of the device as well as practical situations\non the ground (approximately one hour).<\/p>\t\t\t\t\t\t<\/div>\n\t\t\t\t<\/div>\n\t\t\t\t<\/div>\n\t\t<div class=\"elementor-element elementor-element-d95b7d8 e-con-full e-flex e-con e-child\" data-id=\"d95b7d8\" data-element_type=\"container\" data-settings=\"{&quot;background_background&quot;:&quot;classic&quot;}\">\n\t\t\t\t<\/div>\n\t\t\t\t<\/div>\n\t\t\t\t<\/div>\n\t\t<div class=\"elementor-element elementor-element-796e328 e-flex e-con-boxed e-con e-parent\" data-id=\"796e328\" data-element_type=\"container\">\n\t\t\t\t\t<div class=\"e-con-inner\">\n\t\t<div class=\"elementor-element elementor-element-ae46281 e-con-full e-flex e-con e-child\" data-id=\"ae46281\" data-element_type=\"container\">\n\t\t\t\t<div class=\"elementor-element elementor-element-fa1bdc6 flechas-formacions elementor-widget elementor-widget-heading\" data-id=\"fa1bdc6\" data-element_type=\"widget\" data-widget_type=\"heading.default\">\n\t\t\t\t<div class=\"elementor-widget-container\">\n\t\t\t<h2 class=\"elementor-heading-title elementor-size-default\"><a href=\"\/en\/examens-agent-de-remuntadors-mecanics-i-dominis-esquiables\/\"><span class=\"hover-item\" style=\"font-family:'Futura Bk BT'; font-size:20px!important;font-weight:100; position:relative;top:-10px!important\">Ski lift and ski area agent<\/span> <<\/a><\/h2>\t\t<\/div>\n\t\t\t\t<\/div>\n\t\t\t\t<\/div>\n\t\t<div class=\"elementor-element elementor-element-564e20e e-con-full e-flex e-con e-child\" data-id=\"564e20e\" data-element_type=\"container\">\n\t\t\t\t<div class=\"elementor-element elementor-element-0f7af50 flechas-formacions elementor-widget elementor-widget-heading\" data-id=\"0f7af50\" data-element_type=\"widget\" data-widget_type=\"heading.default\">\n\t\t\t\t<div class=\"elementor-widget-container\">\n\t\t\t<h2 class=\"elementor-heading-title elementor-size-default\"><a href=\"\/en\/examens-conductor-de-maquina-trepitjaneu\/\">> <span class=\"hover-item\"style=\"font-family:'Futura Bk BT'; font-size:20px!important;font-weight:100; position:relative;top:-10px!important\">Snow grooming driver<\/span><\/a><\/h2>\t\t<\/div>\n\t\t\t\t<\/div>\n\t\t\t\t<\/div>\n\t\t\t\t\t<\/div>\n\t\t\t\t<\/div>\n\t\t\t\t<\/div>","protected":false},"excerpt":{"rendered":"<p>Ex\u00e0mens d&#8217;explotaci\u00f3 Els ex\u00e0mens d\u2019explotaci\u00f3 reconeixen l\u2019assimilaci\u00f3 dels continguts i capaciten els empleats. Aquestes certificacions professionals s\u00f3n lliurades pel Domaines Skiables de France (DSF) i pel Ministeri d\u2019Economia, Competitivitat i Innovaci\u00f3 del Govern d\u2019Andorra. Per tal de poder presentar-se als ex\u00e0mens, cal formar part de la plantilla de l\u2019estaci\u00f3, que decidir\u00e0 qui s\u2019hi inscriu, segons [&hellip;]<\/p>","protected":false},"author":1,"featured_media":0,"parent":0,"menu_order":0,"comment_status":"closed","ping_status":"closed","template":"","meta":{"inline_featured_image":false,"footnotes":""},"class_list":["post-323","page","type-page","status-publish","hentry"],"_links":{"self":[{"href":"https:\/\/skiandorra.ad\/en\/wp-json\/wp\/v2\/pages\/323","targetHints":{"allow":["GET"]}}],"collection":[{"href":"https:\/\/skiandorra.ad\/en\/wp-json\/wp\/v2\/pages"}],"about":[{"href":"https:\/\/skiandorra.ad\/en\/wp-json\/wp\/v2\/types\/page"}],"author":[{"embeddable":true,"href":"https:\/\/skiandorra.ad\/en\/wp-json\/wp\/v2\/users\/1"}],"replies":[{"embeddable":true,"href":"https:\/\/skiandorra.ad\/en\/wp-json\/wp\/v2\/comments?post=323"}],"version-history":[{"count":145,"href":"https:\/\/skiandorra.ad\/en\/wp-json\/wp\/v2\/pages\/323\/revisions"}],"predecessor-version":[{"id":5010,"href":"https:\/\/skiandorra.ad\/en\/wp-json\/wp\/v2\/pages\/323\/revisions\/5010"}],"wp:attachment":[{"href":"https:\/\/skiandorra.ad\/en\/wp-json\/wp\/v2\/media?parent=323"}],"curies":[{"name":"wp","href":"https:\/\/api.w.org\/{rel}","templated":true}]}}