{"id":338,"date":"2024-01-05T09:00:26","date_gmt":"2024-01-05T08:00:26","guid":{"rendered":"https:\/\/skiandorra.ad\/?page_id=338"},"modified":"2024-07-19T09:36:06","modified_gmt":"2024-07-19T07:36:06","slug":"examens-conductor-de-teleesqui","status":"publish","type":"page","link":"https:\/\/skiandorra.ad\/en\/examens-conductor-de-teleesqui\/","title":{"rendered":"Ex\u00e0mens &#8211; Conductor de teleesqu\u00ed"},"content":{"rendered":"<div data-elementor-type=\"wp-page\" data-elementor-id=\"338\" class=\"elementor elementor-338\" data-elementor-post-type=\"page\">\n\t\t\t\t<div class=\"elementor-element elementor-element-196342f8 e-flex e-con-boxed e-con e-parent\" data-id=\"196342f8\" data-element_type=\"container\" data-settings=\"{&quot;background_background&quot;:&quot;classic&quot;}\">\n\t\t\t\t\t<div class=\"e-con-inner\">\n\t\t\t\t\t<\/div>\n\t\t\t\t<\/div>\n\t\t<div class=\"elementor-element elementor-element-2dfdd9d9 e-con-full e-flex e-con e-parent\" data-id=\"2dfdd9d9\" data-element_type=\"container\">\n\t\t\t\t<div class=\"elementor-element elementor-element-51b722e6 elementor-widget elementor-widget-heading\" data-id=\"51b722e6\" data-element_type=\"widget\" data-widget_type=\"heading.default\">\n\t\t\t\t<div class=\"elementor-widget-container\">\n\t\t\t<style>\/*! elementor - v3.21.0 - 30-04-2024 *\/\n.elementor-heading-title{padding:0;margin:0;line-height:1}.elementor-widget-heading .elementor-heading-title[class*=elementor-size-]>a{color:inherit;font-size:inherit;line-height:inherit}.elementor-widget-heading .elementor-heading-title.elementor-size-small{font-size:15px}.elementor-widget-heading .elementor-heading-title.elementor-size-medium{font-size:19px}.elementor-widget-heading .elementor-heading-title.elementor-size-large{font-size:29px}.elementor-widget-heading .elementor-heading-title.elementor-size-xl{font-size:39px}.elementor-widget-heading .elementor-heading-title.elementor-size-xxl{font-size:59px}<\/style><h2 class=\"elementor-heading-title elementor-size-default\">CERTIFICATION EXAMS<\/h2>\t\t<\/div>\n\t\t\t\t<\/div>\n\t\t\t\t<div class=\"elementor-element elementor-element-37123c17 elementor-widget elementor-widget-text-editor\" data-id=\"37123c17\" data-element_type=\"widget\" data-widget_type=\"text-editor.default\">\n\t\t\t\t<div class=\"elementor-widget-container\">\n\t\t\t<style>\/*! elementor - v3.21.0 - 30-04-2024 *\/\n.elementor-widget-text-editor.elementor-drop-cap-view-stacked .elementor-drop-cap{background-color:#69727d;color:#fff}.elementor-widget-text-editor.elementor-drop-cap-view-framed .elementor-drop-cap{color:#69727d;border:3px solid;background-color:transparent}.elementor-widget-text-editor:not(.elementor-drop-cap-view-default) .elementor-drop-cap{margin-top:8px}.elementor-widget-text-editor:not(.elementor-drop-cap-view-default) .elementor-drop-cap-letter{width:1em;height:1em}.elementor-widget-text-editor .elementor-drop-cap{float:left;text-align:center;line-height:1;font-size:50px}.elementor-widget-text-editor .elementor-drop-cap-letter{display:inline-block}<\/style>\t\t\t\t<p>Certification exams recognize the assimilation of content and training for the employees. These professional certifications are administered by Domaines Skiables de France (DSF) and the Ministry of Economy of the Government of Andorra.<\/p><p>In order to take the exams, it is necessary to be employed by the ski resort\u2019s administration, which will decide who enrolls according to the qualifications and experience required by each type of training.<\/p>\t\t\t\t\t\t<\/div>\n\t\t\t\t<\/div>\n\t\t\t\t<\/div>\n\t\t<div class=\"elementor-element elementor-element-314f483 e-con-full e-flex e-con e-parent\" data-id=\"314f483\" data-element_type=\"container\">\n\t\t\t\t<div class=\"elementor-element elementor-element-464adb8f elementor-widget elementor-widget-heading\" data-id=\"464adb8f\" data-element_type=\"widget\" data-widget_type=\"heading.default\">\n\t\t\t\t<div class=\"elementor-widget-container\">\n\t\t\t<h1 class=\"elementor-heading-title elementor-size-default\">Ski lift operator<\/h1>\t\t<\/div>\n\t\t\t\t<\/div>\n\t\t<div class=\"elementor-element elementor-element-eb28675 e-con-full e-flex e-con e-child\" data-id=\"eb28675\" data-element_type=\"container\">\n\t\t<div class=\"elementor-element elementor-element-d5db36d e-con-full e-flex e-con e-child\" data-id=\"d5db36d\" data-element_type=\"container\">\n\t\t\t\t<div class=\"elementor-element elementor-element-5333f6f elementor-widget elementor-widget-text-editor\" data-id=\"5333f6f\" data-element_type=\"widget\" data-widget_type=\"text-editor.default\">\n\t\t\t\t<div class=\"elementor-widget-container\">\n\t\t\t\t\t\t\tThe ski lift is a mechanical system for transporting skiers up a mountain slope.\nIt is important to know how these devices work, since they are normally found\nin instructional areas and it is the first type of device that children and novice\nskiers become familiar with.<br>During the course you will learn the mechanical\noperation of this lift, and its characteristics.\t\t\t\t\t\t<\/div>\n\t\t\t\t<\/div>\n\t\t\t\t<div class=\"elementor-element elementor-element-3c5c088 elementor-widget elementor-widget-text-editor\" data-id=\"3c5c088\" data-element_type=\"widget\" data-widget_type=\"text-editor.default\">\n\t\t\t\t<div class=\"elementor-widget-container\">\n\t\t\t\t\t\t\t<strong style=\"font-weight: 600;\">Requirements to appear in the professional qualification certificate\n(CQP) for Ski Lift Operator:<\/strong>\t\t\t\t\t\t<\/div>\n\t\t\t\t<\/div>\n\t\t\t\t<div class=\"elementor-element elementor-element-561cd67 elementor-align-left elementor-icon-list--layout-traditional elementor-list-item-link-full_width elementor-widget elementor-widget-icon-list\" data-id=\"561cd67\" data-element_type=\"widget\" data-widget_type=\"icon-list.default\">\n\t\t\t\t<div class=\"elementor-widget-container\">\n\t\t\t<link rel=\"stylesheet\" href=\"https:\/\/skiandorra.ad\/wp-content\/plugins\/elementor\/assets\/css\/widget-icon-list.min.css\">\t\t<ul class=\"elementor-icon-list-items\">\n\t\t\t\t\t\t\t<li class=\"elementor-icon-list-item\">\n\t\t\t\t\t\t\t\t\t\t\t<span class=\"elementor-icon-list-icon\">\n\t\t\t\t\t\t\t<i aria-hidden=\"true\" class=\"fas fa-circle\"><\/i>\t\t\t\t\t\t<\/span>\n\t\t\t\t\t\t\t\t\t\t<span class=\"elementor-icon-list-text\">Disposar del t\u00edtol AE (d\u2019agent d\u2019explotaci\u00f3). <\/span>\n\t\t\t\t\t\t\t\t\t<\/li>\n\t\t\t\t\t\t\t\t<li class=\"elementor-icon-list-item\">\n\t\t\t\t\t\t\t\t\t\t\t<span class=\"elementor-icon-list-icon\">\n\t\t\t\t\t\t\t<i aria-hidden=\"true\" class=\"fas fa-circle\"><\/i>\t\t\t\t\t\t<\/span>\n\t\t\t\t\t\t\t\t\t\t<span class=\"elementor-icon-list-text\">Minimum experience of one season on the device.<\/span>\n\t\t\t\t\t\t\t\t\t<\/li>\n\t\t\t\t\t\t\t\t<li class=\"elementor-icon-list-item\">\n\t\t\t\t\t\t\t\t\t\t\t<span class=\"elementor-icon-list-icon\">\n\t\t\t\t\t\t\t<i aria-hidden=\"true\" class=\"fas fa-circle\"><\/i>\t\t\t\t\t\t<\/span>\n\t\t\t\t\t\t\t\t\t\t<span class=\"elementor-icon-list-text\">The candidature must be submitted by the ski station.<\/span>\n\t\t\t\t\t\t\t\t\t<\/li>\n\t\t\t\t\t\t\t\t<li class=\"elementor-icon-list-item\">\n\t\t\t\t\t\t\t\t\t\t\t<span class=\"elementor-icon-list-icon\">\n\t\t\t\t\t\t\t<i aria-hidden=\"true\" class=\"fas fa-circle\"><\/i>\t\t\t\t\t\t<\/span>\n\t\t\t\t\t\t\t\t\t\t<span class=\"elementor-icon-list-text\">To be able to take the practical test, the candidate must be certified by the station for their aptitude in altitude work, and it is mandatory to have a level of skiing skills.<\/span>\n\t\t\t\t\t\t\t\t\t<\/li>\n\t\t\t\t\t\t<\/ul>\n\t\t\t\t<\/div>\n\t\t\t\t<\/div>\n\t\t\t\t<div class=\"elementor-element elementor-element-815354e elementor-widget elementor-widget-text-editor\" data-id=\"815354e\" data-element_type=\"widget\" data-widget_type=\"text-editor.default\">\n\t\t\t\t<div class=\"elementor-widget-container\">\n\t\t\t\t\t\t\t<strong style=\"font-weight: 600;\">Type of exam:<\/strong>\t\t\t\t\t\t<\/div>\n\t\t\t\t<\/div>\n\t\t\t\t<div class=\"elementor-element elementor-element-aed66e4 elementor-align-left elementor-icon-list--layout-traditional elementor-list-item-link-full_width elementor-widget elementor-widget-icon-list\" data-id=\"aed66e4\" data-element_type=\"widget\" data-widget_type=\"icon-list.default\">\n\t\t\t\t<div class=\"elementor-widget-container\">\n\t\t\t\t\t<ul class=\"elementor-icon-list-items\">\n\t\t\t\t\t\t\t<li class=\"elementor-icon-list-item\">\n\t\t\t\t\t\t\t\t\t\t\t<span class=\"elementor-icon-list-icon\">\n\t\t\t\t\t\t\t<i aria-hidden=\"true\" class=\"fas fa-circle\"><\/i>\t\t\t\t\t\t<\/span>\n\t\t\t\t\t\t\t\t\t\t<span class=\"elementor-icon-list-text\">45-minute theory test with 100 multiple choice questions.<\/span>\n\t\t\t\t\t\t\t\t\t<\/li>\n\t\t\t\t\t\t<\/ul>\n\t\t\t\t<\/div>\n\t\t\t\t<\/div>\n\t\t\t\t<div class=\"elementor-element elementor-element-870c07d elementor-widget elementor-widget-text-editor\" data-id=\"870c07d\" data-element_type=\"widget\" data-widget_type=\"text-editor.default\">\n\t\t\t\t<div class=\"elementor-widget-container\">\n\t\t\t\t\t\t\t<strong style=\"font-weight: 600;\">Practical test:<\/strong>\t\t\t\t\t\t<\/div>\n\t\t\t\t<\/div>\n\t\t\t\t<div class=\"elementor-element elementor-element-beb02b7 elementor-align-left elementor-icon-list--layout-traditional elementor-list-item-link-full_width elementor-widget elementor-widget-icon-list\" data-id=\"beb02b7\" data-element_type=\"widget\" data-widget_type=\"icon-list.default\">\n\t\t\t\t<div class=\"elementor-widget-container\">\n\t\t\t\t\t<ul class=\"elementor-icon-list-items\">\n\t\t\t\t\t\t\t<li class=\"elementor-icon-list-item\">\n\t\t\t\t\t\t\t\t\t\t\t<span class=\"elementor-icon-list-icon\">\n\t\t\t\t\t\t\t<i aria-hidden=\"true\" class=\"fas fa-circle\"><\/i>\t\t\t\t\t\t<\/span>\n\t\t\t\t\t\t\t\t\t\t<span class=\"elementor-icon-list-text\">Practical test: It is carried out in the installation that the candidate\nusually operates, answering questions about specific and\ntechnological aspects of the device, as well as practical situations\non the ground (approximately one hour test).<\/span>\n\t\t\t\t\t\t\t\t\t<\/li>\n\t\t\t\t\t\t<\/ul>\n\t\t\t\t<\/div>\n\t\t\t\t<\/div>\n\t\t\t\t<\/div>\n\t\t<div class=\"elementor-element elementor-element-afac243 e-con-full e-flex e-con e-child\" data-id=\"afac243\" data-element_type=\"container\" data-settings=\"{&quot;background_background&quot;:&quot;classic&quot;}\">\n\t\t\t\t<\/div>\n\t\t\t\t<\/div>\n\t\t\t\t<\/div>\n\t\t<div class=\"elementor-element elementor-element-883e085 e-flex e-con-boxed e-con e-parent\" data-id=\"883e085\" data-element_type=\"container\">\n\t\t\t\t\t<div class=\"e-con-inner\">\n\t\t<div class=\"elementor-element elementor-element-98ef4f0 e-con-full e-flex e-con e-child\" data-id=\"98ef4f0\" data-element_type=\"container\">\n\t\t\t\t<div class=\"elementor-element elementor-element-1fbe0f6 flechas-formacions elementor-widget elementor-widget-heading\" data-id=\"1fbe0f6\" data-element_type=\"widget\" data-widget_type=\"heading.default\">\n\t\t\t\t<div class=\"elementor-widget-container\">\n\t\t\t<h2 class=\"elementor-heading-title elementor-size-default\"><a href=\"\/en\/examens-conductor-de-maquina-trepitjaneu\/\"><span style=\"font-family:'Futura Bk BT'; font-size:20px!important;font-weight:100; position:relative;top:-10px!important\">Snow grooming driver<\/span> <<\/a><\/h2>\t\t<\/div>\n\t\t\t\t<\/div>\n\t\t\t\t<\/div>\n\t\t<div class=\"elementor-element elementor-element-04545d6 e-con-full e-flex e-con e-child\" data-id=\"04545d6\" data-element_type=\"container\">\n\t\t\t\t<div class=\"elementor-element elementor-element-22c4dc8 flechas-formacions elementor-widget elementor-widget-heading\" data-id=\"22c4dc8\" data-element_type=\"widget\" data-widget_type=\"heading.default\">\n\t\t\t\t<div class=\"elementor-widget-container\">\n\t\t\t<h2 class=\"elementor-heading-title elementor-size-default\"><a href=\"https:\/\/skiandorra.ad\/en\/examens-agent-de-remuntadors-mecanics-i-dominis-esquiables\/\">> <span style=\"font-family:'Futura Bk BT'; font-size:20px!important;font-weight:100; position:relative;top:-10px!important\">Ski lift and ski area agent<\/span><\/a><\/h2>\t\t<\/div>\n\t\t\t\t<\/div>\n\t\t\t\t<\/div>\n\t\t\t\t\t<\/div>\n\t\t\t\t<\/div>\n\t\t\t\t<\/div>","protected":false},"excerpt":{"rendered":"<p>Ex\u00e0mens d&#8217;explotaci\u00f3 Els ex\u00e0mens d\u2019explotaci\u00f3 reconeixen l\u2019assimilaci\u00f3 dels continguts i capaciten els empleats. Aquestes certificacions professionals s\u00f3n lliurades pel Domaines Skiables de France (DSF) i pel Ministeri d\u2019Economia, Competitivitat i Innovaci\u00f3 del Govern d\u2019Andorra. Per tal de poder presentar-se als ex\u00e0mens, cal formar part de la plantilla de l\u2019estaci\u00f3, que decidir\u00e0 qui s\u2019hi inscriu, segons [&hellip;]<\/p>","protected":false},"author":1,"featured_media":0,"parent":0,"menu_order":0,"comment_status":"closed","ping_status":"closed","template":"","meta":{"inline_featured_image":false,"footnotes":""},"class_list":["post-338","page","type-page","status-publish","hentry"],"_links":{"self":[{"href":"https:\/\/skiandorra.ad\/en\/wp-json\/wp\/v2\/pages\/338","targetHints":{"allow":["GET"]}}],"collection":[{"href":"https:\/\/skiandorra.ad\/en\/wp-json\/wp\/v2\/pages"}],"about":[{"href":"https:\/\/skiandorra.ad\/en\/wp-json\/wp\/v2\/types\/page"}],"author":[{"embeddable":true,"href":"https:\/\/skiandorra.ad\/en\/wp-json\/wp\/v2\/users\/1"}],"replies":[{"embeddable":true,"href":"https:\/\/skiandorra.ad\/en\/wp-json\/wp\/v2\/comments?post=338"}],"version-history":[{"count":82,"href":"https:\/\/skiandorra.ad\/en\/wp-json\/wp\/v2\/pages\/338\/revisions"}],"predecessor-version":[{"id":5019,"href":"https:\/\/skiandorra.ad\/en\/wp-json\/wp\/v2\/pages\/338\/revisions\/5019"}],"wp:attachment":[{"href":"https:\/\/skiandorra.ad\/en\/wp-json\/wp\/v2\/media?parent=338"}],"curies":[{"name":"wp","href":"https:\/\/api.w.org\/{rel}","templated":true}]}}