{"id":160,"date":"2024-01-04T09:41:19","date_gmt":"2024-01-04T08:41:19","guid":{"rendered":"https:\/\/skiandorra.ad\/?page_id=160"},"modified":"2024-05-30T17:56:25","modified_gmt":"2024-05-30T15:56:25","slug":"historia-de-les-estacions","status":"publish","type":"page","link":"https:\/\/skiandorra.ad\/es\/historia-de-les-estacions\/","title":{"rendered":"Historia de las estaciones"},"content":{"rendered":"<div data-elementor-type=\"wp-page\" data-elementor-id=\"160\" class=\"elementor elementor-160\" data-elementor-post-type=\"page\">\n\t\t\t\t<div class=\"elementor-element elementor-element-5ba8a71a e-flex e-con-boxed e-con e-parent\" data-id=\"5ba8a71a\" data-element_type=\"container\" data-settings=\"{&quot;background_background&quot;:&quot;classic&quot;}\">\n\t\t\t\t\t<div class=\"e-con-inner\">\n\t\t\t\t\t<\/div>\n\t\t\t\t<\/div>\n\t\t<div class=\"elementor-element elementor-element-676e3056 e-con-full e-flex e-con e-parent\" data-id=\"676e3056\" data-element_type=\"container\">\n\t\t\t\t<div class=\"elementor-element elementor-element-2197cc57 elementor-widget elementor-widget-heading\" data-id=\"2197cc57\" data-element_type=\"widget\" data-widget_type=\"heading.default\">\n\t\t\t\t<div class=\"elementor-widget-container\">\n\t\t\t<style>\/*! elementor - v3.21.0 - 30-04-2024 *\/\n.elementor-heading-title{padding:0;margin:0;line-height:1}.elementor-widget-heading .elementor-heading-title[class*=elementor-size-]>a{color:inherit;font-size:inherit;line-height:inherit}.elementor-widget-heading .elementor-heading-title.elementor-size-small{font-size:15px}.elementor-widget-heading .elementor-heading-title.elementor-size-medium{font-size:19px}.elementor-widget-heading .elementor-heading-title.elementor-size-large{font-size:29px}.elementor-widget-heading .elementor-heading-title.elementor-size-xl{font-size:39px}.elementor-widget-heading .elementor-heading-title.elementor-size-xxl{font-size:59px}<\/style><h2 class=\"elementor-heading-title elementor-size-default\">Historia de las estaciones<\/h2>\t\t<\/div>\n\t\t\t\t<\/div>\n\t\t\t\t<div class=\"elementor-element elementor-element-2bffab8a elementor-widget elementor-widget-text-editor\" data-id=\"2bffab8a\" data-element_type=\"widget\" data-widget_type=\"text-editor.default\">\n\t\t\t\t<div class=\"elementor-widget-container\">\n\t\t\t<style>\/*! elementor - v3.21.0 - 30-04-2024 *\/\n.elementor-widget-text-editor.elementor-drop-cap-view-stacked .elementor-drop-cap{background-color:#69727d;color:#fff}.elementor-widget-text-editor.elementor-drop-cap-view-framed .elementor-drop-cap{color:#69727d;border:3px solid;background-color:transparent}.elementor-widget-text-editor:not(.elementor-drop-cap-view-default) .elementor-drop-cap{margin-top:8px}.elementor-widget-text-editor:not(.elementor-drop-cap-view-default) .elementor-drop-cap-letter{width:1em;height:1em}.elementor-widget-text-editor .elementor-drop-cap{float:left;text-align:center;line-height:1;font-size:50px}.elementor-widget-text-editor .elementor-drop-cap-letter{display:inline-block}<\/style>\t\t\t\t<p><strong style=\"font-weight: 600;\">El camino de las estaciones de esqu\u00ed de Andorra<\/strong><\/p>\t\t\t\t\t\t<\/div>\n\t\t\t\t<\/div>\n\t\t\t\t<div class=\"elementor-element elementor-element-af6bb9b elementor-widget elementor-widget-text-editor\" data-id=\"af6bb9b\" data-element_type=\"widget\" data-widget_type=\"text-editor.default\">\n\t\t\t\t<div class=\"elementor-widget-container\">\n\t\t\t\t\t\t\t<p>El 1 de diciembre de 1957 con la audaz iniciativa de Francesc Viladomat inaugurando el primer telesqu\u00ed en la cima del Coll Blanc, situado en el <span style=\"color: #76aee0;\">Pas de la Casa<\/span>. El telesqu\u00ed daba acceso a un recorrido de 2 kil\u00f3metros y 400 metros y un desnivel de 480 m, con una capacidad de transporte de 450 esquiadores\/hora.<\/p>\t\t\t\t\t\t<\/div>\n\t\t\t\t<\/div>\n\t\t\t\t<div class=\"elementor-element elementor-element-9e1e1fc elementor-widget elementor-widget-text-editor\" data-id=\"9e1e1fc\" data-element_type=\"widget\" data-widget_type=\"text-editor.default\">\n\t\t\t\t<div class=\"elementor-widget-container\">\n\t\t\t\t\t\t\t<p>La apertura regular del puerto de Envalira en 1958 facilit\u00f3 las comunicaciones, y el boom comercial de los a\u00f1os sesenta favoreci\u00f3 la llegada de los esquiadores.<\/p>\t\t\t\t\t\t<\/div>\n\t\t\t\t<\/div>\n\t\t\t\t<div class=\"elementor-element elementor-element-d0aa732 elementor-widget elementor-widget-text-editor\" data-id=\"d0aa732\" data-element_type=\"widget\" data-widget_type=\"text-editor.default\">\n\t\t\t\t<div class=\"elementor-widget-container\">\n\t\t\t\t\t\t\t<p>Durante los a\u00f1os siguientes, las instalaciones del Pas de la Casa se ampl\u00edan hacia <span style=\"color: #76aee0;\">Grau Roig<\/span>, y a finales de los a\u00f1os ochenta se ampl\u00eda a la zona de Montmal\u00fas y el pic del Cubil en direcci\u00f3n a Pessons, Enradort y la zona de los Cortals de Encamp con la instalaci\u00f3n, en enero de 1999, de un Funitel promovido por el Com\u00fa de Encamp que enlaza el pueblo de Encamp con la zona Solanelles.<\/p>\t\t\t\t\t\t<\/div>\n\t\t\t\t<\/div>\n\t\t\t\t<div class=\"elementor-element elementor-element-144f628 elementor-widget elementor-widget-text-editor\" data-id=\"144f628\" data-element_type=\"widget\" data-widget_type=\"text-editor.default\">\n\t\t\t\t<div class=\"elementor-widget-container\">\n\t\t\t\t\t\t\t<p>A ra\u00edz del \u00e9xito de ese visionario, otros emprendedores siguen caminos similares en otros lugares del pa\u00eds.<\/p>\t\t\t\t\t\t<\/div>\n\t\t\t\t<\/div>\n\t\t\t\t<div class=\"elementor-element elementor-element-1ff3051 elementor-widget elementor-widget-text-editor\" data-id=\"1ff3051\" data-element_type=\"widget\" data-widget_type=\"text-editor.default\">\n\t\t\t\t<div class=\"elementor-widget-container\">\n\t\t\t\t\t\t\t<p>La segunda estaci\u00f3n se puso en funcionamiento en febrero de 1964, con la iniciativa de incondicionales del esqu\u00ed (Miquel Bar\u00f3, Josep Torrellardona y Mart\u00ed Salvans) con la inauguraci\u00f3n del primer telesilla de 2 plazas del pa\u00eds que se instal\u00f3 al pie del pueblo de <span style=\"color: #76aee0;\">Soldeu<\/span>.<\/p>\t\t\t\t\t\t<\/div>\n\t\t\t\t<\/div>\n\t\t\t\t<div class=\"elementor-element elementor-element-4117181 elementor-widget elementor-widget-text-editor\" data-id=\"4117181\" data-element_type=\"widget\" data-widget_type=\"text-editor.default\">\n\t\t\t\t<div class=\"elementor-widget-container\">\n\t\t\t\t\t\t\t<p>Desde entonces, la estaci\u00f3n ha expandido constantemente su dominio con la apertura del sector de El Tarter en 1981 con dos telesillas, uno en Ribaescorxada y otro que conectaba con el Pla d\u2019Espiolets. Cuatro a\u00f1os m\u00e1s tarde, se abri\u00f3 el nuevo sector del Forn en Canillo.<\/p>\t\t\t\t\t\t<\/div>\n\t\t\t\t<\/div>\n\t\t\t\t<div class=\"elementor-element elementor-element-ef783aa elementor-widget elementor-widget-text-editor\" data-id=\"ef783aa\" data-element_type=\"widget\" data-widget_type=\"text-editor.default\">\n\t\t\t\t<div class=\"elementor-widget-container\">\n\t\t\t\t\t\t\t<p>Uno de los momentos m\u00e1s importantes ha sido la fusi\u00f3n comercial y de marketing de las sociedades explotadoras de Pas de la Casa Grau Roig y Soldeu El Tarter creando la empresa NEVASA (Neus del Valira S.A) y as\u00ed nace, la temporada 2003\/2004 <span style=\"color: #76aee0;\">GRANDVALIRA<\/span>, un solo dominio esquiable fruto de ese acuerdo.<\/p>\t\t\t\t\t\t<\/div>\n\t\t\t\t<\/div>\n\t\t\t\t<\/div>\n\t\t<div class=\"elementor-element elementor-element-6fd855b7 e-con-full e-flex e-con e-parent\" data-id=\"6fd855b7\" data-element_type=\"container\">\n\t\t<div class=\"elementor-element elementor-element-727a29a0 e-con-full Cuadro-fondo-titulos elementor-hidden-mobile e-flex e-con e-child\" data-id=\"727a29a0\" data-element_type=\"container\" data-settings=\"{&quot;background_background&quot;:&quot;classic&quot;}\">\n\t\t\t\t<\/div>\n\t\t<div class=\"elementor-element elementor-element-4579b47f e-con-full Cuadro-fondo-titulos e-flex e-con e-child\" data-id=\"4579b47f\" data-element_type=\"container\" data-settings=\"{&quot;background_background&quot;:&quot;classic&quot;}\">\n\t\t\t\t<\/div>\n\t\t\t\t<\/div>\n\t\t<div class=\"elementor-element elementor-element-4a17adc e-con-full e-flex e-con e-parent\" data-id=\"4a17adc\" data-element_type=\"container\">\n\t\t\t\t<div class=\"elementor-element elementor-element-6c4fd3a elementor-widget elementor-widget-text-editor\" data-id=\"6c4fd3a\" data-element_type=\"widget\" data-widget_type=\"text-editor.default\">\n\t\t\t\t<div class=\"elementor-widget-container\">\n\t\t\t\t\t\t\t<p class=\"translation-block\">Por su parte, en 2024 se celebra el 50 aniversario de <span style=\"color: #76aee0\">Arinsal<\/span>, la tercera estaci\u00f3n de esqu\u00ed que se puso en marcha en Andorra. Durante la Navidad de 1972, Josep Serra impuls\u00f3 la primera estaci\u00f3n de nieve en les valls del nord (los valles del norte) con un telesilla inicial.<\/p>\t\t\t\t\t\t<\/div>\n\t\t\t\t<\/div>\n\t\t\t\t<div class=\"elementor-element elementor-element-c056aca elementor-widget elementor-widget-text-editor\" data-id=\"c056aca\" data-element_type=\"widget\" data-widget_type=\"text-editor.default\">\n\t\t\t\t<div class=\"elementor-widget-container\">\n\t\t\t\t\t\t\t<p class=\"translation-block\">La temporada de 1982-1983 se inaugura la estaci\u00f3n de <span style=\"color: #76aee0\">Pal<\/span>, la cuarta estaci\u00f3n del pa\u00eds y la primera de car\u00e1cter p\u00fablico.<\/p>\t\t\t\t\t\t<\/div>\n\t\t\t\t<\/div>\n\t\t\t\t<div class=\"elementor-element elementor-element-1479b21 elementor-widget elementor-widget-text-editor\" data-id=\"1479b21\" data-element_type=\"widget\" data-widget_type=\"text-editor.default\">\n\t\t\t\t<div class=\"elementor-widget-container\">\n\t\t\t\t\t\t\t<p>Uno de los momentos m\u00e1s relevantes fue en 1992, cuando el Com\u00fa de la Massana se hizo cargo de la gesti\u00f3n de Arinsal, dando lugar a la creaci\u00f3n de la estaci\u00f3n de Pal Arinsal.<\/p>\t\t\t\t\t\t<\/div>\n\t\t\t\t<\/div>\n\t\t\t\t<div class=\"elementor-element elementor-element-cb9818e elementor-widget elementor-widget-text-editor\" data-id=\"cb9818e\" data-element_type=\"widget\" data-widget_type=\"text-editor.default\">\n\t\t\t\t<div class=\"elementor-widget-container\">\n\t\t\t\t\t\t\t<p>Esta integraci\u00f3n permiti\u00f3 la expansi\u00f3n del dominio esquiable. El a\u00f1o 2001 fue otro punto de inflexi\u00f3n importante para la estaci\u00f3n, con la instalaci\u00f3n del telef\u00e9rico que une ambos sectores.<\/p>\t\t\t\t\t\t<\/div>\n\t\t\t\t<\/div>\n\t\t\t\t<div class=\"elementor-element elementor-element-8778e18 elementor-widget elementor-widget-text-editor\" data-id=\"8778e18\" data-element_type=\"widget\" data-widget_type=\"text-editor.default\">\n\t\t\t\t<div class=\"elementor-widget-container translation-block\">Por otro lado, en 2024 celebramos el 40 aniversario desde que la parroquia de Ordino pusiera en marcha <span style=\"color: #76aee0\">Ordino-Arcal\u00eds<\/span>, la quinta estaci\u00f3n de car\u00e1cter p\u00fablico del pa\u00eds. Su inauguraci\u00f3n tuvo lugar la Semana Santa de 1983, con 3 telesqu\u00eds y un telesilla, operando en su capacidad completa la temporada siguiente con 6 pistas.<\/div>\n\t\t\t\t<\/div>\n\t\t\t\t<div class=\"elementor-element elementor-element-9116369 elementor-widget elementor-widget-text-editor\" data-id=\"9116369\" data-element_type=\"widget\" data-widget_type=\"text-editor.default\">\n\t\t\t\t<div class=\"elementor-widget-container\">\n\t\t\t\t\t\t\t<p>En 2018, SAETDE firma un contrato con el Com\u00fa de Ordino y se convierte en accionista mayoritario para la explotaci\u00f3n de la estaci\u00f3n por 50 a\u00f1os. Ese mismo a\u00f1o Ordino Arcal\u00eds se integra en NEVASA, por la comercializaci\u00f3n y promoci\u00f3n de la estaci\u00f3n.<\/p>\t\t\t\t\t\t<\/div>\n\t\t\t\t<\/div>\n\t\t\t\t<div class=\"elementor-element elementor-element-1abe2e0 elementor-widget elementor-widget-text-editor\" data-id=\"1abe2e0\" data-element_type=\"widget\" data-widget_type=\"text-editor.default\">\n\t\t\t\t<div class=\"elementor-widget-container\">\n\t\t\t\t\t\t\t<p>Tres a\u00f1os m\u00e1s tarde, se constituye SETAP365, un nuevo holding empresarial que integra las sociedades que gestionan Pal Arinsal y Soldeu El Tarter, con la participaci\u00f3n de los comuns de Canillo y la Massana, junto con Cr\u00e8dit Andorr\u00e0, para ganar en capacidad de inversi\u00f3n y cohesi\u00f3n de modelo de negocio.<\/p>\t\t\t\t\t\t<\/div>\n\t\t\t\t<\/div>\n\t\t\t\t<div class=\"elementor-element elementor-element-26cfb0d elementor-widget elementor-widget-text-editor\" data-id=\"26cfb0d\" data-element_type=\"widget\" data-widget_type=\"text-editor.default\">\n\t\t\t\t<div class=\"elementor-widget-container\">\n\t\t\t\t\t\t\tPor \u00faltimo, Pal Arinsal se integra en NEVASA la temporada 2021\/2022 y desde entonces, todas las estaciones de esqu\u00ed se comercializan y se promocionan conjuntamente bajo la marca de <span style=\"color: #76aee0;\">GRANDVALIRA RESORTS<\/span> que engloba a las 3 estaciones de esqu\u00ed del pa\u00eds (Grandvalira, Pal Arinsal y Ordino Arcal\u00eds).\t\t\t\t\t\t<\/div>\n\t\t\t\t<\/div>\n\t\t\t\t<\/div>\n\t\t<div class=\"elementor-element elementor-element-2da008d e-con-full e-flex e-con e-parent\" data-id=\"2da008d\" data-element_type=\"container\">\n\t\t<div class=\"elementor-element elementor-element-92842ca e-con-full Cuadro-fondo-titulos e-flex e-con e-child\" data-id=\"92842ca\" data-element_type=\"container\" data-settings=\"{&quot;background_background&quot;:&quot;classic&quot;}\">\n\t\t\t\t<\/div>\n\t\t<div class=\"elementor-element elementor-element-cf0bcb5 e-con-full Cuadro-fondo-titulos elementor-hidden-mobile e-flex e-con e-child\" data-id=\"cf0bcb5\" data-element_type=\"container\" data-settings=\"{&quot;background_background&quot;:&quot;classic&quot;}\">\n\t\t\t\t<\/div>\n\t\t\t\t<\/div>\n\t\t<div class=\"elementor-element elementor-element-1107cc6e e-con-full e-flex e-con e-parent\" data-id=\"1107cc6e\" data-element_type=\"container\">\n\t\t\t\t<div class=\"elementor-element elementor-element-48f06762 elementor-widget elementor-widget-text-editor\" data-id=\"48f06762\" data-element_type=\"widget\" data-widget_type=\"text-editor.default\">\n\t\t\t\t<div class=\"elementor-widget-container\">\n\t\t\t\t\t\t\t<p>Con esfuerzo, trabajo e ilusi\u00f3n, Andorra se ha convertido en un destino predilecto para los amantes del esqu\u00ed y deportes de invierno. Sus estaciones de esqu\u00ed ofrecen una amplia variedad de pistas y servicios para todos los niveles y gustos.<\/p>\t\t\t\t\t\t<\/div>\n\t\t\t\t<\/div>\n\t\t\t\t<div class=\"elementor-element elementor-element-4d8bfb9 elementor-widget elementor-widget-text-editor\" data-id=\"4d8bfb9\" data-element_type=\"widget\" data-widget_type=\"text-editor.default\">\n\t\t\t\t<div class=\"elementor-widget-container\">\n\t\t\t\t\t\t\tLa evoluci\u00f3n ha sido ejemplar, puesto que Andorra ofrece 3 estaciones de esqu\u00ed con 308 km esquiables, 217 pistas para todos los niveles y 123 remontes en un \u00fanico forfait.\t\t\t\t\t\t<\/div>\n\t\t\t\t<\/div>\n\t\t\t\t<div class=\"elementor-element elementor-element-e503496 elementor-widget elementor-widget-text-editor\" data-id=\"e503496\" data-element_type=\"widget\" data-widget_type=\"text-editor.default\">\n\t\t\t\t<div class=\"elementor-widget-container\">\n\t\t\t\t\t\t\tDe esta forma, Andorra ha conseguido consolidarse como un destino l\u00edder en el \u00e1mbito del turismo invernal. Su legado perdura hasta la fecha y contin\u00faa atrayendo a visitantes de todo el mundo, que buscan disfrutar de las impresionantes monta\u00f1as nevadas y de sus paisajes privilegiados.\t\t\t\t\t\t<\/div>\n\t\t\t\t<\/div>\n\t\t\t\t<\/div>\n\t\t\t\t<\/div>","protected":false},"excerpt":{"rendered":"<p>Hist\u00f2ria de les estacions El cam\u00ed de les estacions d&#8217;esqu\u00ed d&#8217;Andorra L\u20191 de desembre del 1957 amb l\u2019auda\u00e7 iniciativa de Francesc Viladomat inaugurant el primer teleesqu\u00ed al cim del Coll Blanc, situat al Pas de la Casa. El teleesqu\u00ed donava acc\u00e9s a un recorregut de 2 quil\u00f2metres i 400 metres i un desnivell de 480 [&hellip;]<\/p>","protected":false},"author":1,"featured_media":0,"parent":0,"menu_order":0,"comment_status":"closed","ping_status":"closed","template":"","meta":{"inline_featured_image":false,"footnotes":""},"class_list":["post-160","page","type-page","status-publish","hentry"],"_links":{"self":[{"href":"https:\/\/skiandorra.ad\/es\/wp-json\/wp\/v2\/pages\/160","targetHints":{"allow":["GET"]}}],"collection":[{"href":"https:\/\/skiandorra.ad\/es\/wp-json\/wp\/v2\/pages"}],"about":[{"href":"https:\/\/skiandorra.ad\/es\/wp-json\/wp\/v2\/types\/page"}],"author":[{"embeddable":true,"href":"https:\/\/skiandorra.ad\/es\/wp-json\/wp\/v2\/users\/1"}],"replies":[{"embeddable":true,"href":"https:\/\/skiandorra.ad\/es\/wp-json\/wp\/v2\/comments?post=160"}],"version-history":[{"count":80,"href":"https:\/\/skiandorra.ad\/es\/wp-json\/wp\/v2\/pages\/160\/revisions"}],"predecessor-version":[{"id":4897,"href":"https:\/\/skiandorra.ad\/es\/wp-json\/wp\/v2\/pages\/160\/revisions\/4897"}],"wp:attachment":[{"href":"https:\/\/skiandorra.ad\/es\/wp-json\/wp\/v2\/media?parent=160"}],"curies":[{"name":"wp","href":"https:\/\/api.w.org\/{rel}","templated":true}]}}