{"id":331,"date":"2024-01-04T18:52:27","date_gmt":"2024-01-04T17:52:27","guid":{"rendered":"https:\/\/skiandorra.ad\/?page_id=331"},"modified":"2024-07-19T09:34:36","modified_gmt":"2024-07-19T07:34:36","slug":"examens-conductor-de-maquina-trepitjaneu","status":"publish","type":"page","link":"https:\/\/skiandorra.ad\/es\/examens-conductor-de-maquina-trepitjaneu\/","title":{"rendered":"Ex\u00e0mens &#8211; Conductor de m\u00e0quina trepitjaneu"},"content":{"rendered":"<div data-elementor-type=\"wp-page\" data-elementor-id=\"331\" class=\"elementor elementor-331\" data-elementor-post-type=\"page\">\n\t\t\t\t<div class=\"elementor-element elementor-element-119bf2c4 e-flex e-con-boxed e-con e-parent\" data-id=\"119bf2c4\" data-element_type=\"container\" data-settings=\"{&quot;background_background&quot;:&quot;classic&quot;}\">\n\t\t\t\t\t<div class=\"e-con-inner\">\n\t\t\t\t\t<\/div>\n\t\t\t\t<\/div>\n\t\t<div class=\"elementor-element elementor-element-1ab6e1b7 e-con-full e-flex e-con e-parent\" data-id=\"1ab6e1b7\" data-element_type=\"container\">\n\t\t\t\t<div class=\"elementor-element elementor-element-2941192e elementor-widget elementor-widget-heading\" data-id=\"2941192e\" data-element_type=\"widget\" data-widget_type=\"heading.default\">\n\t\t\t\t<div class=\"elementor-widget-container\">\n\t\t\t<style>\/*! elementor - v3.21.0 - 30-04-2024 *\/\n.elementor-heading-title{padding:0;margin:0;line-height:1}.elementor-widget-heading .elementor-heading-title[class*=elementor-size-]>a{color:inherit;font-size:inherit;line-height:inherit}.elementor-widget-heading .elementor-heading-title.elementor-size-small{font-size:15px}.elementor-widget-heading .elementor-heading-title.elementor-size-medium{font-size:19px}.elementor-widget-heading .elementor-heading-title.elementor-size-large{font-size:29px}.elementor-widget-heading .elementor-heading-title.elementor-size-xl{font-size:39px}.elementor-widget-heading .elementor-heading-title.elementor-size-xxl{font-size:59px}<\/style><h2 class=\"elementor-heading-title elementor-size-default\">Ex\u00e1menes de Explotaci\u00f3n<\/h2>\t\t<\/div>\n\t\t\t\t<\/div>\n\t\t\t\t<div class=\"elementor-element elementor-element-1810c37a elementor-widget elementor-widget-text-editor\" data-id=\"1810c37a\" data-element_type=\"widget\" data-widget_type=\"text-editor.default\">\n\t\t\t\t<div class=\"elementor-widget-container\">\n\t\t\t<style>\/*! elementor - v3.21.0 - 30-04-2024 *\/\n.elementor-widget-text-editor.elementor-drop-cap-view-stacked .elementor-drop-cap{background-color:#69727d;color:#fff}.elementor-widget-text-editor.elementor-drop-cap-view-framed .elementor-drop-cap{color:#69727d;border:3px solid;background-color:transparent}.elementor-widget-text-editor:not(.elementor-drop-cap-view-default) .elementor-drop-cap{margin-top:8px}.elementor-widget-text-editor:not(.elementor-drop-cap-view-default) .elementor-drop-cap-letter{width:1em;height:1em}.elementor-widget-text-editor .elementor-drop-cap{float:left;text-align:center;line-height:1;font-size:50px}.elementor-widget-text-editor .elementor-drop-cap-letter{display:inline-block}<\/style>\t\t\t\t<p>Els ex\u00e0mens d\u2019explotaci\u00f3 reconeixen l\u2019assimilaci\u00f3 dels continguts i capaciten els empleats. Aquestes certificacions professionals s\u00f3n lliurades pel Domaines Skiables de France (DSF) i pel Ministeri d\u2019Economia, Competitivitat i Innovaci\u00f3 del Govern d\u2019Andorra.<\/p><p>Per tal de poder presentar-se als ex\u00e0mens, cal formar part de la plantilla de l\u2019estaci\u00f3, que decidir\u00e0 qui s\u2019hi inscriu, segons els requisits i l\u2019experi\u00e8ncia que exigeix cada tipus de formaci\u00f3.<\/p>\t\t\t\t\t\t<\/div>\n\t\t\t\t<\/div>\n\t\t\t\t<div class=\"elementor-element elementor-element-80f847b elementor-widget elementor-widget-heading\" data-id=\"80f847b\" data-element_type=\"widget\" data-widget_type=\"heading.default\">\n\t\t\t\t<div class=\"elementor-widget-container\">\n\t\t\t<h2 class=\"elementor-heading-title elementor-size-default\">Conductor de m\u00e1quinas quitanieves<\/h2>\t\t<\/div>\n\t\t\t\t<\/div>\n\t\t\t\t<div class=\"elementor-element elementor-element-295fab2 elementor-widget elementor-widget-text-editor\" data-id=\"295fab2\" data-element_type=\"widget\" data-widget_type=\"text-editor.default\">\n\t\t\t\t<div class=\"elementor-widget-container\">\n\t\t\t\t\t\t\tExisten dos grados de formaci\u00f3n para los conductores de m\u00e1quinas pisanieves:\t\t\t\t\t\t<\/div>\n\t\t\t\t<\/div>\n\t\t\t\t<\/div>\n\t\t<div class=\"elementor-element elementor-element-8010600 e-con-full e-flex e-con e-parent\" data-id=\"8010600\" data-element_type=\"container\">\n\t\t\t\t<div class=\"elementor-element elementor-element-537d955a elementor-widget elementor-widget-heading\" data-id=\"537d955a\" data-element_type=\"widget\" data-widget_type=\"heading.default\">\n\t\t\t\t<div class=\"elementor-widget-container\">\n\t\t\t<h2 class=\"elementor-heading-title elementor-size-default\">Conductor de m\u00e1quina pisanieves de 1er grado<\/h2>\t\t<\/div>\n\t\t\t\t<\/div>\n\t\t<div class=\"elementor-element elementor-element-5837515 e-con-full e-flex e-con e-child\" data-id=\"5837515\" data-element_type=\"container\">\n\t\t<div class=\"elementor-element elementor-element-200d55b e-con-full e-flex e-con e-child\" data-id=\"200d55b\" data-element_type=\"container\">\n\t\t\t\t<div class=\"elementor-element elementor-element-9bb8498 elementor-widget elementor-widget-text-editor\" data-id=\"9bb8498\" data-element_type=\"widget\" data-widget_type=\"text-editor.default\">\n\t\t\t\t<div class=\"elementor-widget-container\">\n\t\t\t\t\t\t\tSe dan los conocimientos b\u00e1sicos para conducir las m\u00e1quinas\npisanieves y trabajar las pistas en \u00f3ptimas condiciones. El temario\ncuenta con temas como la seguridad en el trabajo, meteorolog\u00eda o\nmec\u00e1nica.\t\t\t\t\t\t<\/div>\n\t\t\t\t<\/div>\n\t\t\t\t<div class=\"elementor-element elementor-element-f1bac7b elementor-widget elementor-widget-text-editor\" data-id=\"f1bac7b\" data-element_type=\"widget\" data-widget_type=\"text-editor.default\">\n\t\t\t\t<div class=\"elementor-widget-container\">\n\t\t\t\t\t\t\t<strong style=\"font-weight: 600;\">Requisitos para presentarse en el certificado de calificaci\u00f3n\nprofesional (CQP) para conductor m\u00e1quinas pisanieves 1er grado:<\/strong>\t\t\t\t\t\t<\/div>\n\t\t\t\t<\/div>\n\t\t\t\t<div class=\"elementor-element elementor-element-4758ab1 elementor-align-left elementor-widget__width-initial elementor-icon-list--layout-traditional elementor-list-item-link-full_width elementor-widget elementor-widget-icon-list\" data-id=\"4758ab1\" data-element_type=\"widget\" data-widget_type=\"icon-list.default\">\n\t\t\t\t<div class=\"elementor-widget-container\">\n\t\t\t<link rel=\"stylesheet\" href=\"https:\/\/skiandorra.ad\/wp-content\/plugins\/elementor\/assets\/css\/widget-icon-list.min.css\">\t\t<ul class=\"elementor-icon-list-items\">\n\t\t\t\t\t\t\t<li class=\"elementor-icon-list-item\">\n\t\t\t\t\t\t\t\t\t\t\t<span class=\"elementor-icon-list-icon\">\n\t\t\t\t\t\t\t<i aria-hidden=\"true\" class=\"fas fa-circle\"><\/i>\t\t\t\t\t\t<\/span>\n\t\t\t\t\t\t\t\t\t\t<span class=\"elementor-icon-list-text\">Experiencia m\u00ednima de una temporada como conductor de m\u00e1quina quitanieves.<\/span>\n\t\t\t\t\t\t\t\t\t<\/li>\n\t\t\t\t\t\t\t\t<li class=\"elementor-icon-list-item\">\n\t\t\t\t\t\t\t\t\t\t\t<span class=\"elementor-icon-list-icon\">\n\t\t\t\t\t\t\t<i aria-hidden=\"true\" class=\"fas fa-circle\"><\/i>\t\t\t\t\t\t<\/span>\n\t\t\t\t\t\t\t\t\t\t<span class=\"elementor-icon-list-text\">Tiene que ser presentado por la estaci\u00f3n.<\/span>\n\t\t\t\t\t\t\t\t\t<\/li>\n\t\t\t\t\t\t<\/ul>\n\t\t\t\t<\/div>\n\t\t\t\t<\/div>\n\t\t\t\t<div class=\"elementor-element elementor-element-821c3c1 elementor-widget elementor-widget-text-editor\" data-id=\"821c3c1\" data-element_type=\"widget\" data-widget_type=\"text-editor.default\">\n\t\t\t\t<div class=\"elementor-widget-container\">\n\t\t\t\t\t\t\t<strong style=\"font-weight: 600;\">Tipo de examen:<\/strong>\t\t\t\t\t\t<\/div>\n\t\t\t\t<\/div>\n\t\t\t\t<div class=\"elementor-element elementor-element-53f9f9c elementor-align-left elementor-icon-list--layout-traditional elementor-list-item-link-full_width elementor-widget elementor-widget-icon-list\" data-id=\"53f9f9c\" data-element_type=\"widget\" data-widget_type=\"icon-list.default\">\n\t\t\t\t<div class=\"elementor-widget-container\">\n\t\t\t\t\t<ul class=\"elementor-icon-list-items\">\n\t\t\t\t\t\t\t<li class=\"elementor-icon-list-item\">\n\t\t\t\t\t\t\t\t\t\t\t<span class=\"elementor-icon-list-icon\">\n\t\t\t\t\t\t\t<i aria-hidden=\"true\" class=\"fas fa-circle\"><\/i>\t\t\t\t\t\t<\/span>\n\t\t\t\t\t\t\t\t\t\t<span class=\"elementor-icon-list-text\">Prueba te\u00f3rica: 100 preguntas tipo test (45 minutos de examen).<\/span>\n\t\t\t\t\t\t\t\t\t<\/li>\n\t\t\t\t\t\t\t\t<li class=\"elementor-icon-list-item\">\n\t\t\t\t\t\t\t\t\t\t\t<span class=\"elementor-icon-list-icon\">\n\t\t\t\t\t\t\t<i aria-hidden=\"true\" class=\"fas fa-circle\"><\/i>\t\t\t\t\t\t<\/span>\n\t\t\t\t\t\t\t\t\t\t<span class=\"elementor-icon-list-text\">Prueba pr\u00e1ctica: se hace en la instalaci\u00f3n que el candidato\nconduce habitualmente, respondiendo preguntas sobre aspectos\nespec\u00edficos y tecnol\u00f3gicos del aparato as\u00ed como situaciones\npr\u00e1cticas sobre el terreno (prueba aprox. una hora).<\/span>\n\t\t\t\t\t\t\t\t\t<\/li>\n\t\t\t\t\t\t<\/ul>\n\t\t\t\t<\/div>\n\t\t\t\t<\/div>\n\t\t\t\t<\/div>\n\t\t<div class=\"elementor-element elementor-element-6887788 e-con-full e-flex e-con e-child\" data-id=\"6887788\" data-element_type=\"container\" data-settings=\"{&quot;background_background&quot;:&quot;classic&quot;}\">\n\t\t\t\t<\/div>\n\t\t\t\t<\/div>\n\t\t\t\t<\/div>\n\t\t<div class=\"elementor-element elementor-element-b04519a e-con-full e-flex e-con e-parent\" data-id=\"b04519a\" data-element_type=\"container\">\n\t\t\t\t<div class=\"elementor-element elementor-element-c1b98ee elementor-widget elementor-widget-heading\" data-id=\"c1b98ee\" data-element_type=\"widget\" data-widget_type=\"heading.default\">\n\t\t\t\t<div class=\"elementor-widget-container\">\n\t\t\t<h2 class=\"elementor-heading-title elementor-size-default\">Conductor de m\u00e1quina pisanieves de 2\u00ba grado<\/h2>\t\t<\/div>\n\t\t\t\t<\/div>\n\t\t<div class=\"elementor-element elementor-element-797d602 e-con-full e-flex e-con e-child\" data-id=\"797d602\" data-element_type=\"container\">\n\t\t<div class=\"elementor-element elementor-element-ac6ba63 e-con-full e-flex e-con e-child\" data-id=\"ac6ba63\" data-element_type=\"container\">\n\t\t\t\t<div class=\"elementor-element elementor-element-479b22b elementor-widget elementor-widget-text-editor\" data-id=\"479b22b\" data-element_type=\"widget\" data-widget_type=\"text-editor.default\">\n\t\t\t\t<div class=\"elementor-widget-container\">\n\t\t\t\t\t\t\tEl objetivo es profundizar y complementar los conocimientos\nadquiridos en el curso nivel 1 y adquirir todas las herramientas en\nla profesi\u00f3n. En este curso se ampliar\u00e1n los conocimientos sobre la\nnieve, la nivolog\u00eda aplicada al terreno, los diferentes trabajos de la\nnieve, conocimiento y utilizaci\u00f3n de las m\u00e1quinas pisanieves, etc.\t\t\t\t\t\t<\/div>\n\t\t\t\t<\/div>\n\t\t\t\t<div class=\"elementor-element elementor-element-35a004c elementor-widget elementor-widget-text-editor\" data-id=\"35a004c\" data-element_type=\"widget\" data-widget_type=\"text-editor.default\">\n\t\t\t\t<div class=\"elementor-widget-container\">\n\t\t\t\t\t\t\t<strong style=\"font-weight: 600;\">Requisitos para presentarse al segundo grado como conductor\nm\u00e1quinas pisanieves 2\u00ba Grado:<\/strong>\t\t\t\t\t\t<\/div>\n\t\t\t\t<\/div>\n\t\t\t\t<div class=\"elementor-element elementor-element-7b19385 elementor-align-left elementor-icon-list--layout-traditional elementor-list-item-link-full_width elementor-widget elementor-widget-icon-list\" data-id=\"7b19385\" data-element_type=\"widget\" data-widget_type=\"icon-list.default\">\n\t\t\t\t<div class=\"elementor-widget-container\">\n\t\t\t\t\t<ul class=\"elementor-icon-list-items\">\n\t\t\t\t\t\t\t<li class=\"elementor-icon-list-item\">\n\t\t\t\t\t\t\t\t\t\t\t<span class=\"elementor-icon-list-icon\">\n\t\t\t\t\t\t\t<i aria-hidden=\"true\" class=\"fas fa-circle\"><\/i>\t\t\t\t\t\t<\/span>\n\t\t\t\t\t\t\t\t\t\t<span class=\"elementor-icon-list-text\">Disponer del certificado de calificaci\u00f3n profesional CQP Conductor de m\u00e1quinas pisanieves 1er Grado.\u2028<\/span>\n\t\t\t\t\t\t\t\t\t<\/li>\n\t\t\t\t\t\t\t\t<li class=\"elementor-icon-list-item\">\n\t\t\t\t\t\t\t\t\t\t\t<span class=\"elementor-icon-list-icon\">\n\t\t\t\t\t\t\t<i aria-hidden=\"true\" class=\"fas fa-circle\"><\/i>\t\t\t\t\t\t<\/span>\n\t\t\t\t\t\t\t\t\t\t<span class=\"elementor-icon-list-text\">Acreditar 2.000 horas de conducci\u00f3n de m\u00e1quina pisanieves despu\u00e9s de la obtenci\u00f3n del 1er Grado.<\/span>\n\t\t\t\t\t\t\t\t\t<\/li>\n\t\t\t\t\t\t\t\t<li class=\"elementor-icon-list-item\">\n\t\t\t\t\t\t\t\t\t\t\t<span class=\"elementor-icon-list-icon\">\n\t\t\t\t\t\t\t<i aria-hidden=\"true\" class=\"fas fa-circle\"><\/i>\t\t\t\t\t\t<\/span>\n\t\t\t\t\t\t\t\t\t\t<span class=\"elementor-icon-list-text\">Justificar que se trabaja de manera permanente dentro del equipo de m\u00e1quinas.<\/span>\n\t\t\t\t\t\t\t\t\t<\/li>\n\t\t\t\t\t\t\t\t<li class=\"elementor-icon-list-item\">\n\t\t\t\t\t\t\t\t\t\t\t<span class=\"elementor-icon-list-icon\">\n\t\t\t\t\t\t\t<i aria-hidden=\"true\" class=\"fas fa-circle\"><\/i>\t\t\t\t\t\t<\/span>\n\t\t\t\t\t\t\t\t\t\t<span class=\"elementor-icon-list-text\">Tiene que ser presentado por la estaci\u00f3n.<\/span>\n\t\t\t\t\t\t\t\t\t<\/li>\n\t\t\t\t\t\t<\/ul>\n\t\t\t\t<\/div>\n\t\t\t\t<\/div>\n\t\t\t\t<div class=\"elementor-element elementor-element-f361565 elementor-widget elementor-widget-text-editor\" data-id=\"f361565\" data-element_type=\"widget\" data-widget_type=\"text-editor.default\">\n\t\t\t\t<div class=\"elementor-widget-container\">\n\t\t\t\t\t\t\t<p>Formaci\u00f3n te\u00f3rica: 25 horas.<\/p><p>Formaci\u00f3n pr\u00e1ctica: Cada estaci\u00f3n organiza la parte pr\u00e1ctica de\nmanera interna.<\/p>\t\t\t\t\t\t<\/div>\n\t\t\t\t<\/div>\n\t\t\t\t<div class=\"elementor-element elementor-element-5eff730 elementor-widget elementor-widget-text-editor\" data-id=\"5eff730\" data-element_type=\"widget\" data-widget_type=\"text-editor.default\">\n\t\t\t\t<div class=\"elementor-widget-container\">\n\t\t\t\t\t\t\t<strong style=\"font-weight: 600;\">Tipo de examen:<\/strong>\t\t\t\t\t\t<\/div>\n\t\t\t\t<\/div>\n\t\t\t\t<div class=\"elementor-element elementor-element-4852bf3 elementor-align-left elementor-icon-list--layout-traditional elementor-list-item-link-full_width elementor-widget elementor-widget-icon-list\" data-id=\"4852bf3\" data-element_type=\"widget\" data-widget_type=\"icon-list.default\">\n\t\t\t\t<div class=\"elementor-widget-container\">\n\t\t\t\t\t<ul class=\"elementor-icon-list-items\">\n\t\t\t\t\t\t\t<li class=\"elementor-icon-list-item\">\n\t\t\t\t\t\t\t\t\t\t\t<span class=\"elementor-icon-list-icon\">\n\t\t\t\t\t\t\t<i aria-hidden=\"true\" class=\"fas fa-circle\"><\/i>\t\t\t\t\t\t<\/span>\n\t\t\t\t\t\t\t\t\t\t<span class=\"elementor-icon-list-text\">Prueba te\u00f3rica: que constar\u00e1 de un cuestionario tipo test (20 min) y de un examen oral (45 min).<\/span>\n\t\t\t\t\t\t\t\t\t<\/li>\n\t\t\t\t\t\t\t\t<li class=\"elementor-icon-list-item\">\n\t\t\t\t\t\t\t\t\t\t\t<span class=\"elementor-icon-list-icon\">\n\t\t\t\t\t\t\t<i aria-hidden=\"true\" class=\"fas fa-circle\"><\/i>\t\t\t\t\t\t<\/span>\n\t\t\t\t\t\t\t\t\t\t<span class=\"elementor-icon-list-text\">Prueba pr\u00e1ctica: Los candidatos deber\u00e1n realizar diferentes\npruebas (la duraci\u00f3n de los ex\u00e1menes es de 3h30). El d\u00eda del examen tendr\u00e1 que hacerse una prueba de investigaci\u00f3n de DVA<\/span>\n\t\t\t\t\t\t\t\t\t<\/li>\n\t\t\t\t\t\t<\/ul>\n\t\t\t\t<\/div>\n\t\t\t\t<\/div>\n\t\t\t\t<\/div>\n\t\t<div class=\"elementor-element elementor-element-7bfaba0 e-con-full e-flex e-con e-child\" data-id=\"7bfaba0\" data-element_type=\"container\" data-settings=\"{&quot;background_background&quot;:&quot;classic&quot;}\">\n\t\t\t\t<div class=\"elementor-element elementor-element-9d5b276 elementor-widget elementor-widget-image\" data-id=\"9d5b276\" data-element_type=\"widget\" data-widget_type=\"image.default\">\n\t\t\t\t<div class=\"elementor-widget-container\">\n\t\t\t<style>\/*! elementor - v3.21.0 - 30-04-2024 *\/\n.elementor-widget-image{text-align:center}.elementor-widget-image a{display:inline-block}.elementor-widget-image a img[src$=\".svg\"]{width:48px}.elementor-widget-image img{vertical-align:middle;display:inline-block}<\/style>\t\t\t\t\t\t\t\t\t\t<img fetchpriority=\"high\" decoding=\"async\" width=\"1280\" height=\"960\" src=\"https:\/\/skiandorra.ad\/wp-content\/uploads\/2024\/05\/WhatsApp-Image-2024-04-11-at-16.11.43-5.jpeg\" class=\"attachment-full size-full wp-image-3381\" alt=\"\" srcset=\"https:\/\/skiandorra.ad\/wp-content\/uploads\/2024\/05\/WhatsApp-Image-2024-04-11-at-16.11.43-5.jpeg 1280w, https:\/\/skiandorra.ad\/wp-content\/uploads\/2024\/05\/WhatsApp-Image-2024-04-11-at-16.11.43-5-300x225.jpeg 300w, https:\/\/skiandorra.ad\/wp-content\/uploads\/2024\/05\/WhatsApp-Image-2024-04-11-at-16.11.43-5-1024x768.jpeg 1024w, https:\/\/skiandorra.ad\/wp-content\/uploads\/2024\/05\/WhatsApp-Image-2024-04-11-at-16.11.43-5-768x576.jpeg 768w, https:\/\/skiandorra.ad\/wp-content\/uploads\/2024\/05\/WhatsApp-Image-2024-04-11-at-16.11.43-5-16x12.jpeg 16w\" sizes=\"(max-width: 1280px) 100vw, 1280px\" \/>\t\t\t\t\t\t\t\t\t\t\t\t\t<\/div>\n\t\t\t\t<\/div>\n\t\t\t\t<\/div>\n\t\t\t\t<\/div>\n\t\t\t\t<\/div>\n\t\t<div class=\"elementor-element elementor-element-597d9e8 e-flex e-con-boxed e-con e-parent\" data-id=\"597d9e8\" data-element_type=\"container\">\n\t\t\t\t\t<div class=\"e-con-inner\">\n\t\t<div class=\"elementor-element elementor-element-1863f03 e-con-full e-flex e-con e-child\" data-id=\"1863f03\" data-element_type=\"container\">\n\t\t\t\t<div class=\"elementor-element elementor-element-fde3eed flechas-formacions elementor-widget elementor-widget-heading\" data-id=\"fde3eed\" data-element_type=\"widget\" data-widget_type=\"heading.default\">\n\t\t\t\t<div class=\"elementor-widget-container\">\n\t\t\t<h2 class=\"elementor-heading-title elementor-size-default\"><a href=\"\/es\/examens-conductor-de-telecadira\/\"><span class=\"hover-item\" style=\"font-family:'Futura Bk BT'; font-size:20px!important;font-weight:100; position:relative;top:-10px!important\">Conductor de telesilla<\/span> <<\/a><\/h2>\t\t<\/div>\n\t\t\t\t<\/div>\n\t\t\t\t<\/div>\n\t\t<div class=\"elementor-element elementor-element-d1eeaa9 e-con-full e-flex e-con e-child\" data-id=\"d1eeaa9\" data-element_type=\"container\">\n\t\t\t\t<div class=\"elementor-element elementor-element-2e09a79 flechas-formacions elementor-widget elementor-widget-heading\" data-id=\"2e09a79\" data-element_type=\"widget\" data-widget_type=\"heading.default\">\n\t\t\t\t<div class=\"elementor-widget-container\">\n\t\t\t<h2 class=\"elementor-heading-title elementor-size-default\"><a href=\"\/es\/examens-conductor-de-teleesqui\/\">> <span class=\"hover-item\" style=\"font-family:'Futura Bk BT'; font-size:20px!important;font-weight:100; position:relative;top:-10px!important\">Conductor de teleesqu\u00ed<\/span><\/a><\/h2>\t\t<\/div>\n\t\t\t\t<\/div>\n\t\t\t\t<\/div>\n\t\t\t\t\t<\/div>\n\t\t\t\t<\/div>\n\t\t\t\t<\/div>","protected":false},"excerpt":{"rendered":"<p>Ex\u00e0mens d&#8217;explotaci\u00f3 Els ex\u00e0mens d\u2019explotaci\u00f3 reconeixen l\u2019assimilaci\u00f3 dels continguts i capaciten els empleats. Aquestes certificacions professionals s\u00f3n lliurades pel Domaines Skiables de France (DSF) i pel Ministeri d\u2019Economia, Competitivitat i Innovaci\u00f3 del Govern d\u2019Andorra. Per tal de poder presentar-se als ex\u00e0mens, cal formar part de la plantilla de l\u2019estaci\u00f3, que decidir\u00e0 qui s\u2019hi inscriu, segons [&hellip;]<\/p>","protected":false},"author":1,"featured_media":0,"parent":0,"menu_order":0,"comment_status":"closed","ping_status":"closed","template":"","meta":{"inline_featured_image":false,"footnotes":""},"class_list":["post-331","page","type-page","status-publish","hentry"],"_links":{"self":[{"href":"https:\/\/skiandorra.ad\/es\/wp-json\/wp\/v2\/pages\/331","targetHints":{"allow":["GET"]}}],"collection":[{"href":"https:\/\/skiandorra.ad\/es\/wp-json\/wp\/v2\/pages"}],"about":[{"href":"https:\/\/skiandorra.ad\/es\/wp-json\/wp\/v2\/types\/page"}],"author":[{"embeddable":true,"href":"https:\/\/skiandorra.ad\/es\/wp-json\/wp\/v2\/users\/1"}],"replies":[{"embeddable":true,"href":"https:\/\/skiandorra.ad\/es\/wp-json\/wp\/v2\/comments?post=331"}],"version-history":[{"count":121,"href":"https:\/\/skiandorra.ad\/es\/wp-json\/wp\/v2\/pages\/331\/revisions"}],"predecessor-version":[{"id":5016,"href":"https:\/\/skiandorra.ad\/es\/wp-json\/wp\/v2\/pages\/331\/revisions\/5016"}],"wp:attachment":[{"href":"https:\/\/skiandorra.ad\/es\/wp-json\/wp\/v2\/media?parent=331"}],"curies":[{"name":"wp","href":"https:\/\/api.w.org\/{rel}","templated":true}]}}