{"id":3546,"date":"2024-05-23T14:29:35","date_gmt":"2024-05-23T12:29:35","guid":{"rendered":"https:\/\/skiandorra.ad\/?page_id=3546"},"modified":"2025-06-10T10:04:05","modified_gmt":"2025-06-10T08:04:05","slug":"recollida-conjunta","status":"publish","type":"page","link":"https:\/\/skiandorra.ad\/es\/recollida-conjunta\/","title":{"rendered":"Recogida conjunta"},"content":{"rendered":"<div data-elementor-type=\"wp-page\" data-elementor-id=\"3546\" class=\"elementor elementor-3546\" data-elementor-post-type=\"page\">\n\t\t\t\t<div class=\"elementor-element elementor-element-b820825 e-flex e-con-boxed e-con e-parent\" data-id=\"b820825\" data-element_type=\"container\" data-settings=\"{&quot;background_background&quot;:&quot;classic&quot;}\">\n\t\t\t\t\t<div class=\"e-con-inner\">\n\t\t\t\t\t<\/div>\n\t\t\t\t<\/div>\n\t\t<div class=\"elementor-element elementor-element-f2bcf05 e-flex e-con-boxed e-con e-parent\" data-id=\"f2bcf05\" data-element_type=\"container\">\n\t\t\t\t\t<div class=\"e-con-inner\">\n\t\t<div class=\"elementor-element elementor-element-02a5beb e-con-full e-flex e-con e-child\" data-id=\"02a5beb\" data-element_type=\"container\">\n\t\t\t\t<div class=\"elementor-element elementor-element-8e1c39a elementor-widget__width-initial elementor-widget elementor-widget-heading\" data-id=\"8e1c39a\" data-element_type=\"widget\" data-widget_type=\"heading.default\">\n\t\t\t\t<div class=\"elementor-widget-container\">\n\t\t\t<style>\/*! elementor - v3.21.0 - 30-04-2024 *\/\n.elementor-heading-title{padding:0;margin:0;line-height:1}.elementor-widget-heading .elementor-heading-title[class*=elementor-size-]>a{color:inherit;font-size:inherit;line-height:inherit}.elementor-widget-heading .elementor-heading-title.elementor-size-small{font-size:15px}.elementor-widget-heading .elementor-heading-title.elementor-size-medium{font-size:19px}.elementor-widget-heading .elementor-heading-title.elementor-size-large{font-size:29px}.elementor-widget-heading .elementor-heading-title.elementor-size-xl{font-size:39px}.elementor-widget-heading .elementor-heading-title.elementor-size-xxl{font-size:59px}<\/style><h2 class=\"elementor-heading-title elementor-size-default\">JORNADA CONJUNTA DE RECOGIDA DE RESIDUOS 2025<\/h2>\t\t<\/div>\n\t\t\t\t<\/div>\n\t\t\t\t<\/div>\n\t\t\t\t\t<\/div>\n\t\t\t\t<\/div>\n\t\t<div class=\"elementor-element elementor-element-816d317 e-flex e-con-boxed e-con e-parent\" data-id=\"816d317\" data-element_type=\"container\">\n\t\t\t\t\t<div class=\"e-con-inner\">\n\t\t<div class=\"elementor-element elementor-element-3514053 e-con-full e-flex e-con e-child\" data-id=\"3514053\" data-element_type=\"container\">\n\t\t\t\t<div class=\"elementor-element elementor-element-d82676d elementor-widget elementor-widget-text-editor\" data-id=\"d82676d\" data-element_type=\"widget\" data-widget_type=\"text-editor.default\">\n\t\t\t\t<div class=\"elementor-widget-container\">\n\t\t\t<style>\/*! elementor - v3.21.0 - 30-04-2024 *\/\n.elementor-widget-text-editor.elementor-drop-cap-view-stacked .elementor-drop-cap{background-color:#69727d;color:#fff}.elementor-widget-text-editor.elementor-drop-cap-view-framed .elementor-drop-cap{color:#69727d;border:3px solid;background-color:transparent}.elementor-widget-text-editor:not(.elementor-drop-cap-view-default) .elementor-drop-cap{margin-top:8px}.elementor-widget-text-editor:not(.elementor-drop-cap-view-default) .elementor-drop-cap-letter{width:1em;height:1em}.elementor-widget-text-editor .elementor-drop-cap{float:left;text-align:center;line-height:1;font-size:50px}.elementor-widget-text-editor .elementor-drop-cap-letter{display:inline-block}<\/style>\t\t\t\t<p>Todas las estaciones andorranas han organizado esta jornada que lleva por t\u00edtulo Monta\u00f1as Limpias, coincidiendo con el D\u00eda Mundial del Medio Ambiente el 5 de junio.<\/p><p>En esta tercera edici\u00f3n han participado m\u00e1s de 250 personas que han logrado una recogida de 1.291 kg de residuos en las diferentes pistas de Ordino Arcal\u00eds, Pal Arinsal y Grandvalira.<\/p><p>El objetivo de esta acci\u00f3n es concienciar sobre la necesidad de ser respetuosos con el entorno, protegiendo los paisajes naturales y asegurando la sostenibilidad. Por lo cual se ha animado a voluntarios y amantes de la naturaleza, as\u00ed como al personal de las estaciones, a limpiar caminos y \u00e1reas recreativas de las estaciones de monta\u00f1a.<\/p><p>\u00a1Pr\u00f3xima edici\u00f3n, el 5 de junio, 2026!<\/p>\t\t\t\t\t\t<\/div>\n\t\t\t\t<\/div>\n\t\t\t\t<div class=\"elementor-element elementor-element-96bef2f elementor-widget elementor-widget-image\" data-id=\"96bef2f\" data-element_type=\"widget\" data-widget_type=\"image.default\">\n\t\t\t\t<div class=\"elementor-widget-container\">\n\t\t\t<style>\/*! elementor - v3.21.0 - 30-04-2024 *\/\n.elementor-widget-image{text-align:center}.elementor-widget-image a{display:inline-block}.elementor-widget-image a img[src$=\".svg\"]{width:48px}.elementor-widget-image img{vertical-align:middle;display:inline-block}<\/style>\t\t\t\t\t\t\t\t\t\t<img fetchpriority=\"high\" decoding=\"async\" width=\"4500\" height=\"4500\" src=\"https:\/\/skiandorra.ad\/wp-content\/uploads\/2024\/05\/GVR_MARCA-SOSTENIBILITAT_Verd.png\" class=\"attachment-full size-full wp-image-3550\" alt=\"\" srcset=\"https:\/\/skiandorra.ad\/wp-content\/uploads\/2024\/05\/GVR_MARCA-SOSTENIBILITAT_Verd.png 4500w, https:\/\/skiandorra.ad\/wp-content\/uploads\/2024\/05\/GVR_MARCA-SOSTENIBILITAT_Verd-300x300.png 300w, https:\/\/skiandorra.ad\/wp-content\/uploads\/2024\/05\/GVR_MARCA-SOSTENIBILITAT_Verd-1024x1024.png 1024w, https:\/\/skiandorra.ad\/wp-content\/uploads\/2024\/05\/GVR_MARCA-SOSTENIBILITAT_Verd-150x150.png 150w, https:\/\/skiandorra.ad\/wp-content\/uploads\/2024\/05\/GVR_MARCA-SOSTENIBILITAT_Verd-768x768.png 768w, https:\/\/skiandorra.ad\/wp-content\/uploads\/2024\/05\/GVR_MARCA-SOSTENIBILITAT_Verd-1536x1536.png 1536w, https:\/\/skiandorra.ad\/wp-content\/uploads\/2024\/05\/GVR_MARCA-SOSTENIBILITAT_Verd-2048x2048.png 2048w, https:\/\/skiandorra.ad\/wp-content\/uploads\/2024\/05\/GVR_MARCA-SOSTENIBILITAT_Verd-12x12.png 12w\" sizes=\"(max-width: 4500px) 100vw, 4500px\" \/>\t\t\t\t\t\t\t\t\t\t\t\t\t<\/div>\n\t\t\t\t<\/div>\n\t\t\t\t<\/div>\n\t\t<div class=\"elementor-element elementor-element-860c839 e-flex e-con-boxed e-con e-child\" data-id=\"860c839\" data-element_type=\"container\">\n\t\t\t\t\t<div class=\"e-con-inner\">\n\t\t\t\t<div class=\"elementor-element elementor-element-a62b448 elementor-arrows-position-inside elementor-pagination-position-outside elementor-widget elementor-widget-image-carousel\" data-id=\"a62b448\" data-element_type=\"widget\" data-settings=\"{&quot;slides_to_show&quot;:&quot;1&quot;,&quot;autoplay_speed&quot;:4000,&quot;navigation&quot;:&quot;both&quot;,&quot;autoplay&quot;:&quot;yes&quot;,&quot;pause_on_hover&quot;:&quot;yes&quot;,&quot;pause_on_interaction&quot;:&quot;yes&quot;,&quot;infinite&quot;:&quot;yes&quot;,&quot;effect&quot;:&quot;slide&quot;,&quot;speed&quot;:500}\" data-widget_type=\"image-carousel.default\">\n\t\t\t\t<div class=\"elementor-widget-container\">\n\t\t\t<style>\/*! elementor - v3.21.0 - 30-04-2024 *\/\n.elementor-widget-image-carousel .swiper,.elementor-widget-image-carousel .swiper-container{position:static}.elementor-widget-image-carousel .swiper-container .swiper-slide figure,.elementor-widget-image-carousel .swiper .swiper-slide figure{line-height:inherit}.elementor-widget-image-carousel .swiper-slide{text-align:center}.elementor-image-carousel-wrapper:not(.swiper-container-initialized):not(.swiper-initialized) .swiper-slide{max-width:calc(100% \/ var(--e-image-carousel-slides-to-show, 3))}<\/style>\t\t<div class=\"elementor-image-carousel-wrapper swiper\" dir=\"ltr\">\n\t\t\t<div class=\"elementor-image-carousel swiper-wrapper\" aria-live=\"off\">\n\t\t\t\t\t\t\t\t<div class=\"swiper-slide\" role=\"group\" aria-roledescription=\"slide\" aria-label=\"1 de 3\"><figure class=\"swiper-slide-inner\"><img decoding=\"async\" class=\"swiper-slide-image\" src=\"https:\/\/skiandorra.ad\/wp-content\/uploads\/elementor\/thumbs\/GRAU-ROIG-1-r73dbba52347jxth1meo2eaqw8h0ck1int20ypbumw.jpeg\" alt=\"GRAU ROIG 1\" \/><\/figure><\/div><div class=\"swiper-slide\" role=\"group\" aria-roledescription=\"slide\" aria-label=\"2 de 3\"><figure class=\"swiper-slide-inner\"><img decoding=\"async\" class=\"swiper-slide-image\" src=\"https:\/\/skiandorra.ad\/wp-content\/uploads\/elementor\/thumbs\/SOLDEU-1-r73dbc7z8x5hvjs3w4tamw27hmcdk958zxpifzaggo.jpeg\" alt=\"SOLDEU 1\" \/><\/figure><\/div><div class=\"swiper-slide\" role=\"group\" aria-roledescription=\"slide\" aria-label=\"3 de 3\"><figure class=\"swiper-slide-inner\"><img decoding=\"async\" class=\"swiper-slide-image\" src=\"https:\/\/skiandorra.ad\/wp-content\/uploads\/elementor\/thumbs\/ARCALIS-2-r73db8gmhl0cl3xki36scx0d42uwpgqbnf3kivg15k.jpeg\" alt=\"ARCAL\u00cdS 2\" \/><\/figure><\/div>\t\t\t<\/div>\n\t\t\t\t\t\t\t\t\t\t\t\t<div class=\"elementor-swiper-button elementor-swiper-button-prev\" role=\"button\" tabindex=\"0\">\n\t\t\t\t\t\t<i aria-hidden=\"true\" class=\"eicon-chevron-left\"><\/i>\t\t\t\t\t<\/div>\n\t\t\t\t\t<div class=\"elementor-swiper-button elementor-swiper-button-next\" role=\"button\" tabindex=\"0\">\n\t\t\t\t\t\t<i aria-hidden=\"true\" class=\"eicon-chevron-right\"><\/i>\t\t\t\t\t<\/div>\n\t\t\t\t\n\t\t\t\t\t\t\t\t\t<div class=\"swiper-pagination\"><\/div>\n\t\t\t\t\t\t\t\t\t<\/div>\n\t\t\t\t<\/div>\n\t\t\t\t<\/div>\n\t\t\t\t\t<\/div>\n\t\t\t\t<\/div>\n\t\t\t\t\t<\/div>\n\t\t\t\t<\/div>\n\t\t\t\t<\/div>","protected":false},"excerpt":{"rendered":"<p>JORNADA DE RECOLLIDA DE RESIDUS 2025 Totes les estacions andorranes han organitzat aquesta jornada que porta per t\u00edtol Muntanyes Netes, coincidint amb el Dia Mundial del Medi Ambient el 5 de juny. En aquesta tercera edici\u00f3 hi han participat m\u00e9s de 250 persones que han aconseguit una recollida de 1.291 kg de residus a les [&hellip;]<\/p>","protected":false},"author":1,"featured_media":0,"parent":0,"menu_order":0,"comment_status":"closed","ping_status":"closed","template":"","meta":{"inline_featured_image":false,"footnotes":""},"class_list":["post-3546","page","type-page","status-publish","hentry"],"_links":{"self":[{"href":"https:\/\/skiandorra.ad\/es\/wp-json\/wp\/v2\/pages\/3546","targetHints":{"allow":["GET"]}}],"collection":[{"href":"https:\/\/skiandorra.ad\/es\/wp-json\/wp\/v2\/pages"}],"about":[{"href":"https:\/\/skiandorra.ad\/es\/wp-json\/wp\/v2\/types\/page"}],"author":[{"embeddable":true,"href":"https:\/\/skiandorra.ad\/es\/wp-json\/wp\/v2\/users\/1"}],"replies":[{"embeddable":true,"href":"https:\/\/skiandorra.ad\/es\/wp-json\/wp\/v2\/comments?post=3546"}],"version-history":[{"count":76,"href":"https:\/\/skiandorra.ad\/es\/wp-json\/wp\/v2\/pages\/3546\/revisions"}],"predecessor-version":[{"id":5841,"href":"https:\/\/skiandorra.ad\/es\/wp-json\/wp\/v2\/pages\/3546\/revisions\/5841"}],"wp:attachment":[{"href":"https:\/\/skiandorra.ad\/es\/wp-json\/wp\/v2\/media?parent=3546"}],"curies":[{"name":"wp","href":"https:\/\/api.w.org\/{rel}","templated":true}]}}