{"id":160,"date":"2024-01-04T09:41:19","date_gmt":"2024-01-04T08:41:19","guid":{"rendered":"https:\/\/skiandorra.ad\/?page_id=160"},"modified":"2024-05-30T17:56:25","modified_gmt":"2024-05-30T15:56:25","slug":"historia-de-les-estacions","status":"publish","type":"page","link":"https:\/\/skiandorra.ad\/fr\/historia-de-les-estacions\/","title":{"rendered":"Histoire du ski en Andorre"},"content":{"rendered":"<div data-elementor-type=\"wp-page\" data-elementor-id=\"160\" class=\"elementor elementor-160\" data-elementor-post-type=\"page\">\n\t\t\t\t<div class=\"elementor-element elementor-element-5ba8a71a e-flex e-con-boxed e-con e-parent\" data-id=\"5ba8a71a\" data-element_type=\"container\" data-settings=\"{&quot;background_background&quot;:&quot;classic&quot;}\">\n\t\t\t\t\t<div class=\"e-con-inner\">\n\t\t\t\t\t<\/div>\n\t\t\t\t<\/div>\n\t\t<div class=\"elementor-element elementor-element-676e3056 e-con-full e-flex e-con e-parent\" data-id=\"676e3056\" data-element_type=\"container\">\n\t\t\t\t<div class=\"elementor-element elementor-element-2197cc57 elementor-widget elementor-widget-heading\" data-id=\"2197cc57\" data-element_type=\"widget\" data-widget_type=\"heading.default\">\n\t\t\t\t<div class=\"elementor-widget-container\">\n\t\t\t<style>\/*! elementor - v3.21.0 - 30-04-2024 *\/\n.elementor-heading-title{padding:0;margin:0;line-height:1}.elementor-widget-heading .elementor-heading-title[class*=elementor-size-]>a{color:inherit;font-size:inherit;line-height:inherit}.elementor-widget-heading .elementor-heading-title.elementor-size-small{font-size:15px}.elementor-widget-heading .elementor-heading-title.elementor-size-medium{font-size:19px}.elementor-widget-heading .elementor-heading-title.elementor-size-large{font-size:29px}.elementor-widget-heading .elementor-heading-title.elementor-size-xl{font-size:39px}.elementor-widget-heading .elementor-heading-title.elementor-size-xxl{font-size:59px}<\/style><h2 class=\"elementor-heading-title elementor-size-default\">Histoire du ski en Andorre<\/h2>\t\t<\/div>\n\t\t\t\t<\/div>\n\t\t\t\t<div class=\"elementor-element elementor-element-2bffab8a elementor-widget elementor-widget-text-editor\" data-id=\"2bffab8a\" data-element_type=\"widget\" data-widget_type=\"text-editor.default\">\n\t\t\t\t<div class=\"elementor-widget-container\">\n\t\t\t<style>\/*! elementor - v3.21.0 - 30-04-2024 *\/\n.elementor-widget-text-editor.elementor-drop-cap-view-stacked .elementor-drop-cap{background-color:#69727d;color:#fff}.elementor-widget-text-editor.elementor-drop-cap-view-framed .elementor-drop-cap{color:#69727d;border:3px solid;background-color:transparent}.elementor-widget-text-editor:not(.elementor-drop-cap-view-default) .elementor-drop-cap{margin-top:8px}.elementor-widget-text-editor:not(.elementor-drop-cap-view-default) .elementor-drop-cap-letter{width:1em;height:1em}.elementor-widget-text-editor .elementor-drop-cap{float:left;text-align:center;line-height:1;font-size:50px}.elementor-widget-text-editor .elementor-drop-cap-letter{display:inline-block}<\/style>\t\t\t\t<p><strong style=\"font-weight: 600;\">La route des stations de ski d\u02bcAndorre<\/strong><\/p>\t\t\t\t\t\t<\/div>\n\t\t\t\t<\/div>\n\t\t\t\t<div class=\"elementor-element elementor-element-af6bb9b elementor-widget elementor-widget-text-editor\" data-id=\"af6bb9b\" data-element_type=\"widget\" data-widget_type=\"text-editor.default\">\n\t\t\t\t<div class=\"elementor-widget-container\">\n\t\t\t\t\t\t\t<p>Le 1er. d\u00e9cembre 1957, la route des stations a vu le jour gr\u00e2ce \u00e0 l\u02bcinitiative audacieuse de Francesc Viladomat et l\u02bcinauguration\ndu premier t\u00e9l\u00e9ski arrivant au sommet du Coll Blanc, situ\u00e9 au <span style=\"color: #76aee0;\">Pas de la Casa<\/span>. Le t\u00e9l\u00e9ski donnait acc\u00e8s \u00e0 un parcours de 2,4\nkilom\u00e8tres et un d\u00e9nivel\u00e9 de 480 m, avec une capacit\u00e9 de transport de 450 skieurs\/heure<\/p>\t\t\t\t\t\t<\/div>\n\t\t\t\t<\/div>\n\t\t\t\t<div class=\"elementor-element elementor-element-9e1e1fc elementor-widget elementor-widget-text-editor\" data-id=\"9e1e1fc\" data-element_type=\"widget\" data-widget_type=\"text-editor.default\">\n\t\t\t\t<div class=\"elementor-widget-container\">\n\t\t\t\t\t\t\t<p>L\u02bcouverture r\u00e9guli\u00e8re du col d\u02bcEnvalira en 1958 a facilit\u00e9 les communications, et l\u02bcessor commercial des ann\u00e9es soixante a\nfavoris\u00e9 l\u02bcarriv\u00e9e des skieurs.<\/p>\t\t\t\t\t\t<\/div>\n\t\t\t\t<\/div>\n\t\t\t\t<div class=\"elementor-element elementor-element-d0aa732 elementor-widget elementor-widget-text-editor\" data-id=\"d0aa732\" data-element_type=\"widget\" data-widget_type=\"text-editor.default\">\n\t\t\t\t<div class=\"elementor-widget-container\">\n\t\t\t\t\t\t\t<p>Au cours des ann\u00e9es suivantes, les installations du Pas de la Case ont \u00e9t\u00e9 agrandies vers <span style=\"color: #76aee0;\">Grau Roig<\/span>, et \u00e0 la fin des ann\u00e9es 80,\nelles ont \u00e9t\u00e9 \u00e9tendues \u00e0 la zone de Montmal\u00fas et au Pic del Cubil en direction du cercle de Pessons, Enradort et la Zone des\nCortals d\u02bcEncamp avec l\u02bcinstallation, en janvier 1999, d\u02bcun Funitel promu par la commune d\u02bcEncamp qui relie le village\nd\u02bcEncamp avec la zone de Solanelles.<\/p>\t\t\t\t\t\t<\/div>\n\t\t\t\t<\/div>\n\t\t\t\t<div class=\"elementor-element elementor-element-144f628 elementor-widget elementor-widget-text-editor\" data-id=\"144f628\" data-element_type=\"widget\" data-widget_type=\"text-editor.default\">\n\t\t\t\t<div class=\"elementor-widget-container\">\n\t\t\t\t\t\t\t<p>Suite au succ\u00e8s de ce visionnaire, d\u02bcautres entrepreneurs suivirent des chemins similaires dans d\u02bcautres r\u00e9gions du pays.<\/p>\t\t\t\t\t\t<\/div>\n\t\t\t\t<\/div>\n\t\t\t\t<div class=\"elementor-element elementor-element-1ff3051 elementor-widget elementor-widget-text-editor\" data-id=\"1ff3051\" data-element_type=\"widget\" data-widget_type=\"text-editor.default\">\n\t\t\t\t<div class=\"elementor-widget-container\">\n\t\t\t\t\t\t\t<p>La deuxi\u00e8me station a \u00e9t\u00e9 mise en service en f\u00e9vrier 1964, \u00e0 l\u02bcinitiative des inconditionnels du ski (Miquel Bar\u00f3, Josep\nTorrellardona et Mart\u00ed Salvans) avec l\u02bcinauguration du premier t\u00e9l\u00e9si\u00e8ge deux places du pays install\u00e9 au pied du village de <span style=\"color: #76aee0;\">Soldeu<\/span>.<\/p>\t\t\t\t\t\t<\/div>\n\t\t\t\t<\/div>\n\t\t\t\t<div class=\"elementor-element elementor-element-4117181 elementor-widget elementor-widget-text-editor\" data-id=\"4117181\" data-element_type=\"widget\" data-widget_type=\"text-editor.default\">\n\t\t\t\t<div class=\"elementor-widget-container\">\n\t\t\t\t\t\t\t<p>Depuis, la station n\u02bca cess\u00e9 d\u02bc\u00e9largir son domaine avec l\u02bcouverture du secteur du Tarter en 1981 avec deux t\u00e9l\u00e9si\u00e8ges, un \u00e0\nRiba Escorxada et un autre qui communiquait avec le Pla d\u02bcEspiolets. Quatre ans plus tard, le nouveau secteur El Forn \u00e9tait\ninaugur\u00e9 \u00e0 Canillo.<\/p>\t\t\t\t\t\t<\/div>\n\t\t\t\t<\/div>\n\t\t\t\t<div class=\"elementor-element elementor-element-ef783aa elementor-widget elementor-widget-text-editor\" data-id=\"ef783aa\" data-element_type=\"widget\" data-widget_type=\"text-editor.default\">\n\t\t\t\t<div class=\"elementor-widget-container\">\n\t\t\t\t\t\t\t<p>L\u02bcun des moments les plus importants a \u00e9t\u00e9 la fusion commerciale et marketing des soci\u00e9t\u00e9s d\u02bcexploitation du Pas de la Case\nGrau Roig et de Soldeu El Tarter, avec la cr\u00e9ation de la soci\u00e9t\u00e9 NEVASA (Neus del Valira SA). <span style=\"color: #76aee0;\">GRANDVALIRA<\/span>, voit ainsi le\njour, lors de la saison 2003\/2004, avec un domaine skiable unique issu de cet accord.<\/p>\t\t\t\t\t\t<\/div>\n\t\t\t\t<\/div>\n\t\t\t\t<\/div>\n\t\t<div class=\"elementor-element elementor-element-6fd855b7 e-con-full e-flex e-con e-parent\" data-id=\"6fd855b7\" data-element_type=\"container\">\n\t\t<div class=\"elementor-element elementor-element-727a29a0 e-con-full Cuadro-fondo-titulos elementor-hidden-mobile e-flex e-con e-child\" data-id=\"727a29a0\" data-element_type=\"container\" data-settings=\"{&quot;background_background&quot;:&quot;classic&quot;}\">\n\t\t\t\t<\/div>\n\t\t<div class=\"elementor-element elementor-element-4579b47f e-con-full Cuadro-fondo-titulos e-flex e-con e-child\" data-id=\"4579b47f\" data-element_type=\"container\" data-settings=\"{&quot;background_background&quot;:&quot;classic&quot;}\">\n\t\t\t\t<\/div>\n\t\t\t\t<\/div>\n\t\t<div class=\"elementor-element elementor-element-4a17adc e-con-full e-flex e-con e-parent\" data-id=\"4a17adc\" data-element_type=\"container\">\n\t\t\t\t<div class=\"elementor-element elementor-element-6c4fd3a elementor-widget elementor-widget-text-editor\" data-id=\"6c4fd3a\" data-element_type=\"widget\" data-widget_type=\"text-editor.default\">\n\t\t\t\t<div class=\"elementor-widget-container\">\n\t\t\t\t\t\t\t<p class=\"translation-block\">De son c\u00f4t\u00e9, en 2024, <span style=\"color: #76aee0\">Arinsal<\/span> \u2013 la troisi\u00e8me station de ski lanc\u00e9e en Andorre \u2013 f\u00eate son 50e anniversaire. \u00c0 No\u00ebl 1972,\nJosep Serra a promu la premi\u00e8re station de neige dans les vall\u00e9es du nord avec un premier t\u00e9l\u00e9si\u00e8ge.<\/p>\t\t\t\t\t\t<\/div>\n\t\t\t\t<\/div>\n\t\t\t\t<div class=\"elementor-element elementor-element-c056aca elementor-widget elementor-widget-text-editor\" data-id=\"c056aca\" data-element_type=\"widget\" data-widget_type=\"text-editor.default\">\n\t\t\t\t<div class=\"elementor-widget-container\">\n\t\t\t\t\t\t\t<p class=\"translation-block\">Au cours de la saison 1982-1983, la station de <span style=\"color: #76aee0\">Pal<\/span> a \u00e9t\u00e9 inaugur\u00e9e, la quatri\u00e8me station du pays et la premi\u00e8re \u00e0 caract\u00e8re\npublic.<\/p>\t\t\t\t\t\t<\/div>\n\t\t\t\t<\/div>\n\t\t\t\t<div class=\"elementor-element elementor-element-1479b21 elementor-widget elementor-widget-text-editor\" data-id=\"1479b21\" data-element_type=\"widget\" data-widget_type=\"text-editor.default\">\n\t\t\t\t<div class=\"elementor-widget-container\">\n\t\t\t\t\t\t\t<p>L\u02bcun des moments les plus marquants a \u00e9t\u00e9 celui de 1992, lorsque la commune de la Massana a repris la gestion d\u02bcArinsal,\nconduisant \u00e0 la cr\u00e9ation de la station de Pal Arinsal.<\/p>\t\t\t\t\t\t<\/div>\n\t\t\t\t<\/div>\n\t\t\t\t<div class=\"elementor-element elementor-element-cb9818e elementor-widget elementor-widget-text-editor\" data-id=\"cb9818e\" data-element_type=\"widget\" data-widget_type=\"text-editor.default\">\n\t\t\t\t<div class=\"elementor-widget-container\">\n\t\t\t\t\t\t\t<p>Cette int\u00e9gration a permis l\u02bcagrandissement du domaine skiable. L\u02bcann\u00e9e 2001 a marqu\u00e9 un autre tournant important pour la\nstation, avec l\u02bcinstallation du t\u00e9l\u00e9ph\u00e9rique qui relie les deux secteurs.<\/p>\t\t\t\t\t\t<\/div>\n\t\t\t\t<\/div>\n\t\t\t\t<div class=\"elementor-element elementor-element-8778e18 elementor-widget elementor-widget-text-editor\" data-id=\"8778e18\" data-element_type=\"widget\" data-widget_type=\"text-editor.default\">\n\t\t\t\t<div class=\"elementor-widget-container translation-block\">En outre, en 2024, nous f\u00eatons le 40e anniversaire du lancement d\u02bc<span style=\"color: #76aee0\">Ordino-Arcal\u00eds<\/span> par la paroisse d\u02bcOrdino, la cinqui\u00e8me\nstation publique du pays. Elle a \u00e9t\u00e9 inaugur\u00e9e \u00e0 P\u00e2ques 1983, avec trois t\u00e9l\u00e9skis et un t\u00e9l\u00e9si\u00e8ge, fonctionnant \u00e0 pleine\ncapacit\u00e9 la saison suivante avec six pistes.<\/div>\n\t\t\t\t<\/div>\n\t\t\t\t<div class=\"elementor-element elementor-element-9116369 elementor-widget elementor-widget-text-editor\" data-id=\"9116369\" data-element_type=\"widget\" data-widget_type=\"text-editor.default\">\n\t\t\t\t<div class=\"elementor-widget-container\">\n\t\t\t\t\t\t\t<p>En 2018, SAETDE signe un contrat avec la commune d\u02bcOrdino et devient l\u02bcactionnaire majoritaire pour exploiter la station\npendant 50 ans. Cette m\u00eame ann\u00e9e, Ordino Arcal\u00eds est int\u00e9gr\u00e9e \u00e0 NEVASA, pour la commercialisation et la promotion de la\nstation.<\/p>\t\t\t\t\t\t<\/div>\n\t\t\t\t<\/div>\n\t\t\t\t<div class=\"elementor-element elementor-element-1abe2e0 elementor-widget elementor-widget-text-editor\" data-id=\"1abe2e0\" data-element_type=\"widget\" data-widget_type=\"text-editor.default\">\n\t\t\t\t<div class=\"elementor-widget-container\">\n\t\t\t\t\t\t\t<p>Trois ans plus tard, SETAP365 est cr\u00e9\u00e9e, une nouvelle holding qui int\u00e8gre les soci\u00e9t\u00e9s qui g\u00e8rent Pal Arinsal et Soldeu El\nTarter, avec la participation des communes de Canillo et de La Massana, conjointement avec le Cr\u00e8dit Andorr\u00e0, pour gagner\nen capacit\u00e9 d\u02bcinvestissement et de coh\u00e9sion d\u02bcun mod\u00e8le d\u02bcentreprise.<\/p>\t\t\t\t\t\t<\/div>\n\t\t\t\t<\/div>\n\t\t\t\t<div class=\"elementor-element elementor-element-26cfb0d elementor-widget elementor-widget-text-editor\" data-id=\"26cfb0d\" data-element_type=\"widget\" data-widget_type=\"text-editor.default\">\n\t\t\t\t<div class=\"elementor-widget-container\">\n\t\t\t\t\t\t\tEnfin, Pal Arinsal est int\u00e9gr\u00e9 \u00e0 NEVASA lors de la saison 2021\/2022 et depuis, toutes les stations de ski sont\ncommercialis\u00e9es et promues conjointement sous la marque <span style=\"color: #76aee0;\">GRANDVALIRA RESORTS<\/span> qui comprend les trois stations de ski (Grandvalira, Pal Arinsal y Ordino Arcal\u00eds).\t\t\t\t\t\t<\/div>\n\t\t\t\t<\/div>\n\t\t\t\t<\/div>\n\t\t<div class=\"elementor-element elementor-element-2da008d e-con-full e-flex e-con e-parent\" data-id=\"2da008d\" data-element_type=\"container\">\n\t\t<div class=\"elementor-element elementor-element-92842ca e-con-full Cuadro-fondo-titulos e-flex e-con e-child\" data-id=\"92842ca\" data-element_type=\"container\" data-settings=\"{&quot;background_background&quot;:&quot;classic&quot;}\">\n\t\t\t\t<\/div>\n\t\t<div class=\"elementor-element elementor-element-cf0bcb5 e-con-full Cuadro-fondo-titulos elementor-hidden-mobile e-flex e-con e-child\" data-id=\"cf0bcb5\" data-element_type=\"container\" data-settings=\"{&quot;background_background&quot;:&quot;classic&quot;}\">\n\t\t\t\t<\/div>\n\t\t\t\t<\/div>\n\t\t<div class=\"elementor-element elementor-element-1107cc6e e-con-full e-flex e-con e-parent\" data-id=\"1107cc6e\" data-element_type=\"container\">\n\t\t\t\t<div class=\"elementor-element elementor-element-48f06762 elementor-widget elementor-widget-text-editor\" data-id=\"48f06762\" data-element_type=\"widget\" data-widget_type=\"text-editor.default\">\n\t\t\t\t<div class=\"elementor-widget-container\">\n\t\t\t\t\t\t\t<p>Avec effort, travail et enthousiasme, l\u02bcAndorre est devenue la destination pr\u00e9f\u00e9r\u00e9e des amateurs de ski et de sports d\u02bchiver. Ses\nstations de ski offrent une grande vari\u00e9t\u00e9 de pistes et de services pour tous les niveaux et tous les go\u00fbts.<\/p>\t\t\t\t\t\t<\/div>\n\t\t\t\t<\/div>\n\t\t\t\t<div class=\"elementor-element elementor-element-4d8bfb9 elementor-widget elementor-widget-text-editor\" data-id=\"4d8bfb9\" data-element_type=\"widget\" data-widget_type=\"text-editor.default\">\n\t\t\t\t<div class=\"elementor-widget-container\">\n\t\t\t\t\t\t\tL\u02bc\u00e9volution a \u00e9t\u00e9 exemplaire, puisque l\u02bcAndorre propose 3 stations de ski avec 308 km skiables, 217 pistes pour tous les\nniveaux et 123 remont\u00e9es m\u00e9caniques avec un seul forfait de ski.\t\t\t\t\t\t<\/div>\n\t\t\t\t<\/div>\n\t\t\t\t<div class=\"elementor-element elementor-element-e503496 elementor-widget elementor-widget-text-editor\" data-id=\"e503496\" data-element_type=\"widget\" data-widget_type=\"text-editor.default\">\n\t\t\t\t<div class=\"elementor-widget-container\">\n\t\t\t\t\t\t\tL\u02bcAndorre a ainsi r\u00e9ussi \u00e0 se consolider comme une destination leader dans le domaine duo turisme hivernal. Son h\u00e9ritage\nperdure aujourd\u02bchui et continue d\u02bcattirer des visiteurs du monde entier, qui cherchent \u00e0 profiter d\u02bcimpressionnantes montagnes\naux sommets enneig\u00e9s et de leurs paysages privil\u00e9gi\u00e9s.\t\t\t\t\t\t<\/div>\n\t\t\t\t<\/div>\n\t\t\t\t<\/div>\n\t\t\t\t<\/div>","protected":false},"excerpt":{"rendered":"<p>Hist\u00f2ria de les estacions El cam\u00ed de les estacions d&#8217;esqu\u00ed d&#8217;Andorra L\u20191 de desembre del 1957 amb l\u2019auda\u00e7 iniciativa de Francesc Viladomat inaugurant el primer teleesqu\u00ed al cim del Coll Blanc, situat al Pas de la Casa. El teleesqu\u00ed donava acc\u00e9s a un recorregut de 2 quil\u00f2metres i 400 metres i un desnivell de 480 [&hellip;]<\/p>","protected":false},"author":1,"featured_media":0,"parent":0,"menu_order":0,"comment_status":"closed","ping_status":"closed","template":"","meta":{"inline_featured_image":false,"footnotes":""},"class_list":["post-160","page","type-page","status-publish","hentry"],"_links":{"self":[{"href":"https:\/\/skiandorra.ad\/fr\/wp-json\/wp\/v2\/pages\/160","targetHints":{"allow":["GET"]}}],"collection":[{"href":"https:\/\/skiandorra.ad\/fr\/wp-json\/wp\/v2\/pages"}],"about":[{"href":"https:\/\/skiandorra.ad\/fr\/wp-json\/wp\/v2\/types\/page"}],"author":[{"embeddable":true,"href":"https:\/\/skiandorra.ad\/fr\/wp-json\/wp\/v2\/users\/1"}],"replies":[{"embeddable":true,"href":"https:\/\/skiandorra.ad\/fr\/wp-json\/wp\/v2\/comments?post=160"}],"version-history":[{"count":80,"href":"https:\/\/skiandorra.ad\/fr\/wp-json\/wp\/v2\/pages\/160\/revisions"}],"predecessor-version":[{"id":4897,"href":"https:\/\/skiandorra.ad\/fr\/wp-json\/wp\/v2\/pages\/160\/revisions\/4897"}],"wp:attachment":[{"href":"https:\/\/skiandorra.ad\/fr\/wp-json\/wp\/v2\/media?parent=160"}],"curies":[{"name":"wp","href":"https:\/\/api.w.org\/{rel}","templated":true}]}}