{"id":175,"date":"2024-01-04T10:10:38","date_gmt":"2024-01-04T09:10:38","guid":{"rendered":"https:\/\/skiandorra.ad\/?page_id=175"},"modified":"2024-06-17T14:51:30","modified_gmt":"2024-06-17T12:51:30","slug":"andorra","status":"publish","type":"page","link":"https:\/\/skiandorra.ad\/fr\/andorra\/","title":{"rendered":"Andorre"},"content":{"rendered":"<div data-elementor-type=\"wp-page\" data-elementor-id=\"175\" class=\"elementor elementor-175\" data-elementor-post-type=\"page\">\n\t\t\t\t<div class=\"elementor-element elementor-element-38a2a7ab e-flex e-con-boxed e-con e-parent\" data-id=\"38a2a7ab\" data-element_type=\"container\" data-settings=\"{&quot;background_background&quot;:&quot;classic&quot;}\">\n\t\t\t\t\t<div class=\"e-con-inner\">\n\t\t\t\t\t<\/div>\n\t\t\t\t<\/div>\n\t\t<div class=\"elementor-element elementor-element-133684da e-con-full e-flex e-con e-parent\" data-id=\"133684da\" data-element_type=\"container\">\n\t\t\t\t<div class=\"elementor-element elementor-element-6f100fce elementor-widget elementor-widget-heading\" data-id=\"6f100fce\" data-element_type=\"widget\" data-widget_type=\"heading.default\">\n\t\t\t\t<div class=\"elementor-widget-container\">\n\t\t\t<style>\/*! elementor - v3.21.0 - 30-04-2024 *\/\n.elementor-heading-title{padding:0;margin:0;line-height:1}.elementor-widget-heading .elementor-heading-title[class*=elementor-size-]>a{color:inherit;font-size:inherit;line-height:inherit}.elementor-widget-heading .elementor-heading-title.elementor-size-small{font-size:15px}.elementor-widget-heading .elementor-heading-title.elementor-size-medium{font-size:19px}.elementor-widget-heading .elementor-heading-title.elementor-size-large{font-size:29px}.elementor-widget-heading .elementor-heading-title.elementor-size-xl{font-size:39px}.elementor-widget-heading .elementor-heading-title.elementor-size-xxl{font-size:59px}<\/style><h2 class=\"elementor-heading-title elementor-size-default\">Andorre<\/h2>\t\t<\/div>\n\t\t\t\t<\/div>\n\t\t\t\t<div class=\"elementor-element elementor-element-715b95a elementor-widget elementor-widget-text-editor\" data-id=\"715b95a\" data-element_type=\"widget\" data-widget_type=\"text-editor.default\">\n\t\t\t\t<div class=\"elementor-widget-container\">\n\t\t\t<style>\/*! elementor - v3.21.0 - 30-04-2024 *\/\n.elementor-widget-text-editor.elementor-drop-cap-view-stacked .elementor-drop-cap{background-color:#69727d;color:#fff}.elementor-widget-text-editor.elementor-drop-cap-view-framed .elementor-drop-cap{color:#69727d;border:3px solid;background-color:transparent}.elementor-widget-text-editor:not(.elementor-drop-cap-view-default) .elementor-drop-cap{margin-top:8px}.elementor-widget-text-editor:not(.elementor-drop-cap-view-default) .elementor-drop-cap-letter{width:1em;height:1em}.elementor-widget-text-editor .elementor-drop-cap{float:left;text-align:center;line-height:1;font-size:50px}.elementor-widget-text-editor .elementor-drop-cap-letter{display:inline-block}<\/style>\t\t\t\t<p><strong style=\"font-weight: 600;\">L\u02bcAndorre, la destination parfaite pour les amateurs de ski<\/strong><\/p><p>Situ\u00e9 dans les Pyr\u00e9n\u00e9es, ce petit pays offre un environnement naturel impressionnant, avec des montagnes majestueuses et une\nneige de qualit\u00e9. Les stations de ski d\u02bcAndorre sont connues pour offrir une grande vari\u00e9t\u00e9 de pistes adapt\u00e9es aux diff\u00e9rents\nniveaux d\u02bcexp\u00e9rience : que vous soyez d\u00e9butant et souhaitiez apprendre \u00e0 skier ou que vous soyez skieur aguerri \u00e0 la recherche\nde d\u00e9fis, vous y trouverez votre compte!<\/p>\t\t\t\t\t\t<\/div>\n\t\t\t\t<\/div>\n\t\t\t\t<div class=\"elementor-element elementor-element-aa7d4d8 elementor-widget elementor-widget-text-editor\" data-id=\"aa7d4d8\" data-element_type=\"widget\" data-widget_type=\"text-editor.default\">\n\t\t\t\t<div class=\"elementor-widget-container\">\n\t\t\t\t\t\t\t<p>L\u02bcAndorre offre aussi plusieurs attraits et services de qualit\u00e9 pour compl\u00e9ter votre exp\u00e9rience. Vous pourrez vivre l\u02bcapr\u00e8s-ski au\npied des pistes, mais aussi profiter d\u02bcun grand \u00e9ventail d\u02bcactivit\u00e9s, telles que des attractions touristiques et culturelles,\ncommerciales et gastronomiques haut de gamme. Vous avez aussi la possibilit\u00e9 de vous d\u00e9tendre apr\u00e8s une intense journ\u00e9e de\nski. Un autre grand avantage de skier en Andorre est sa situation centrale en Europe, car elle est accessible depuis plusieurs\ngrandes villes et a\u00e9roports, ce qui facilite votre voyage.<\/p>\t\t\t\t\t\t<\/div>\n\t\t\t\t<\/div>\n\t\t\t\t<div class=\"elementor-element elementor-element-dcf3247 elementor-widget elementor-widget-text-editor\" data-id=\"dcf3247\" data-element_type=\"widget\" data-widget_type=\"text-editor.default\">\n\t\t\t\t<div class=\"elementor-widget-container\">\n\t\t\t\t\t\t\t<p>Pour plus d\u02bcinformations: <a style=\"color: #76aee1;\" href=\"https:\/\/visitandorra.com\/fr\/\" target=\"\u201d_blank\u201d\">www.visitandorra.com<\/a><\/p>\t\t\t\t\t\t<\/div>\n\t\t\t\t<\/div>\n\t\t\t\t<\/div>\n\t\t<div class=\"elementor-element elementor-element-4659f1da e-con-full e-flex e-con e-parent\" data-id=\"4659f1da\" data-element_type=\"container\">\n\t\t<div class=\"elementor-element elementor-element-6b994da2 e-con-full Cuadro-fondo-titulos elementor-hidden-mobile e-flex e-con e-child\" data-id=\"6b994da2\" data-element_type=\"container\" data-settings=\"{&quot;background_background&quot;:&quot;classic&quot;}\">\n\t\t\t\t<\/div>\n\t\t<div class=\"elementor-element elementor-element-7dddd2df e-con-full Cuadro-fondo-titulos e-flex e-con e-child\" data-id=\"7dddd2df\" data-element_type=\"container\" data-settings=\"{&quot;background_background&quot;:&quot;classic&quot;}\">\n\t\t\t\t<\/div>\n\t\t\t\t<\/div>\n\t\t<div class=\"elementor-element elementor-element-33d747a e-flex e-con-boxed e-con e-parent\" data-id=\"33d747a\" data-element_type=\"container\">\n\t\t\t\t\t<div class=\"e-con-inner\">\n\t\t\t\t<div class=\"elementor-element elementor-element-4e34de6 elementor-widget elementor-widget-spacer\" data-id=\"4e34de6\" data-element_type=\"widget\" data-widget_type=\"spacer.default\">\n\t\t\t\t<div class=\"elementor-widget-container\">\n\t\t\t<style>\/*! elementor - v3.21.0 - 30-04-2024 *\/\n.elementor-column .elementor-spacer-inner{height:var(--spacer-size)}.e-con{--container-widget-width:100%}.e-con-inner>.elementor-widget-spacer,.e-con>.elementor-widget-spacer{width:var(--container-widget-width,var(--spacer-size));--align-self:var(--container-widget-align-self,initial);--flex-shrink:0}.e-con-inner>.elementor-widget-spacer>.elementor-widget-container,.e-con>.elementor-widget-spacer>.elementor-widget-container{height:100%;width:100%}.e-con-inner>.elementor-widget-spacer>.elementor-widget-container>.elementor-spacer,.e-con>.elementor-widget-spacer>.elementor-widget-container>.elementor-spacer{height:100%}.e-con-inner>.elementor-widget-spacer>.elementor-widget-container>.elementor-spacer>.elementor-spacer-inner,.e-con>.elementor-widget-spacer>.elementor-widget-container>.elementor-spacer>.elementor-spacer-inner{height:var(--container-widget-height,var(--spacer-size))}.e-con-inner>.elementor-widget-spacer.elementor-widget-empty,.e-con>.elementor-widget-spacer.elementor-widget-empty{position:relative;min-height:22px;min-width:22px}.e-con-inner>.elementor-widget-spacer.elementor-widget-empty .elementor-widget-empty-icon,.e-con>.elementor-widget-spacer.elementor-widget-empty .elementor-widget-empty-icon{position:absolute;top:0;bottom:0;left:0;right:0;margin:auto;padding:0;width:22px;height:22px}<\/style>\t\t<div class=\"elementor-spacer\">\n\t\t\t<div class=\"elementor-spacer-inner\"><\/div>\n\t\t<\/div>\n\t\t\t\t<\/div>\n\t\t\t\t<\/div>\n\t\t\t\t\t<\/div>\n\t\t\t\t<\/div>\n\t\t\t\t<\/div>","protected":false},"excerpt":{"rendered":"<p>Andorra Andorra, el dest\u00ed perfecte per als amants e l&#8217;esqu\u00ed. Situat als Pirineus, aquest petit pa\u00eds ofereix un entorn natural impressionant, amb muntanyes majestuoses i neu de qualitat. Les estacions d&#8217;esqu\u00ed d&#8217;Andorra s\u00f3n conegudes per oferir una gran varietat de pistes adaptades a diferents nivells d&#8217;experi\u00e8ncia: tant si ets un principiant que vol aprendre a [&hellip;]<\/p>","protected":false},"author":1,"featured_media":0,"parent":0,"menu_order":0,"comment_status":"closed","ping_status":"closed","template":"","meta":{"inline_featured_image":false,"footnotes":""},"class_list":["post-175","page","type-page","status-publish","hentry"],"_links":{"self":[{"href":"https:\/\/skiandorra.ad\/fr\/wp-json\/wp\/v2\/pages\/175","targetHints":{"allow":["GET"]}}],"collection":[{"href":"https:\/\/skiandorra.ad\/fr\/wp-json\/wp\/v2\/pages"}],"about":[{"href":"https:\/\/skiandorra.ad\/fr\/wp-json\/wp\/v2\/types\/page"}],"author":[{"embeddable":true,"href":"https:\/\/skiandorra.ad\/fr\/wp-json\/wp\/v2\/users\/1"}],"replies":[{"embeddable":true,"href":"https:\/\/skiandorra.ad\/fr\/wp-json\/wp\/v2\/comments?post=175"}],"version-history":[{"count":47,"href":"https:\/\/skiandorra.ad\/fr\/wp-json\/wp\/v2\/pages\/175\/revisions"}],"predecessor-version":[{"id":4160,"href":"https:\/\/skiandorra.ad\/fr\/wp-json\/wp\/v2\/pages\/175\/revisions\/4160"}],"wp:attachment":[{"href":"https:\/\/skiandorra.ad\/fr\/wp-json\/wp\/v2\/media?parent=175"}],"curies":[{"name":"wp","href":"https:\/\/api.w.org\/{rel}","templated":true}]}}