{"id":1905,"date":"2024-03-08T10:58:53","date_gmt":"2024-03-08T09:58:53","guid":{"rendered":"https:\/\/skiandorra.ad\/?page_id=1905"},"modified":"2024-07-19T09:41:38","modified_gmt":"2024-07-19T07:41:38","slug":"escola-desqui","status":"publish","type":"page","link":"https:\/\/skiandorra.ad\/fr\/escola-desqui\/","title":{"rendered":"Escola d&#8217;esqui"},"content":{"rendered":"<div data-elementor-type=\"wp-page\" data-elementor-id=\"1905\" class=\"elementor elementor-1905\" data-elementor-post-type=\"page\">\n\t\t\t\t<div class=\"elementor-element elementor-element-82a55e9 e-flex e-con-boxed e-con e-parent\" data-id=\"82a55e9\" data-element_type=\"container\" data-settings=\"{&quot;background_background&quot;:&quot;classic&quot;}\">\n\t\t\t\t\t<div class=\"e-con-inner\">\n\t\t\t\t\t<\/div>\n\t\t\t\t<\/div>\n\t\t<div class=\"elementor-element elementor-element-0ce4656 e-flex e-con-boxed e-con e-parent\" data-id=\"0ce4656\" data-element_type=\"container\">\n\t\t\t\t\t<div class=\"e-con-inner\">\n\t\t\t\t<div class=\"elementor-element elementor-element-d9bfb25 elementor-widget elementor-widget-heading\" data-id=\"d9bfb25\" data-element_type=\"widget\" data-widget_type=\"heading.default\">\n\t\t\t\t<div class=\"elementor-widget-container\">\n\t\t\t<style>\/*! elementor - v3.21.0 - 30-04-2024 *\/\n.elementor-heading-title{padding:0;margin:0;line-height:1}.elementor-widget-heading .elementor-heading-title[class*=elementor-size-]>a{color:inherit;font-size:inherit;line-height:inherit}.elementor-widget-heading .elementor-heading-title.elementor-size-small{font-size:15px}.elementor-widget-heading .elementor-heading-title.elementor-size-medium{font-size:19px}.elementor-widget-heading .elementor-heading-title.elementor-size-large{font-size:29px}.elementor-widget-heading .elementor-heading-title.elementor-size-xl{font-size:39px}.elementor-widget-heading .elementor-heading-title.elementor-size-xxl{font-size:59px}<\/style><h2 class=\"elementor-heading-title elementor-size-default\">\u00c9COLES DE SKI<\/h2>\t\t<\/div>\n\t\t\t\t<\/div>\n\t\t\t\t<div class=\"elementor-element elementor-element-0383ddb elementor-widget elementor-widget-text-editor\" data-id=\"0383ddb\" data-element_type=\"widget\" data-widget_type=\"text-editor.default\">\n\t\t\t\t<div class=\"elementor-widget-container\">\n\t\t\t<style>\/*! elementor - v3.21.0 - 30-04-2024 *\/\n.elementor-widget-text-editor.elementor-drop-cap-view-stacked .elementor-drop-cap{background-color:#69727d;color:#fff}.elementor-widget-text-editor.elementor-drop-cap-view-framed .elementor-drop-cap{color:#69727d;border:3px solid;background-color:transparent}.elementor-widget-text-editor:not(.elementor-drop-cap-view-default) .elementor-drop-cap{margin-top:8px}.elementor-widget-text-editor:not(.elementor-drop-cap-view-default) .elementor-drop-cap-letter{width:1em;height:1em}.elementor-widget-text-editor .elementor-drop-cap{float:left;text-align:center;line-height:1;font-size:50px}.elementor-widget-text-editor .elementor-drop-cap-letter{display:inline-block}<\/style>\t\t\t\t<p>Pour pouvoir travailler comme moniteur  de ski alpin ou snowboard  en Andorre, il faut \u00eatre titulaire d\u2019un certificat correspondant d\u00e9livr\u00e9 ou homologu\u00e9 par le gouvernement d\u2019Andorre, \u00e0 travers \u00c9cole de formation de professions sportives et de montagne (EFPEM), et disposer aussi du permis de travail et  de s\u00e9jour.<\/p><p>Une formation de technicien de ski alpin est  aussi organis\u00e9e pour pouvoir enseigner aux jardins des neiges des stations.<\/p>\t\t\t\t\t\t<\/div>\n\t\t\t\t<\/div>\n\t\t\t\t\t<\/div>\n\t\t\t\t<\/div>\n\t\t<div class=\"elementor-element elementor-element-298964d e-con-full e-flex e-con e-parent\" data-id=\"298964d\" data-element_type=\"container\">\n\t\t\t\t<div class=\"elementor-element elementor-element-36e7470 elementor-widget elementor-widget-heading\" data-id=\"36e7470\" data-element_type=\"widget\" data-widget_type=\"heading.default\">\n\t\t\t\t<div class=\"elementor-widget-container\">\n\t\t\t<h2 class=\"elementor-heading-title elementor-size-default\">Formation moniteurs de ski<\/h2>\t\t<\/div>\n\t\t\t\t<\/div>\n\t\t<div class=\"elementor-element elementor-element-80665a9 e-con-full e-flex e-con e-child\" data-id=\"80665a9\" data-element_type=\"container\">\n\t\t<div class=\"elementor-element elementor-element-c58a843 e-con-full e-flex e-con e-child\" data-id=\"c58a843\" data-element_type=\"container\">\n\t\t\t\t<div class=\"elementor-element elementor-element-7b93565 elementor-widget elementor-widget-text-editor\" data-id=\"7b93565\" data-element_type=\"widget\" data-widget_type=\"text-editor.default\">\n\t\t\t\t<div class=\"elementor-widget-container\">\n\t\t\t\t\t\t\t<p>En Andorre l\u2019organisme de formation EFPEM r\u00e9alise les formations pour moniteurs, et est l\u2019organisme qui valide les certificats \u00e9trangers.<\/p><p>La formation de moniteur de ski alpin ou snowboard compte avec un test d\u2019acc\u00e8s, une partie g\u00e9n\u00e9rale, et une partie pratique pour chacun des 3 niveaux disponibles  de formation.<\/p><p>Plus d\u2019information: <a style=\"color: #76aee1;\" href=\"https:\/\/www.efpem.ad\/\" target=\"_blank\" rel=\"noopener\">www.efpem.ad<\/a><\/p>\t\t\t\t\t\t<\/div>\n\t\t\t\t<\/div>\n\t\t\t\t<\/div>\n\t\t<div class=\"elementor-element elementor-element-7546fae e-con-full e-flex e-con e-child\" data-id=\"7546fae\" data-element_type=\"container\" data-settings=\"{&quot;background_background&quot;:&quot;classic&quot;}\">\n\t\t\t\t<div class=\"elementor-element elementor-element-5ebd443 elementor-widget elementor-widget-spacer\" data-id=\"5ebd443\" data-element_type=\"widget\" data-widget_type=\"spacer.default\">\n\t\t\t\t<div class=\"elementor-widget-container\">\n\t\t\t<style>\/*! elementor - v3.21.0 - 30-04-2024 *\/\n.elementor-column .elementor-spacer-inner{height:var(--spacer-size)}.e-con{--container-widget-width:100%}.e-con-inner>.elementor-widget-spacer,.e-con>.elementor-widget-spacer{width:var(--container-widget-width,var(--spacer-size));--align-self:var(--container-widget-align-self,initial);--flex-shrink:0}.e-con-inner>.elementor-widget-spacer>.elementor-widget-container,.e-con>.elementor-widget-spacer>.elementor-widget-container{height:100%;width:100%}.e-con-inner>.elementor-widget-spacer>.elementor-widget-container>.elementor-spacer,.e-con>.elementor-widget-spacer>.elementor-widget-container>.elementor-spacer{height:100%}.e-con-inner>.elementor-widget-spacer>.elementor-widget-container>.elementor-spacer>.elementor-spacer-inner,.e-con>.elementor-widget-spacer>.elementor-widget-container>.elementor-spacer>.elementor-spacer-inner{height:var(--container-widget-height,var(--spacer-size))}.e-con-inner>.elementor-widget-spacer.elementor-widget-empty,.e-con>.elementor-widget-spacer.elementor-widget-empty{position:relative;min-height:22px;min-width:22px}.e-con-inner>.elementor-widget-spacer.elementor-widget-empty .elementor-widget-empty-icon,.e-con>.elementor-widget-spacer.elementor-widget-empty .elementor-widget-empty-icon{position:absolute;top:0;bottom:0;left:0;right:0;margin:auto;padding:0;width:22px;height:22px}<\/style>\t\t<div class=\"elementor-spacer\">\n\t\t\t<div class=\"elementor-spacer-inner\"><\/div>\n\t\t<\/div>\n\t\t\t\t<\/div>\n\t\t\t\t<\/div>\n\t\t\t\t<\/div>\n\t\t\t\t<\/div>\n\t\t\t\t<\/div>\n\t\t<div class=\"elementor-element elementor-element-cb96f35 e-con-full e-flex e-con e-parent\" data-id=\"cb96f35\" data-element_type=\"container\">\n\t\t\t\t<div class=\"elementor-element elementor-element-d3eeeda elementor-widget elementor-widget-heading\" data-id=\"d3eeeda\" data-element_type=\"widget\" data-widget_type=\"heading.default\">\n\t\t\t\t<div class=\"elementor-widget-container\">\n\t\t\t<h2 class=\"elementor-heading-title elementor-size-default\">Formation de technicien de ski alpin au jardin des neiges<\/h2>\t\t<\/div>\n\t\t\t\t<\/div>\n\t\t<div class=\"elementor-element elementor-element-e4392df e-con-full e-flex e-con e-child\" data-id=\"e4392df\" data-element_type=\"container\">\n\t\t<div class=\"elementor-element elementor-element-0425f3a e-con-full e-flex e-con e-child\" data-id=\"0425f3a\" data-element_type=\"container\">\n\t\t\t\t<div class=\"elementor-element elementor-element-2c6bd82 elementor-widget elementor-widget-text-editor\" data-id=\"2c6bd82\" data-element_type=\"widget\" data-widget_type=\"text-editor.default\">\n\t\t\t\t<div class=\"elementor-widget-container\">\n\t\t\t\t\t\t\t<p>L\u02bcobjectif consiste \u00e0 former des professionnels charg\u00e9s plus tard de\nfaire d\u00e9couvrir aux enfants le monde de la neige. Tr\u00e8s souvent, le\npremier contact d\u02bcun enfant avec la neige et avec le ski se fait \u00e0\ntravers les jardins des neiges, d\u02bco\u00f9 l\u02bcimportance de la formation de\nces moniteurs.<\/p><p>Cette formation est organis\u00e9e par l\u02bcEFPEM et coordonne Ski\nAndorra.<\/p>\t\t\t\t\t\t<\/div>\n\t\t\t\t<\/div>\n\t\t\t\t<div class=\"elementor-element elementor-element-dabc038 elementor-widget elementor-widget-text-editor\" data-id=\"dabc038\" data-element_type=\"widget\" data-widget_type=\"text-editor.default\">\n\t\t\t\t<div class=\"elementor-widget-container\">\n\t\t\t\t\t\t\tCrit\u00e8res pour se pr\u00e9senter\t\t\t\t\t\t<\/div>\n\t\t\t\t<\/div>\n\t\t\t\t<div class=\"elementor-element elementor-element-c3d6858 elementor-widget elementor-widget-text-editor\" data-id=\"c3d6858\" data-element_type=\"widget\" data-widget_type=\"text-editor.default\">\n\t\t\t\t<div class=\"elementor-widget-container\">\n\t\t\t\t\t\t\t<ul><li>Il est indispensable de faire preuve d\u02bcun niveau de ski minimum de virage \u00e9l\u00e9mentaire.<\/li><\/ul>\t\t\t\t\t\t<\/div>\n\t\t\t\t<\/div>\n\t\t\t\t<div class=\"elementor-element elementor-element-aec6171 elementor-widget elementor-widget-text-editor\" data-id=\"aec6171\" data-element_type=\"widget\" data-widget_type=\"text-editor.default\">\n\t\t\t\t<div class=\"elementor-widget-container\">\n\t\t\t\t\t\t\t<ul><li>\u00catre titulaire des premiers secours civiques (PSC)<\/li><\/ul>\t\t\t\t\t\t<\/div>\n\t\t\t\t<\/div>\n\t\t\t\t<div class=\"elementor-element elementor-element-2c442e6 elementor-widget elementor-widget-text-editor\" data-id=\"2c442e6\" data-element_type=\"widget\" data-widget_type=\"text-editor.default\">\n\t\t\t\t<div class=\"elementor-widget-container\">\n\t\t\t\t\t\t\t<ul>\n \t<li>Il faut \u00eatre pr\u00e9sent\u00e9 par la station.<\/li>\n<\/ul>\t\t\t\t\t\t<\/div>\n\t\t\t\t<\/div>\n\t\t\t\t<div class=\"elementor-element elementor-element-0977494 elementor-widget elementor-widget-text-editor\" data-id=\"0977494\" data-element_type=\"widget\" data-widget_type=\"text-editor.default\">\n\t\t\t\t<div class=\"elementor-widget-container\">\n\t\t\t\t\t\t\tSki Andorra coordonne un cours de PSC pour les candidats n\u02bcayant\npas l\u02bcattestation.\t\t\t\t\t\t<\/div>\n\t\t\t\t<\/div>\n\t\t\t\t<div class=\"elementor-element elementor-element-9675e30 elementor-widget elementor-widget-text-editor\" data-id=\"9675e30\" data-element_type=\"widget\" data-widget_type=\"text-editor.default\">\n\t\t\t\t<div class=\"elementor-widget-container\">\n\t\t\t\t\t\t\tPROGRAMME DE FORMATION\t\t\t\t\t\t<\/div>\n\t\t\t\t<\/div>\n\t\t\t\t<div class=\"elementor-element elementor-element-29f401e elementor-widget elementor-widget-text-editor\" data-id=\"29f401e\" data-element_type=\"widget\" data-widget_type=\"text-editor.default\">\n\t\t\t\t<div class=\"elementor-widget-container\">\n\t\t\t\t\t\t\t<p><strong style=\"font-weight: 600;\">Formation pratique<\/strong> 3 jours<br \/><strong style=\"font-weight: 600;\">Formation th\u00e9orique<\/strong> 7 heures de psychop\u00e9dagogie<\/p>\t\t\t\t\t\t<\/div>\n\t\t\t\t<\/div>\n\t\t\t\t<\/div>\n\t\t<div class=\"elementor-element elementor-element-12afff7 e-con-full e-flex e-con e-child\" data-id=\"12afff7\" data-element_type=\"container\" data-settings=\"{&quot;background_background&quot;:&quot;classic&quot;}\">\n\t\t\t\t<div class=\"elementor-element elementor-element-e146caa elementor-widget elementor-widget-spacer\" data-id=\"e146caa\" data-element_type=\"widget\" data-widget_type=\"spacer.default\">\n\t\t\t\t<div class=\"elementor-widget-container\">\n\t\t\t\t\t<div class=\"elementor-spacer\">\n\t\t\t<div class=\"elementor-spacer-inner\"><\/div>\n\t\t<\/div>\n\t\t\t\t<\/div>\n\t\t\t\t<\/div>\n\t\t\t\t<\/div>\n\t\t\t\t<\/div>\n\t\t\t\t<\/div>\n\t\t\t\t<\/div>","protected":false},"excerpt":{"rendered":"<p>Escola d&#8217;esqu\u00ed Per poder treballar com a monitor d\u2019esqu\u00ed alp\u00ed o snowboard a Andorra cal disposar del corresponent t\u00edtol lliurat o homologat pel Govern d\u2019Andorra a trav\u00e9s de l&#8217;Escola de formaci\u00f3 de professions esportives i de muntanya (EFPEM) i tenir la corresponent autoritzaci\u00f3 de sojorn i treball. Una formaci\u00f3 de t\u00e8cnic d\u2019esqu\u00ed alp\u00ed en jard\u00ed [&hellip;]<\/p>","protected":false},"author":1,"featured_media":0,"parent":0,"menu_order":0,"comment_status":"closed","ping_status":"closed","template":"","meta":{"inline_featured_image":false,"footnotes":""},"class_list":["post-1905","page","type-page","status-publish","hentry"],"_links":{"self":[{"href":"https:\/\/skiandorra.ad\/fr\/wp-json\/wp\/v2\/pages\/1905","targetHints":{"allow":["GET"]}}],"collection":[{"href":"https:\/\/skiandorra.ad\/fr\/wp-json\/wp\/v2\/pages"}],"about":[{"href":"https:\/\/skiandorra.ad\/fr\/wp-json\/wp\/v2\/types\/page"}],"author":[{"embeddable":true,"href":"https:\/\/skiandorra.ad\/fr\/wp-json\/wp\/v2\/users\/1"}],"replies":[{"embeddable":true,"href":"https:\/\/skiandorra.ad\/fr\/wp-json\/wp\/v2\/comments?post=1905"}],"version-history":[{"count":64,"href":"https:\/\/skiandorra.ad\/fr\/wp-json\/wp\/v2\/pages\/1905\/revisions"}],"predecessor-version":[{"id":5025,"href":"https:\/\/skiandorra.ad\/fr\/wp-json\/wp\/v2\/pages\/1905\/revisions\/5025"}],"wp:attachment":[{"href":"https:\/\/skiandorra.ad\/fr\/wp-json\/wp\/v2\/media?parent=1905"}],"curies":[{"name":"wp","href":"https:\/\/api.w.org\/{rel}","templated":true}]}}