{"id":827,"date":"2024-02-21T09:55:28","date_gmt":"2024-02-21T08:55:28","guid":{"rendered":"https:\/\/skiandorra.ad\/?page_id=827"},"modified":"2025-10-23T17:48:51","modified_gmt":"2025-10-23T15:48:51","slug":"forfets-de-temporada","status":"publish","type":"page","link":"https:\/\/skiandorra.ad\/fr\/forfets-de-temporada\/","title":{"rendered":"Forfaits Saison"},"content":{"rendered":"<div data-elementor-type=\"wp-page\" data-elementor-id=\"827\" class=\"elementor elementor-827\" data-elementor-post-type=\"page\">\n\t\t\t\t<div class=\"elementor-element elementor-element-11b08f8 e-flex e-con-boxed e-con e-parent\" data-id=\"11b08f8\" data-element_type=\"container\" data-settings=\"{&quot;background_background&quot;:&quot;classic&quot;}\">\n\t\t\t\t\t<div class=\"e-con-inner\">\n\t\t\t\t\t<\/div>\n\t\t\t\t<\/div>\n\t\t<div class=\"elementor-element elementor-element-f4195aa e-con-full e-flex e-con e-parent\" data-id=\"f4195aa\" data-element_type=\"container\">\n\t\t\t\t<div class=\"elementor-element elementor-element-d366d9d elementor-widget elementor-widget-heading\" data-id=\"d366d9d\" data-element_type=\"widget\" data-widget_type=\"heading.default\">\n\t\t\t\t<div class=\"elementor-widget-container\">\n\t\t\t<style>\/*! elementor - v3.21.0 - 30-04-2024 *\/\n.elementor-heading-title{padding:0;margin:0;line-height:1}.elementor-widget-heading .elementor-heading-title[class*=elementor-size-]>a{color:inherit;font-size:inherit;line-height:inherit}.elementor-widget-heading .elementor-heading-title.elementor-size-small{font-size:15px}.elementor-widget-heading .elementor-heading-title.elementor-size-medium{font-size:19px}.elementor-widget-heading .elementor-heading-title.elementor-size-large{font-size:29px}.elementor-widget-heading .elementor-heading-title.elementor-size-xl{font-size:39px}.elementor-widget-heading .elementor-heading-title.elementor-size-xxl{font-size:59px}<\/style><h2 class=\"elementor-heading-title elementor-size-default\">FORFAITS SAISON<\/h2>\t\t<\/div>\n\t\t\t\t<\/div>\n\t\t\t\t<div class=\"elementor-element elementor-element-512d4fd elementor-widget elementor-widget-text-editor\" data-id=\"512d4fd\" data-element_type=\"widget\" data-widget_type=\"text-editor.default\">\n\t\t\t\t<div class=\"elementor-widget-container\">\n\t\t\t<style>\/*! elementor - v3.21.0 - 30-04-2024 *\/\n.elementor-widget-text-editor.elementor-drop-cap-view-stacked .elementor-drop-cap{background-color:#69727d;color:#fff}.elementor-widget-text-editor.elementor-drop-cap-view-framed .elementor-drop-cap{color:#69727d;border:3px solid;background-color:transparent}.elementor-widget-text-editor:not(.elementor-drop-cap-view-default) .elementor-drop-cap{margin-top:8px}.elementor-widget-text-editor:not(.elementor-drop-cap-view-default) .elementor-drop-cap-letter{width:1em;height:1em}.elementor-widget-text-editor .elementor-drop-cap{float:left;text-align:center;line-height:1;font-size:50px}.elementor-widget-text-editor .elementor-drop-cap-letter{display:inline-block}<\/style>\t\t\t\tL\u02bcAndorre propose deux types de forfaits saison pour le ski alpin et le snowboard. Ceux-ci permettent \u00e9galement d\u02bcutiliser\nles circuits de ski de montagne ou de raquettes de neige des stations.\t\t\t\t\t\t<\/div>\n\t\t\t\t<\/div>\n\t\t\t\t<\/div>\n\t\t<div class=\"elementor-element elementor-element-ca85d2d e-con-full e-flex e-con e-parent\" data-id=\"ca85d2d\" data-element_type=\"container\">\n\t\t<div class=\"elementor-element elementor-element-ee920ab e-con-full e-flex e-con e-child\" data-id=\"ee920ab\" data-element_type=\"container\">\n\t\t<div class=\"elementor-element elementor-element-0d4dcfb e-con-full e-flex e-con e-child\" data-id=\"0d4dcfb\" data-element_type=\"container\">\n\t\t\t\t<div class=\"elementor-element elementor-element-9f2c21e elementor-widget elementor-widget-text-editor\" data-id=\"9f2c21e\" data-element_type=\"widget\" data-widget_type=\"text-editor.default\">\n\t\t\t\t<div class=\"elementor-widget-container\">\n\t\t\t\t\t\t\t<p>Andorra Pass:<\/p>\t\t\t\t\t\t<\/div>\n\t\t\t\t<\/div>\n\t\t\t\t<div class=\"elementor-element elementor-element-c1af01e elementor-align-left elementor-icon-list--layout-traditional elementor-list-item-link-full_width elementor-widget elementor-widget-icon-list\" data-id=\"c1af01e\" data-element_type=\"widget\" data-widget_type=\"icon-list.default\">\n\t\t\t\t<div class=\"elementor-widget-container\">\n\t\t\t<link rel=\"stylesheet\" href=\"https:\/\/skiandorra.ad\/wp-content\/plugins\/elementor\/assets\/css\/widget-icon-list.min.css\">\t\t<ul class=\"elementor-icon-list-items\">\n\t\t\t\t\t\t\t<li class=\"elementor-icon-list-item\">\n\t\t\t\t\t\t\t\t\t\t\t<span class=\"elementor-icon-list-icon\">\n\t\t\t\t\t\t\t<i aria-hidden=\"true\" class=\"fas fa-circle\"><\/i>\t\t\t\t\t\t<\/span>\n\t\t\t\t\t\t\t\t\t\t<span class=\"elementor-icon-list-text\">Acc\u00e8s \u00e0 toutes les stations : Grandvalira, Pal Arinsal et Ordino Arcal\u00eds<\/span>\n\t\t\t\t\t\t\t\t\t<\/li>\n\t\t\t\t\t\t\t\t<li class=\"elementor-icon-list-item\">\n\t\t\t\t\t\t\t\t\t\t\t<span class=\"elementor-icon-list-icon\">\n\t\t\t\t\t\t\t<i aria-hidden=\"true\" class=\"fas fa-circle\"><\/i>\t\t\t\t\t\t<\/span>\n\t\t\t\t\t\t\t\t\t\t<span class=\"elementor-icon-list-text\">303 km skiables, 215 pistes et 123 remont\u00e9es m\u00e9caniques, tous les jours de la saison et sans limites.<\/span>\n\t\t\t\t\t\t\t\t\t<\/li>\n\t\t\t\t\t\t\t\t<li class=\"elementor-icon-list-item\">\n\t\t\t\t\t\t\t\t\t\t\t<span class=\"elementor-icon-list-icon\">\n\t\t\t\t\t\t\t<i aria-hidden=\"true\" class=\"fas fa-circle\"><\/i>\t\t\t\t\t\t<\/span>\n\t\t\t\t\t\t\t\t\t\t<span class=\"elementor-icon-list-text\">Avec le forfait saison Andorra Pass, possibilit\u00e9 \u00e9galement d\u02bcutiliser toutes les remont\u00e9es m\u00e9caniques ouvertes\npendant l\u02bc\u00e9t\u00e9 2026 et le Bike Park Pal Arinsal.<\/span>\n\t\t\t\t\t\t\t\t\t<\/li>\n\t\t\t\t\t\t<\/ul>\n\t\t\t\t<\/div>\n\t\t\t\t<\/div>\n\t\t\t\t<\/div>\n\t\t\t\t<\/div>\n\t\t\t\t<\/div>\n\t\t<div class=\"elementor-element elementor-element-b52b1f8 e-con-full e-flex e-con e-parent\" data-id=\"b52b1f8\" data-element_type=\"container\">\n\t\t<div class=\"elementor-element elementor-element-7b2f47d e-con-full e-flex e-con e-child\" data-id=\"7b2f47d\" data-element_type=\"container\">\n\t\t<div class=\"elementor-element elementor-element-070e321 e-con-full e-flex e-con e-child\" data-id=\"070e321\" data-element_type=\"container\">\n\t\t\t\t<div class=\"elementor-element elementor-element-b50bb76 elementor-widget elementor-widget-text-editor\" data-id=\"b50bb76\" data-element_type=\"widget\" data-widget_type=\"text-editor.default\">\n\t\t\t\t<div class=\"elementor-widget-container\">\n\t\t\t\t\t\t\t<p>Nord Pass:<\/p>\t\t\t\t\t\t<\/div>\n\t\t\t\t<\/div>\n\t\t\t\t<div class=\"elementor-element elementor-element-bd3cf5d elementor-align-left elementor-icon-list--layout-traditional elementor-list-item-link-full_width elementor-widget elementor-widget-icon-list\" data-id=\"bd3cf5d\" data-element_type=\"widget\" data-widget_type=\"icon-list.default\">\n\t\t\t\t<div class=\"elementor-widget-container\">\n\t\t\t\t\t<ul class=\"elementor-icon-list-items\">\n\t\t\t\t\t\t\t<li class=\"elementor-icon-list-item\">\n\t\t\t\t\t\t\t\t\t\t\t<span class=\"elementor-icon-list-icon\">\n\t\t\t\t\t\t\t<i aria-hidden=\"true\" class=\"fas fa-circle\"><\/i>\t\t\t\t\t\t<\/span>\n\t\t\t\t\t\t\t\t\t\t<span class=\"elementor-icon-list-text\">Acc\u00e8s aux stations Pal Arinsal et Ordino Arcal\u00eds.<\/span>\n\t\t\t\t\t\t\t\t\t<\/li>\n\t\t\t\t\t\t\t\t<li class=\"elementor-icon-list-item\">\n\t\t\t\t\t\t\t\t\t\t\t<span class=\"elementor-icon-list-icon\">\n\t\t\t\t\t\t\t<i aria-hidden=\"true\" class=\"fas fa-circle\"><\/i>\t\t\t\t\t\t<\/span>\n\t\t\t\t\t\t\t\t\t\t<span class=\"elementor-icon-list-text\">Plus de 90 kilom\u00e8tres de pistes, 75 pistes, 48 remont\u00e9es m\u00e9caniques, tous les jours de la saison et sans\nlimites.<\/span>\n\t\t\t\t\t\t\t\t\t<\/li>\n\t\t\t\t\t\t\t\t<li class=\"elementor-icon-list-item\">\n\t\t\t\t\t\t\t\t\t\t\t<span class=\"elementor-icon-list-icon\">\n\t\t\t\t\t\t\t<i aria-hidden=\"true\" class=\"fas fa-circle\"><\/i>\t\t\t\t\t\t<\/span>\n\t\t\t\t\t\t\t\t\t\t<span class=\"elementor-icon-list-text\">Ce forfait permet \u00e9galement d\u02bcutiliser les remont\u00e9es m\u00e9caniques ouvertes de Pal Arinsal et Ordino Arcal\u00eds,\npendant l\u02bc\u00e9t\u00e9 2026, ainsi que le Bike Park de Pal Arinsal. <\/span>\n\t\t\t\t\t\t\t\t\t<\/li>\n\t\t\t\t\t\t<\/ul>\n\t\t\t\t<\/div>\n\t\t\t\t<\/div>\n\t\t\t\t<\/div>\n\t\t\t\t<\/div>\n\t\t\t\t<\/div>\n\t\t<div class=\"elementor-element elementor-element-563a045 e-con-full e-flex e-con e-parent\" data-id=\"563a045\" data-element_type=\"container\">\n\t\t<div class=\"elementor-element elementor-element-fe4b437 e-con-full e-flex e-con e-child\" data-id=\"fe4b437\" data-element_type=\"container\">\n\t\t<div class=\"elementor-element elementor-element-7cc5854 e-con-full e-flex e-con e-child\" data-id=\"7cc5854\" data-element_type=\"container\">\n\t\t\t\t<div class=\"elementor-element elementor-element-d44cb19 elementor-widget elementor-widget-text-editor\" data-id=\"d44cb19\" data-element_type=\"widget\" data-widget_type=\"text-editor.default\">\n\t\t\t\t<div class=\"elementor-widget-container\">\n\t\t\t\t\t\t\t<p>Extrascolaires:<\/p>\t\t\t\t\t\t<\/div>\n\t\t\t\t<\/div>\n\t\t\t\t<div class=\"elementor-element elementor-element-8f56917 elementor-widget elementor-widget-text-editor\" data-id=\"8f56917\" data-element_type=\"widget\" data-widget_type=\"text-editor.default\">\n\t\t\t\t<div class=\"elementor-widget-container\">\n\t\t\t\t\t\t\t<p>Depuis plus de 40 ans, le gouvernement d'Andorre s'efforce de promouvoir le ski en tant qu'activit\u00e9 physique dans le cadre du programme \u00e9ducatif des \u00e9coles. D\u00e8s le d\u00e9but, les stations de ski ont collabor\u00e9 et soutenu ce projet en offrant des tarifs sp\u00e9ciaux sur les forfaits de ski afin de faire d\u00e9couvrir ce sport aux enfants et aux jeunes du pays.<\/p><p><span style=\"font-weight: 400;\">Il existe trois types de forfaits saisonniers subventionn\u00e9s par le Gouvernement d\u02bcAndorre:<\/span><\/p>\t\t\t\t\t\t<\/div>\n\t\t\t\t<\/div>\n\t\t\t\t<div class=\"elementor-element elementor-element-318938e elementor-align-left elementor-icon-list--layout-traditional elementor-list-item-link-full_width elementor-widget elementor-widget-icon-list\" data-id=\"318938e\" data-element_type=\"widget\" data-widget_type=\"icon-list.default\">\n\t\t\t\t<div class=\"elementor-widget-container\">\n\t\t\t\t\t<ul class=\"elementor-icon-list-items\">\n\t\t\t\t\t\t\t<li class=\"elementor-icon-list-item\">\n\t\t\t\t\t\t\t\t\t\t\t<span class=\"elementor-icon-list-icon\">\n\t\t\t\t\t\t\t<i aria-hidden=\"true\" class=\"fas fa-circle\"><\/i>\t\t\t\t\t\t<\/span>\n\t\t\t\t\t\t\t\t\t\t<span class=\"elementor-icon-list-text\"><span style=\"color: #76AEE1;\">Extrascolaires:<\/span> destin\u00e9 aux enfants scolaris\u00e9s de moins de 20 ans.<\/span>\n\t\t\t\t\t\t\t\t\t<\/li>\n\t\t\t\t\t\t\t\t<li class=\"elementor-icon-list-item\">\n\t\t\t\t\t\t\t\t\t\t\t<span class=\"elementor-icon-list-icon\">\n\t\t\t\t\t\t\t<i aria-hidden=\"true\" class=\"fas fa-circle\"><\/i>\t\t\t\t\t\t<\/span>\n\t\t\t\t\t\t\t\t\t\t<span class=\"elementor-icon-list-text\"><span style=\"color: #76AEE1;\">Universitaires:<\/span> destin\u00e9 aux \u00e9tudiants universitaires de moins de 25 ans.<\/span>\n\t\t\t\t\t\t\t\t\t<\/li>\n\t\t\t\t\t\t\t\t<li class=\"elementor-icon-list-item\">\n\t\t\t\t\t\t\t\t\t\t\t<span class=\"elementor-icon-list-icon\">\n\t\t\t\t\t\t\t<i aria-hidden=\"true\" class=\"fas fa-circle\"><\/i>\t\t\t\t\t\t<\/span>\n\t\t\t\t\t\t\t\t\t\t<span class=\"elementor-icon-list-text\"><span style=\"color: #76AEE1;\">Accompagnateurs:<\/span> destin\u00e9 aux adultes d\u00e9sign\u00e9s par la direction des \u00e9tablissements scolaires qui assurent\nla mission d\u02bcaccompagnement du ski scolaire. <\/span>\n\t\t\t\t\t\t\t\t\t<\/li>\n\t\t\t\t\t\t\t\t<li class=\"elementor-icon-list-item\">\n\t\t\t\t\t\t\t\t\t\t\t<a href=\"https:\/\/skiandorra.ad\/wp-content\/uploads\/2025\/10\/GVR_FORFET_EXTRAESCOLAR_25-26-1.pdf\" target=\"_blank\">\n\n\t\t\t\t\t\t\t\t\t\t\t\t<span class=\"elementor-icon-list-icon\">\n\t\t\t\t\t\t\t<i aria-hidden=\"true\" class=\"fas fa-circle\"><\/i>\t\t\t\t\t\t<\/span>\n\t\t\t\t\t\t\t\t\t\t<span class=\"elementor-icon-list-text\"><span style=\"color: #76AEE1;\">Plus d\u2019informations<\/span><\/span>\n\t\t\t\t\t\t\t\t\t\t\t<\/a>\n\t\t\t\t\t\t\t\t\t<\/li>\n\t\t\t\t\t\t<\/ul>\n\t\t\t\t<\/div>\n\t\t\t\t<\/div>\n\t\t\t\t<\/div>\n\t\t\t\t<\/div>\n\t\t\t\t<\/div>\n\t\t<div class=\"elementor-element elementor-element-a40d183 e-con-full e-flex e-con e-parent\" data-id=\"a40d183\" data-element_type=\"container\">\n\t\t<div class=\"elementor-element elementor-element-601b02a e-con-full e-flex e-con e-child\" data-id=\"601b02a\" data-element_type=\"container\">\n\t\t<div class=\"elementor-element elementor-element-df99682 e-con-full e-flex e-con e-child\" data-id=\"df99682\" data-element_type=\"container\">\n\t\t\t\t<div class=\"elementor-element elementor-element-a93b1dc elementor-widget elementor-widget-text-editor\" data-id=\"a93b1dc\" data-element_type=\"widget\" data-widget_type=\"text-editor.default\">\n\t\t\t\t<div class=\"elementor-widget-container\">\n\t\t\t\t\t\t\t<p>Mountain Pass:<\/p>\t\t\t\t\t\t<\/div>\n\t\t\t\t<\/div>\n\t\t\t\t<div class=\"elementor-element elementor-element-d93ea7d elementor-widget elementor-widget-text-editor\" data-id=\"d93ea7d\" data-element_type=\"widget\" data-widget_type=\"text-editor.default\">\n\t\t\t\t<div class=\"elementor-widget-container\">\n\t\t\t\t\t\t\tPour les amateurs de ski de montagne et\/ou de raquettes de neige dans les stations de montagne, un forfait\nde ski sp\u00e9cifique a \u00e9t\u00e9 cr\u00e9\u00e9 qui comprend les avantages suivants:\n\t\t\t\t\t\t<\/div>\n\t\t\t\t<\/div>\n\t\t\t\t<div class=\"elementor-element elementor-element-879138a elementor-align-left elementor-icon-list--layout-traditional elementor-list-item-link-full_width elementor-widget elementor-widget-icon-list\" data-id=\"879138a\" data-element_type=\"widget\" data-widget_type=\"icon-list.default\">\n\t\t\t\t<div class=\"elementor-widget-container\">\n\t\t\t\t\t<ul class=\"elementor-icon-list-items\">\n\t\t\t\t\t\t\t<li class=\"elementor-icon-list-item\">\n\t\t\t\t\t\t\t\t\t\t\t<span class=\"elementor-icon-list-icon\">\n\t\t\t\t\t\t\t<i aria-hidden=\"true\" class=\"fas fa-circle\"><\/i>\t\t\t\t\t\t<\/span>\n\t\t\t\t\t\t\t\t\t\t<span class=\"elementor-icon-list-text\">Il permet la pratique du ski de montagne et des raquettes sur des circuits am\u00e9nag\u00e9s et l\u02bcutilisation des\nremont\u00e9es m\u00e9caniques d\u00e9sign\u00e9es par les stations de Grandvalira, Pal Arinsal, Ordino Arcal\u00eds.<\/span>\n\t\t\t\t\t\t\t\t\t<\/li>\n\t\t\t\t\t\t\t\t<li class=\"elementor-icon-list-item\">\n\t\t\t\t\t\t\t\t\t\t\t<span class=\"elementor-icon-list-icon\">\n\t\t\t\t\t\t\t<i aria-hidden=\"true\" class=\"fas fa-circle\"><\/i>\t\t\t\t\t\t<\/span>\n\t\t\t\t\t\t\t\t\t\t<span class=\"elementor-icon-list-text\">Le forfait de ski est \u00e9galement valable sur les circuits de ski de montagne de Naturland.<\/span>\n\t\t\t\t\t\t\t\t\t<\/li>\n\t\t\t\t\t\t\t\t<li class=\"elementor-icon-list-item\">\n\t\t\t\t\t\t\t\t\t\t\t<span class=\"elementor-icon-list-icon\">\n\t\t\t\t\t\t\t<i aria-hidden=\"true\" class=\"fas fa-circle\"><\/i>\t\t\t\t\t\t<\/span>\n\t\t\t\t\t\t\t\t\t\t<span class=\"elementor-icon-list-text\">V\u00e0lid a l\u2019estiu 2026 amb acc\u00e9s tamb\u00e9 als remuntadors operatius de les estacions durant els mesos d\u2019estiu.<\/span>\n\t\t\t\t\t\t\t\t\t<\/li>\n\t\t\t\t\t\t<\/ul>\n\t\t\t\t<\/div>\n\t\t\t\t<\/div>\n\t\t\t\t<\/div>\n\t\t\t\t<\/div>\n\t\t\t\t<\/div>\n\t\t<div class=\"elementor-element elementor-element-77396da e-con-full e-flex e-con e-parent\" data-id=\"77396da\" data-element_type=\"container\">\n\t\t<div class=\"elementor-element elementor-element-c7a7614 e-con-full e-flex e-con e-child\" data-id=\"c7a7614\" data-element_type=\"container\">\n\t\t<div class=\"elementor-element elementor-element-2e17ebd e-con-full e-flex e-con e-child\" data-id=\"2e17ebd\" data-element_type=\"container\">\n\t\t\t\t<div class=\"elementor-element elementor-element-8434d4e elementor-widget elementor-widget-text-editor\" data-id=\"8434d4e\" data-element_type=\"widget\" data-widget_type=\"text-editor.default\">\n\t\t\t\t<div class=\"elementor-widget-container\">\n\t\t\t\t\t\t\t<p>Bike pass:<\/p>\t\t\t\t\t\t<\/div>\n\t\t\t\t<\/div>\n\t\t\t\t<div class=\"elementor-element elementor-element-60e4037 elementor-widget elementor-widget-text-editor\" data-id=\"60e4037\" data-element_type=\"widget\" data-widget_type=\"text-editor.default\">\n\t\t\t\t<div class=\"elementor-widget-container\">\n\t\t\t\t\t\t\tIl s\u02bcagit d\u02bcun forfait de ski exclusif destin\u00e9 aux \u00ab riders \u00bb pour acc\u00e9der durant les mois d\u02bcouverture de l\u02bc\u00e9t\u00e9 \u00e0 l'un des meilleurs Bike Park d'Europe.\n\t\t\t\t\t\t<\/div>\n\t\t\t\t<\/div>\n\t\t\t\t<div class=\"elementor-element elementor-element-a90fb92 elementor-align-left elementor-icon-list--layout-traditional elementor-list-item-link-full_width elementor-widget elementor-widget-icon-list\" data-id=\"a90fb92\" data-element_type=\"widget\" data-widget_type=\"icon-list.default\">\n\t\t\t\t<div class=\"elementor-widget-container\">\n\t\t\t\t\t<ul class=\"elementor-icon-list-items\">\n\t\t\t\t\t\t\t<li class=\"elementor-icon-list-item\">\n\t\t\t\t\t\t\t\t\t\t\t<span class=\"elementor-icon-list-icon\">\n\t\t\t\t\t\t\t<i aria-hidden=\"true\" class=\"fas fa-circle\"><\/i>\t\t\t\t\t\t<\/span>\n\t\t\t\t\t\t\t\t\t\t<span class=\"elementor-icon-list-text\">Forfait saison \u00e9t\u00e9 pour acc\u00e9der au Bike Park de Pal Arinsal, avec 60 km de circuits et 1000 m de d\u00e9nivel\u00e9\nde diff\u00e9rents niveaux de difficult\u00e9. <\/span>\n\t\t\t\t\t\t\t\t\t<\/li>\n\t\t\t\t\t\t<\/ul>\n\t\t\t\t<\/div>\n\t\t\t\t<\/div>\n\t\t\t\t<\/div>\n\t\t\t\t<\/div>\n\t\t\t\t<\/div>\n\t\t<div class=\"elementor-element elementor-element-4890592 e-con-full e-flex e-con e-parent\" data-id=\"4890592\" data-element_type=\"container\">\n\t\t\t\t<div class=\"elementor-element elementor-element-bd7d33e elementor-widget elementor-widget-text-editor\" data-id=\"bd7d33e\" data-element_type=\"widget\" data-widget_type=\"text-editor.default\">\n\t\t\t\t<div class=\"elementor-widget-container\">\n\t\t\t\t\t\t\t<p>Pour plus d\u02bcinformations:<\/p>\t\t\t\t\t\t<\/div>\n\t\t\t\t<\/div>\n\t\t\t\t<\/div>\n\t\t<div class=\"elementor-element elementor-element-7beb923 e-flex e-con-boxed e-con e-parent\" data-id=\"7beb923\" data-element_type=\"container\">\n\t\t\t\t\t<div class=\"e-con-inner\">\n\t\t\t\t<div class=\"elementor-element elementor-element-2313e5a Boton-estaciones elementor-widget elementor-widget-button\" data-id=\"2313e5a\" data-element_type=\"widget\" data-widget_type=\"button.default\">\n\t\t\t\t<div class=\"elementor-widget-container\">\n\t\t\t\t\t<div class=\"elementor-button-wrapper\">\n\t\t\t<a class=\"elementor-button elementor-button-link elementor-size-sm\" href=\"https:\/\/www.grandvalira.com\/fr\/forfait\/saison\" target=\"_blank\">\n\t\t\t\t\t\t<span class=\"elementor-button-content-wrapper\">\n\t\t\t\t\t\t\t\t\t<span class=\"elementor-button-text\">Grandvalira<\/span>\n\t\t\t\t\t<\/span>\n\t\t\t\t\t<\/a>\n\t\t<\/div>\n\t\t\t\t<\/div>\n\t\t\t\t<\/div>\n\t\t\t\t<div class=\"elementor-element elementor-element-49a7753 Boton-estaciones elementor-widget elementor-widget-button\" data-id=\"49a7753\" data-element_type=\"widget\" data-widget_type=\"button.default\">\n\t\t\t\t<div class=\"elementor-widget-container\">\n\t\t\t\t\t<div class=\"elementor-button-wrapper\">\n\t\t\t<a class=\"elementor-button elementor-button-link elementor-size-sm\" href=\"https:\/\/www.ordinoarcalis.com\/fr\/forfait\/saison\/vallnord\" target=\"_blank\">\n\t\t\t\t\t\t<span class=\"elementor-button-content-wrapper\">\n\t\t\t\t\t\t\t\t\t<span class=\"elementor-button-text\">Ordino Arcal\u00eds<\/span>\n\t\t\t\t\t<\/span>\n\t\t\t\t\t<\/a>\n\t\t<\/div>\n\t\t\t\t<\/div>\n\t\t\t\t<\/div>\n\t\t\t\t<div class=\"elementor-element elementor-element-f5119f7 Boton-estaciones elementor-widget elementor-widget-button\" data-id=\"f5119f7\" data-element_type=\"widget\" data-widget_type=\"button.default\">\n\t\t\t\t<div class=\"elementor-widget-container\">\n\t\t\t\t\t<div class=\"elementor-button-wrapper\">\n\t\t\t<a class=\"elementor-button elementor-button-link elementor-size-sm\" href=\"https:\/\/www.palarinsal.com\/fr\/forfait\/saison\" target=\"_blank\">\n\t\t\t\t\t\t<span class=\"elementor-button-content-wrapper\">\n\t\t\t\t\t\t\t\t\t<span class=\"elementor-button-text\">Pal Arinsal<\/span>\n\t\t\t\t\t<\/span>\n\t\t\t\t\t<\/a>\n\t\t<\/div>\n\t\t\t\t<\/div>\n\t\t\t\t<\/div>\n\t\t\t\t\t<\/div>\n\t\t\t\t<\/div>\n\t\t\t\t<\/div>","protected":false},"excerpt":{"rendered":"<p>ForfetS de temporada Andorra ofereix dos tipus de forfets de temporada per la pr\u00e0ctica de l\u2019esqu\u00ed alp\u00ed i snowboard. Aquests tamb\u00e9 permeten l\u2019\u00fas dels circuits d\u2019esqu\u00ed de muntanya o raquetes de neu de les estacions. Andorra Pass: Acc\u00e9s a totes les estacions: Grandvalira, Pal Arinsal i Ordino Arcal\u00eds 303 km esquiables, 215 pistes i 123 [&hellip;]<\/p>","protected":false},"author":1,"featured_media":0,"parent":0,"menu_order":0,"comment_status":"closed","ping_status":"closed","template":"","meta":{"inline_featured_image":false,"footnotes":""},"class_list":["post-827","page","type-page","status-publish","hentry"],"_links":{"self":[{"href":"https:\/\/skiandorra.ad\/fr\/wp-json\/wp\/v2\/pages\/827","targetHints":{"allow":["GET"]}}],"collection":[{"href":"https:\/\/skiandorra.ad\/fr\/wp-json\/wp\/v2\/pages"}],"about":[{"href":"https:\/\/skiandorra.ad\/fr\/wp-json\/wp\/v2\/types\/page"}],"author":[{"embeddable":true,"href":"https:\/\/skiandorra.ad\/fr\/wp-json\/wp\/v2\/users\/1"}],"replies":[{"embeddable":true,"href":"https:\/\/skiandorra.ad\/fr\/wp-json\/wp\/v2\/comments?post=827"}],"version-history":[{"count":109,"href":"https:\/\/skiandorra.ad\/fr\/wp-json\/wp\/v2\/pages\/827\/revisions"}],"predecessor-version":[{"id":6052,"href":"https:\/\/skiandorra.ad\/fr\/wp-json\/wp\/v2\/pages\/827\/revisions\/6052"}],"wp:attachment":[{"href":"https:\/\/skiandorra.ad\/fr\/wp-json\/wp\/v2\/media?parent=827"}],"curies":[{"name":"wp","href":"https:\/\/api.w.org\/{rel}","templated":true}]}}